{"id":7700,"date":"2025-08-12T09:39:33","date_gmt":"2025-08-12T07:39:33","guid":{"rendered":"https:\/\/erfi-staging.seiten.co\/about-erfi\/honors\/german-design-award-2014-2\/"},"modified":"2025-08-12T11:33:47","modified_gmt":"2025-08-12T09:33:47","slug":"german-design-award-2014-2","status":"publish","type":"page","link":"https:\/\/www.erfi.de\/en\/about-erfi\/honors\/german-design-award-2014-2\/","title":{"rendered":"German Design Award 2014"},"content":{"rendered":"\n\n\t<section id=\"hero-title-text-2col-btn-block_04e9ef454736712ca0cbf549932069be\" class=\"hero-title-text-2col-btn  hero-title-text-2col-btn\" data-uniqid=\"69e617b213560\">\n\t\t<div class=\"container\">\n\t\t\t<div class=\"hero-title-text-2col-btn__wrap padding-hor\">\n\t\t\t\t<div class=\"hero-title-text-2col-btn__content\">\n\t\t\t\t\t<div class=\"page-breadcrumbs\"><span><span><a href=\"https:\/\/www.erfi.de\/en\/\"><svg width=\"16\" height=\"17\" viewBox=\"0 0 16 17\" fill=\"none\" xmlns=\"http:\/\/www.w3.org\/2000\/svg\">\n            <path d=\"M6.71318 2.38L2.09318 6.08C1.57318 6.49333 1.23985 7.36666 1.35318 8.02L2.23985 13.3267C2.39985 14.2733 3.30652 15.04 4.26652 15.04H11.7332C12.6865 15.04 13.5999 14.2667 13.7599 13.3267L14.6465 8.02C14.7532 7.36666 14.4199 6.49333 13.9065 6.08L9.28652 2.38666C8.57318 1.81333 7.41985 1.81333 6.71318 2.38Z\" fill=\"#95C11F\" stroke=\"#95C11F\" stroke-width=\"1.5\" stroke-linecap=\"round\" stroke-linejoin=\"round\"\/>\n            <path d=\"M8 12.5V10.5\" stroke=\"white\" stroke-width=\"1.5\" stroke-linecap=\"round\" stroke-linejoin=\"round\"\/>\n        <\/svg>Home<\/a><\/span><\/span><\/div>\n\t\t\t\t\t\n\t\t\t\t\t\t\t\t\t\t\t<div class=\"hero-title-text-2col-btn__content__wrap\">\n\t\t\t\t\t\t\t<div class=\"hero-title-text-2col-btn__left\">\n\t\t\t\t\t\t\t\t\t\t\t\t\t\t\t\t\t<div class=\"headline_default headline_h1\">\n\t\t\t\t\t\t\t\t\t\t<h1>German Design Award 2014<\/h1>\n\t\t\t\t\t\t\t\t\t<\/div>\n\t\t\t\t\t\t\t\t\t\t\t\t\t\t\t\t\n\t\t\t\t\t\t\t<\/div>\n\t\t\t\t\t\t\t<div class=\"hero-title-text-2col-btn__right\">\n\t\t\t\t\t\t\t\t\t\t\t\t\t\t\t\t\t\t\t\t\t\t\t<\/div>\n\t\t\t\t\t\t<\/div>\n\t\t\t\t\t\t\t\t\t<\/div>\n\t\t\t<\/div>\n\t\t<\/div>\n\t<\/section>\n\n\n\n\t<section id=\"text-multicontent-70-30-block_d8384aecfeb73a8baba5cd98fa19b87c\" class=\"text-multicontent-70-30 margin-vert\" data-uniqid=\"69e617b21d126\">\n\t\t<div class=\"container\">\n\t\t\t<div class=\"text-multicontent-70-30__grid \">\n\t\t\t\t<div class=\"text-multicontent-70-30__left\">\n                                            <div class=\"subheadline_default\">GERMAN DESIGN AWARD 2014<\/div>\n                                        <div class=\"text-multicontent-70-30__left__image\">\n                    <svg width=\"324\" height=\"436\" viewBox=\"0 0 324 436\" fill=\"none\" xmlns=\"http:\/\/www.w3.org\/2000\/svg\">\n                        <g clip-path=\"url(#clip0_503_3117)\">\n                        <rect width=\"100\" height=\"100\" rx=\"50\" fill=\"#F0F1ED\"\/>\n                        <\/g>\n                        <g clip-path=\"url(#clip1_503_3117)\">\n                        <rect y=\"112\" width=\"100\" height=\"100\" rx=\"50\" fill=\"#E2E6D8\"\/>\n                        <\/g>\n                        <g clip-path=\"url(#clip2_503_3117)\">\n                        <rect x=\"112\" y=\"224\" width=\"100\" height=\"100\" rx=\"50\" fill=\"#95C11F\"\/>\n                        <\/g>\n                        <g clip-path=\"url(#clip3_503_3117)\">\n                        <rect x=\"112\" y=\"336\" width=\"100\" height=\"100\" rx=\"50\" fill=\"#E2E6D8\"\/>\n                        <\/g>\n                        <g clip-path=\"url(#clip4_503_3117)\">\n                        <rect x=\"224\" width=\"100\" height=\"100\" rx=\"50\" fill=\"#E2E6D8\"\/>\n                        <\/g>\n                        <g clip-path=\"url(#clip5_503_3117)\">\n                        <rect x=\"224\" y=\"112\" width=\"100\" height=\"100\" rx=\"50\" fill=\"#E2E6D8\"\/>\n                        <\/g>\n                        <g clip-path=\"url(#clip6_503_3117)\">\n                        <rect x=\"224\" y=\"224\" width=\"100\" height=\"100\" rx=\"50\" fill=\"#E2E6D8\"\/>\n                        <\/g>\n                        <g clip-path=\"url(#clip7_503_3117)\">\n                        <rect x=\"224\" y=\"336\" width=\"100\" height=\"100\" rx=\"50\" fill=\"#95C11F\"\/>\n                        <\/g>\n                        <defs>\n                        <clipPath id=\"clip0_503_3117\">\n                        <rect width=\"100\" height=\"100\" rx=\"50\" fill=\"white\"\/>\n                        <\/clipPath>\n                        <clipPath id=\"clip1_503_3117\">\n                        <rect y=\"112\" width=\"100\" height=\"100\" rx=\"50\" fill=\"white\"\/>\n                        <\/clipPath>\n                        <clipPath id=\"clip2_503_3117\">\n                        <rect x=\"112\" y=\"224\" width=\"100\" height=\"100\" rx=\"50\" fill=\"white\"\/>\n                        <\/clipPath>\n                        <clipPath id=\"clip3_503_3117\">\n                        <rect x=\"112\" y=\"336\" width=\"100\" height=\"100\" rx=\"50\" fill=\"white\"\/>\n                        <\/clipPath>\n                        <clipPath id=\"clip4_503_3117\">\n                        <rect x=\"224\" width=\"100\" height=\"100\" rx=\"50\" fill=\"white\"\/>\n                        <\/clipPath>\n                        <clipPath id=\"clip5_503_3117\">\n                        <rect x=\"224\" y=\"112\" width=\"100\" height=\"100\" rx=\"50\" fill=\"white\"\/>\n                        <\/clipPath>\n                        <clipPath id=\"clip6_503_3117\">\n                        <rect x=\"224\" y=\"224\" width=\"100\" height=\"100\" rx=\"50\" fill=\"white\"\/>\n                        <\/clipPath>\n                        <clipPath id=\"clip7_503_3117\">\n                        <rect x=\"224\" y=\"336\" width=\"100\" height=\"100\" rx=\"50\" fill=\"white\"\/>\n                        <\/clipPath>\n                        <\/defs>\n                    <\/svg>\n\n                    <\/div>\n                <\/div> \n                <div class=\"text-multicontent-70-30__right\">\n                                        <div class=\"text-multicontent-70-30__multicontent\">\n                                                                                                                        <div class=\"text_default\">\n                                        <p>elneos connect was honored with the German Design Award for its structural flexibility and extreme lightness. The modular profile system, together with the connector, enables optimal media routing. This, among other things, makes the erfi bridge possible. The erfi bridge is a continuous table crossover equipped with devices and technical details, which would not be feasible without this profile system and the connector. <\/p>\n<p>The RBG LED task lighting, which can be adjusted in terms of brightness, light color and inclination, is equipped with sensor-based and therefore intuitive operation. The indication light shows the status of the desk in its various technical working states. The jury says &#8211; elneos connect, a formally clear product with beautiful details.  <\/p>\n                                    <\/div>\n                                                                                                        <\/div>\n                                    <\/div>\n\t\t\t<\/div>\n\t\t<\/div>\n\t<\/section>\n\n","protected":false},"excerpt":{"rendered":"","protected":false},"author":2,"featured_media":0,"parent":6319,"menu_order":53,"comment_status":"closed","ping_status":"closed","template":"","meta":{"_acf_changed":false,"_processed":"false","footnotes":""},"class_list":["post-7700","page","type-page","status-publish","hentry"],"acf":[],"yoast_head":"<!-- This site is optimized with the Yoast SEO plugin v25.8 - https:\/\/yoast.com\/wordpress\/plugins\/seo\/ -->\n<title>reddot Design Award 2013<\/title>\n<meta name=\"description\" content=\"erfi&#039;s innovative strength impressed the 37-member expert jury of the red dot award: product design 2013.\" \/>\n<meta name=\"robots\" content=\"index, follow, max-snippet:-1, max-image-preview:large, max-video-preview:-1\" \/>\n<link rel=\"canonical\" href=\"https:\/\/www.erfi.de\/en\/about-erfi\/honors\/german-design-award-2014-2\/\" \/>\n<meta property=\"og:locale\" content=\"en_US\" \/>\n<meta property=\"og:type\" content=\"article\" \/>\n<meta property=\"og:title\" content=\"reddot Design Award 2013\" \/>\n<meta property=\"og:description\" content=\"erfi&#039;s innovative strength impressed the 37-member expert jury of the red dot award: product design 2013.\" \/>\n<meta property=\"og:url\" content=\"https:\/\/www.erfi.de\/en\/about-erfi\/honors\/german-design-award-2014-2\/\" \/>\n<meta property=\"og:site_name\" content=\"erfi\" \/>\n<meta property=\"article:modified_time\" content=\"2025-08-12T09:33:47+00:00\" \/>\n<meta property=\"og:image\" content=\"https:\/\/www.erfi.de\/wp-content\/uploads\/2025\/05\/og-image.png\" \/>\n\t<meta property=\"og:image:width\" content=\"1316\" \/>\n\t<meta property=\"og:image:height\" content=\"779\" \/>\n\t<meta property=\"og:image:type\" content=\"image\/png\" \/>\n<meta name=\"twitter:card\" content=\"summary_large_image\" \/>\n<script type=\"application\/ld+json\" class=\"yoast-schema-graph\">{\"@context\":\"https:\/\/schema.org\",\"@graph\":[{\"@type\":\"WebPage\",\"@id\":\"https:\/\/www.erfi.de\/en\/about-erfi\/honors\/german-design-award-2014-2\/\",\"url\":\"https:\/\/www.erfi.de\/en\/about-erfi\/honors\/german-design-award-2014-2\/\",\"name\":\"reddot Design Award 2013\",\"isPartOf\":{\"@id\":\"https:\/\/www.erfi.de\/en\/#website\"},\"datePublished\":\"2025-08-12T07:39:33+00:00\",\"dateModified\":\"2025-08-12T09:33:47+00:00\",\"description\":\"erfi's innovative strength impressed the 37-member expert jury of the red dot award: product design 2013.\",\"breadcrumb\":{\"@id\":\"https:\/\/www.erfi.de\/en\/about-erfi\/honors\/german-design-award-2014-2\/#breadcrumb\"},\"inLanguage\":\"en-US\",\"potentialAction\":[{\"@type\":\"ReadAction\",\"target\":[\"https:\/\/www.erfi.de\/en\/about-erfi\/honors\/german-design-award-2014-2\/\"]}]},{\"@type\":\"BreadcrumbList\",\"@id\":\"https:\/\/www.erfi.de\/en\/about-erfi\/honors\/german-design-award-2014-2\/#breadcrumb\",\"itemListElement\":[{\"@type\":\"ListItem\",\"position\":1,\"name\":\"Home\",\"item\":\"https:\/\/www.erfi.de\/en\/\"},{\"@type\":\"ListItem\",\"position\":2,\"name\":\"about erfi\",\"item\":\"https:\/\/www.erfi.de\/en\/about-erfi\/\"},{\"@type\":\"ListItem\",\"position\":3,\"name\":\"Honors\",\"item\":\"https:\/\/www.erfi.de\/en\/about-erfi\/honors\/\"},{\"@type\":\"ListItem\",\"position\":4,\"name\":\"German Design Award 2014\"}]},{\"@type\":\"WebSite\",\"@id\":\"https:\/\/www.erfi.de\/en\/#website\",\"url\":\"https:\/\/www.erfi.de\/en\/\",\"name\":\"Effiziente Komplettl\u00f6sungen f\u00fcr Ihr Labor \u00bb\",\"description\":\"Innovative Arbeitsplatzsysteme, Lehrsysteme, Mess- und Pr\u00fcfger\u00e4te f\u00fcr Labor, Industrie und B\u00fcro. \u00dcberzeugen Sie sich von unserer Kompetenz!\",\"alternateName\":\"Innovative Arbeitsplatzsysteme, Lehrsysteme, Mess- und Pr\u00fcfger\u00e4te f\u00fcr Labor, Industrie und B\u00fcro. \u00dcberzeugen Sie sich von unserer Kompetenz!\",\"potentialAction\":[{\"@type\":\"SearchAction\",\"target\":{\"@type\":\"EntryPoint\",\"urlTemplate\":\"https:\/\/www.erfi.de\/en\/?s={search_term_string}\"},\"query-input\":{\"@type\":\"PropertyValueSpecification\",\"valueRequired\":true,\"valueName\":\"search_term_string\"}}],\"inLanguage\":\"en-US\"}]}<\/script>\n<!-- \/ Yoast SEO plugin. -->","yoast_head_json":{"title":"reddot Design Award 2013","description":"erfi's innovative strength impressed the 37-member expert jury of the red dot award: product design 2013.","robots":{"index":"index","follow":"follow","max-snippet":"max-snippet:-1","max-image-preview":"max-image-preview:large","max-video-preview":"max-video-preview:-1"},"canonical":"https:\/\/www.erfi.de\/en\/about-erfi\/honors\/german-design-award-2014-2\/","og_locale":"en_US","og_type":"article","og_title":"reddot Design Award 2013","og_description":"erfi's innovative strength impressed the 37-member expert jury of the red dot award: product design 2013.","og_url":"https:\/\/www.erfi.de\/en\/about-erfi\/honors\/german-design-award-2014-2\/","og_site_name":"erfi","article_modified_time":"2025-08-12T09:33:47+00:00","og_image":[{"width":1316,"height":779,"url":"https:\/\/www.erfi.de\/wp-content\/uploads\/2025\/05\/og-image.png","type":"image\/png"}],"twitter_card":"summary_large_image","schema":{"@context":"https:\/\/schema.org","@graph":[{"@type":"WebPage","@id":"https:\/\/www.erfi.de\/en\/about-erfi\/honors\/german-design-award-2014-2\/","url":"https:\/\/www.erfi.de\/en\/about-erfi\/honors\/german-design-award-2014-2\/","name":"reddot Design Award 2013","isPartOf":{"@id":"https:\/\/www.erfi.de\/en\/#website"},"datePublished":"2025-08-12T07:39:33+00:00","dateModified":"2025-08-12T09:33:47+00:00","description":"erfi's innovative strength impressed the 37-member expert jury of the red dot award: product design 2013.","breadcrumb":{"@id":"https:\/\/www.erfi.de\/en\/about-erfi\/honors\/german-design-award-2014-2\/#breadcrumb"},"inLanguage":"en-US","potentialAction":[{"@type":"ReadAction","target":["https:\/\/www.erfi.de\/en\/about-erfi\/honors\/german-design-award-2014-2\/"]}]},{"@type":"BreadcrumbList","@id":"https:\/\/www.erfi.de\/en\/about-erfi\/honors\/german-design-award-2014-2\/#breadcrumb","itemListElement":[{"@type":"ListItem","position":1,"name":"Home","item":"https:\/\/www.erfi.de\/en\/"},{"@type":"ListItem","position":2,"name":"about erfi","item":"https:\/\/www.erfi.de\/en\/about-erfi\/"},{"@type":"ListItem","position":3,"name":"Honors","item":"https:\/\/www.erfi.de\/en\/about-erfi\/honors\/"},{"@type":"ListItem","position":4,"name":"German Design Award 2014"}]},{"@type":"WebSite","@id":"https:\/\/www.erfi.de\/en\/#website","url":"https:\/\/www.erfi.de\/en\/","name":"Effiziente Komplettl\u00f6sungen f\u00fcr Ihr Labor \u00bb","description":"Innovative Arbeitsplatzsysteme, Lehrsysteme, Mess- und Pr\u00fcfger\u00e4te f\u00fcr Labor, Industrie und B\u00fcro. \u00dcberzeugen Sie sich von unserer Kompetenz!","alternateName":"Innovative Arbeitsplatzsysteme, Lehrsysteme, Mess- und Pr\u00fcfger\u00e4te f\u00fcr Labor, Industrie und B\u00fcro. \u00dcberzeugen Sie sich von unserer Kompetenz!","potentialAction":[{"@type":"SearchAction","target":{"@type":"EntryPoint","urlTemplate":"https:\/\/www.erfi.de\/en\/?s={search_term_string}"},"query-input":{"@type":"PropertyValueSpecification","valueRequired":true,"valueName":"search_term_string"}}],"inLanguage":"en-US"}]}},"_links":{"self":[{"href":"https:\/\/www.erfi.de\/en\/wp-json\/wp\/v2\/pages\/7700","targetHints":{"allow":["GET"]}}],"collection":[{"href":"https:\/\/www.erfi.de\/en\/wp-json\/wp\/v2\/pages"}],"about":[{"href":"https:\/\/www.erfi.de\/en\/wp-json\/wp\/v2\/types\/page"}],"author":[{"embeddable":true,"href":"https:\/\/www.erfi.de\/en\/wp-json\/wp\/v2\/users\/2"}],"replies":[{"embeddable":true,"href":"https:\/\/www.erfi.de\/en\/wp-json\/wp\/v2\/comments?post=7700"}],"version-history":[{"count":1,"href":"https:\/\/www.erfi.de\/en\/wp-json\/wp\/v2\/pages\/7700\/revisions"}],"predecessor-version":[{"id":7701,"href":"https:\/\/www.erfi.de\/en\/wp-json\/wp\/v2\/pages\/7700\/revisions\/7701"}],"up":[{"embeddable":true,"href":"https:\/\/www.erfi.de\/en\/wp-json\/wp\/v2\/pages\/6319"}],"wp:attachment":[{"href":"https:\/\/www.erfi.de\/en\/wp-json\/wp\/v2\/media?parent=7700"}],"curies":[{"name":"wp","href":"https:\/\/api.w.org\/{rel}","templated":true}]}}