{"id":7698,"date":"2025-08-12T10:55:13","date_gmt":"2025-08-12T08:55:13","guid":{"rendered":"https:\/\/erfi-staging.seiten.co\/about-erfi\/honors\/if-product-design-award-2014-2\/"},"modified":"2025-08-12T11:33:44","modified_gmt":"2025-08-12T09:33:44","slug":"if-product-design-award-2014-2","status":"publish","type":"page","link":"https:\/\/www.erfi.de\/en\/about-erfi\/honors\/if-product-design-award-2014-2\/","title":{"rendered":"if Product Design Award 2014"},"content":{"rendered":"\n\n\t<section id=\"hero-title-text-2col-btn-block_36504fdfca2928e65741eb221954c564\" class=\"hero-title-text-2col-btn  hero-title-text-2col-btn\" data-uniqid=\"69e617aee0889\">\n\t\t<div class=\"container\">\n\t\t\t<div class=\"hero-title-text-2col-btn__wrap padding-hor\">\n\t\t\t\t<div class=\"hero-title-text-2col-btn__content\">\n\t\t\t\t\t<div class=\"page-breadcrumbs\"><span><span><a href=\"https:\/\/www.erfi.de\/en\/\"><svg width=\"16\" height=\"17\" viewBox=\"0 0 16 17\" fill=\"none\" xmlns=\"http:\/\/www.w3.org\/2000\/svg\">\n            <path d=\"M6.71318 2.38L2.09318 6.08C1.57318 6.49333 1.23985 7.36666 1.35318 8.02L2.23985 13.3267C2.39985 14.2733 3.30652 15.04 4.26652 15.04H11.7332C12.6865 15.04 13.5999 14.2667 13.7599 13.3267L14.6465 8.02C14.7532 7.36666 14.4199 6.49333 13.9065 6.08L9.28652 2.38666C8.57318 1.81333 7.41985 1.81333 6.71318 2.38Z\" fill=\"#95C11F\" stroke=\"#95C11F\" stroke-width=\"1.5\" stroke-linecap=\"round\" stroke-linejoin=\"round\"\/>\n            <path d=\"M8 12.5V10.5\" stroke=\"white\" stroke-width=\"1.5\" stroke-linecap=\"round\" stroke-linejoin=\"round\"\/>\n        <\/svg>Home<\/a><\/span><\/span><\/div>\n\t\t\t\t\t\n\t\t\t\t\t\t\t\t\t\t\t<div class=\"hero-title-text-2col-btn__content__wrap\">\n\t\t\t\t\t\t\t<div class=\"hero-title-text-2col-btn__left\">\n\t\t\t\t\t\t\t\t\t\t\t\t\t\t\t\t\t<div class=\"headline_default headline_h1\">\n\t\t\t\t\t\t\t\t\t\t<h1>if Product Design Award 2014<\/h1>\n\t\t\t\t\t\t\t\t\t<\/div>\n\t\t\t\t\t\t\t\t\t\t\t\t\t\t\t\t\n\t\t\t\t\t\t\t<\/div>\n\t\t\t\t\t\t\t<div class=\"hero-title-text-2col-btn__right\">\n\t\t\t\t\t\t\t\t\t\t\t\t\t\t\t\t\t\t\t\t\t\t\t<\/div>\n\t\t\t\t\t\t<\/div>\n\t\t\t\t\t\t\t\t\t<\/div>\n\t\t\t<\/div>\n\t\t<\/div>\n\t<\/section>\n\n\n\n\t<section id=\"text-multicontent-70-30-block_11a65f131231e724f796047436a829f5\" class=\"text-multicontent-70-30 margin-vert\" data-uniqid=\"69e617aeea47f\">\n\t\t<div class=\"container\">\n\t\t\t<div class=\"text-multicontent-70-30__grid \">\n\t\t\t\t<div class=\"text-multicontent-70-30__left\">\n                                            <div class=\"subheadline_default\">if Product Design Award 2014<\/div>\n                                        <div class=\"text-multicontent-70-30__left__image\">\n                    <svg width=\"324\" height=\"436\" viewBox=\"0 0 324 436\" fill=\"none\" xmlns=\"http:\/\/www.w3.org\/2000\/svg\">\n                        <g clip-path=\"url(#clip0_503_3117)\">\n                        <rect width=\"100\" height=\"100\" rx=\"50\" fill=\"#F0F1ED\"\/>\n                        <\/g>\n                        <g clip-path=\"url(#clip1_503_3117)\">\n                        <rect y=\"112\" width=\"100\" height=\"100\" rx=\"50\" fill=\"#E2E6D8\"\/>\n                        <\/g>\n                        <g clip-path=\"url(#clip2_503_3117)\">\n                        <rect x=\"112\" y=\"224\" width=\"100\" height=\"100\" rx=\"50\" fill=\"#95C11F\"\/>\n                        <\/g>\n                        <g clip-path=\"url(#clip3_503_3117)\">\n                        <rect x=\"112\" y=\"336\" width=\"100\" height=\"100\" rx=\"50\" fill=\"#E2E6D8\"\/>\n                        <\/g>\n                        <g clip-path=\"url(#clip4_503_3117)\">\n                        <rect x=\"224\" width=\"100\" height=\"100\" rx=\"50\" fill=\"#E2E6D8\"\/>\n                        <\/g>\n                        <g clip-path=\"url(#clip5_503_3117)\">\n                        <rect x=\"224\" y=\"112\" width=\"100\" height=\"100\" rx=\"50\" fill=\"#E2E6D8\"\/>\n                        <\/g>\n                        <g clip-path=\"url(#clip6_503_3117)\">\n                        <rect x=\"224\" y=\"224\" width=\"100\" height=\"100\" rx=\"50\" fill=\"#E2E6D8\"\/>\n                        <\/g>\n                        <g clip-path=\"url(#clip7_503_3117)\">\n                        <rect x=\"224\" y=\"336\" width=\"100\" height=\"100\" rx=\"50\" fill=\"#95C11F\"\/>\n                        <\/g>\n                        <defs>\n                        <clipPath id=\"clip0_503_3117\">\n                        <rect width=\"100\" height=\"100\" rx=\"50\" fill=\"white\"\/>\n                        <\/clipPath>\n                        <clipPath id=\"clip1_503_3117\">\n                        <rect y=\"112\" width=\"100\" height=\"100\" rx=\"50\" fill=\"white\"\/>\n                        <\/clipPath>\n                        <clipPath id=\"clip2_503_3117\">\n                        <rect x=\"112\" y=\"224\" width=\"100\" height=\"100\" rx=\"50\" fill=\"white\"\/>\n                        <\/clipPath>\n                        <clipPath id=\"clip3_503_3117\">\n                        <rect x=\"112\" y=\"336\" width=\"100\" height=\"100\" rx=\"50\" fill=\"white\"\/>\n                        <\/clipPath>\n                        <clipPath id=\"clip4_503_3117\">\n                        <rect x=\"224\" width=\"100\" height=\"100\" rx=\"50\" fill=\"white\"\/>\n                        <\/clipPath>\n                        <clipPath id=\"clip5_503_3117\">\n                        <rect x=\"224\" y=\"112\" width=\"100\" height=\"100\" rx=\"50\" fill=\"white\"\/>\n                        <\/clipPath>\n                        <clipPath id=\"clip6_503_3117\">\n                        <rect x=\"224\" y=\"224\" width=\"100\" height=\"100\" rx=\"50\" fill=\"white\"\/>\n                        <\/clipPath>\n                        <clipPath id=\"clip7_503_3117\">\n                        <rect x=\"224\" y=\"336\" width=\"100\" height=\"100\" rx=\"50\" fill=\"white\"\/>\n                        <\/clipPath>\n                        <\/defs>\n                    <\/svg>\n\n                    <\/div>\n                <\/div> \n                <div class=\"text-multicontent-70-30__right\">\n                                        <div class=\"text-multicontent-70-30__multicontent\">\n                                                                                                                        <div class=\"text_default\">\n                                        <p>For 60 years, iF has stood for the perfect combination of design and business. What began in 1953 as a &#8220;special exhibition of form-fit industrial products&#8221; at the Hannover trade fair grounds has today evolved into an internationally operating design center headquartered in downtown Hannover with exhibitions worldwide. The original association, iF Industrie Forum Design e.V., is supported by iF International Forum Design GmbH, which acts as the organizer of all iF competitions, especially the three main competitions: the iF Product Design Award, iF Communication Design Award, and iF Packaging Design Award. These iF Design Awards reflect current trends in design and the economic value of well-designed products.  <\/p>\n<p>The award ceremony took place on February 28, 2014 as part of a festive event. Afterwards, elneos five and elneos connect were exhibited in a special exhibition from October 4, 2014 to February 15, 2015 in the middle of the new HafenCity. The design metropolis of Hamburg offers a particularly attractive attraction for the media and professional world as well as for the public interested in design and architecture.  <\/p>\n                                    <\/div>\n                                                                                                        <\/div>\n                                    <\/div>\n\t\t\t<\/div>\n\t\t<\/div>\n\t<\/section>\n\n","protected":false},"excerpt":{"rendered":"","protected":false},"author":2,"featured_media":0,"parent":6319,"menu_order":13,"comment_status":"closed","ping_status":"closed","template":"","meta":{"_acf_changed":false,"_processed":"false","footnotes":""},"class_list":["post-7698","page","type-page","status-publish","hentry"],"acf":[],"yoast_head":"<!-- This site is optimized with the Yoast SEO plugin v25.8 - https:\/\/yoast.com\/wordpress\/plugins\/seo\/ -->\n<title>German Design Award 2014 \u00bb<\/title>\n<meta name=\"description\" content=\"elneos connect was honored with the German Design Award for its structural flexibility and extreme lightness.\" \/>\n<meta name=\"robots\" content=\"index, follow, max-snippet:-1, max-image-preview:large, max-video-preview:-1\" \/>\n<link rel=\"canonical\" href=\"https:\/\/www.erfi.de\/en\/about-erfi\/honors\/if-product-design-award-2014-2\/\" \/>\n<meta property=\"og:locale\" content=\"en_US\" \/>\n<meta property=\"og:type\" content=\"article\" \/>\n<meta property=\"og:title\" content=\"German Design Award 2014 \u00bb\" \/>\n<meta property=\"og:description\" content=\"elneos connect was honored with the German Design Award for its structural flexibility and extreme lightness.\" \/>\n<meta property=\"og:url\" content=\"https:\/\/www.erfi.de\/en\/about-erfi\/honors\/if-product-design-award-2014-2\/\" \/>\n<meta property=\"og:site_name\" content=\"erfi\" \/>\n<meta property=\"article:modified_time\" content=\"2025-08-12T09:33:44+00:00\" \/>\n<meta property=\"og:image\" content=\"https:\/\/www.erfi.de\/wp-content\/uploads\/2025\/05\/og-image.png\" \/>\n\t<meta property=\"og:image:width\" content=\"1316\" \/>\n\t<meta property=\"og:image:height\" content=\"779\" \/>\n\t<meta property=\"og:image:type\" content=\"image\/png\" \/>\n<meta name=\"twitter:card\" content=\"summary_large_image\" \/>\n<script type=\"application\/ld+json\" class=\"yoast-schema-graph\">{\"@context\":\"https:\/\/schema.org\",\"@graph\":[{\"@type\":\"WebPage\",\"@id\":\"https:\/\/www.erfi.de\/en\/about-erfi\/honors\/if-product-design-award-2014-2\/\",\"url\":\"https:\/\/www.erfi.de\/en\/about-erfi\/honors\/if-product-design-award-2014-2\/\",\"name\":\"German Design Award 2014 \u00bb\",\"isPartOf\":{\"@id\":\"https:\/\/www.erfi.de\/en\/#website\"},\"datePublished\":\"2025-08-12T08:55:13+00:00\",\"dateModified\":\"2025-08-12T09:33:44+00:00\",\"description\":\"elneos connect was honored with the German Design Award for its structural flexibility and extreme lightness.\",\"breadcrumb\":{\"@id\":\"https:\/\/www.erfi.de\/en\/about-erfi\/honors\/if-product-design-award-2014-2\/#breadcrumb\"},\"inLanguage\":\"en-US\",\"potentialAction\":[{\"@type\":\"ReadAction\",\"target\":[\"https:\/\/www.erfi.de\/en\/about-erfi\/honors\/if-product-design-award-2014-2\/\"]}]},{\"@type\":\"BreadcrumbList\",\"@id\":\"https:\/\/www.erfi.de\/en\/about-erfi\/honors\/if-product-design-award-2014-2\/#breadcrumb\",\"itemListElement\":[{\"@type\":\"ListItem\",\"position\":1,\"name\":\"Home\",\"item\":\"https:\/\/www.erfi.de\/en\/\"},{\"@type\":\"ListItem\",\"position\":2,\"name\":\"about erfi\",\"item\":\"https:\/\/www.erfi.de\/en\/about-erfi\/\"},{\"@type\":\"ListItem\",\"position\":3,\"name\":\"Honors\",\"item\":\"https:\/\/www.erfi.de\/en\/about-erfi\/honors\/\"},{\"@type\":\"ListItem\",\"position\":4,\"name\":\"if Product Design Award 2014\"}]},{\"@type\":\"WebSite\",\"@id\":\"https:\/\/www.erfi.de\/en\/#website\",\"url\":\"https:\/\/www.erfi.de\/en\/\",\"name\":\"Effiziente Komplettl\u00f6sungen f\u00fcr Ihr Labor \u00bb\",\"description\":\"Innovative Arbeitsplatzsysteme, Lehrsysteme, Mess- und Pr\u00fcfger\u00e4te f\u00fcr Labor, Industrie und B\u00fcro. \u00dcberzeugen Sie sich von unserer Kompetenz!\",\"alternateName\":\"Innovative Arbeitsplatzsysteme, Lehrsysteme, Mess- und Pr\u00fcfger\u00e4te f\u00fcr Labor, Industrie und B\u00fcro. \u00dcberzeugen Sie sich von unserer Kompetenz!\",\"potentialAction\":[{\"@type\":\"SearchAction\",\"target\":{\"@type\":\"EntryPoint\",\"urlTemplate\":\"https:\/\/www.erfi.de\/en\/?s={search_term_string}\"},\"query-input\":{\"@type\":\"PropertyValueSpecification\",\"valueRequired\":true,\"valueName\":\"search_term_string\"}}],\"inLanguage\":\"en-US\"}]}<\/script>\n<!-- \/ Yoast SEO plugin. -->","yoast_head_json":{"title":"German Design Award 2014 \u00bb","description":"elneos connect was honored with the German Design Award for its structural flexibility and extreme lightness.","robots":{"index":"index","follow":"follow","max-snippet":"max-snippet:-1","max-image-preview":"max-image-preview:large","max-video-preview":"max-video-preview:-1"},"canonical":"https:\/\/www.erfi.de\/en\/about-erfi\/honors\/if-product-design-award-2014-2\/","og_locale":"en_US","og_type":"article","og_title":"German Design Award 2014 \u00bb","og_description":"elneos connect was honored with the German Design Award for its structural flexibility and extreme lightness.","og_url":"https:\/\/www.erfi.de\/en\/about-erfi\/honors\/if-product-design-award-2014-2\/","og_site_name":"erfi","article_modified_time":"2025-08-12T09:33:44+00:00","og_image":[{"width":1316,"height":779,"url":"https:\/\/www.erfi.de\/wp-content\/uploads\/2025\/05\/og-image.png","type":"image\/png"}],"twitter_card":"summary_large_image","schema":{"@context":"https:\/\/schema.org","@graph":[{"@type":"WebPage","@id":"https:\/\/www.erfi.de\/en\/about-erfi\/honors\/if-product-design-award-2014-2\/","url":"https:\/\/www.erfi.de\/en\/about-erfi\/honors\/if-product-design-award-2014-2\/","name":"German Design Award 2014 \u00bb","isPartOf":{"@id":"https:\/\/www.erfi.de\/en\/#website"},"datePublished":"2025-08-12T08:55:13+00:00","dateModified":"2025-08-12T09:33:44+00:00","description":"elneos connect was honored with the German Design Award for its structural flexibility and extreme lightness.","breadcrumb":{"@id":"https:\/\/www.erfi.de\/en\/about-erfi\/honors\/if-product-design-award-2014-2\/#breadcrumb"},"inLanguage":"en-US","potentialAction":[{"@type":"ReadAction","target":["https:\/\/www.erfi.de\/en\/about-erfi\/honors\/if-product-design-award-2014-2\/"]}]},{"@type":"BreadcrumbList","@id":"https:\/\/www.erfi.de\/en\/about-erfi\/honors\/if-product-design-award-2014-2\/#breadcrumb","itemListElement":[{"@type":"ListItem","position":1,"name":"Home","item":"https:\/\/www.erfi.de\/en\/"},{"@type":"ListItem","position":2,"name":"about erfi","item":"https:\/\/www.erfi.de\/en\/about-erfi\/"},{"@type":"ListItem","position":3,"name":"Honors","item":"https:\/\/www.erfi.de\/en\/about-erfi\/honors\/"},{"@type":"ListItem","position":4,"name":"if Product Design Award 2014"}]},{"@type":"WebSite","@id":"https:\/\/www.erfi.de\/en\/#website","url":"https:\/\/www.erfi.de\/en\/","name":"Effiziente Komplettl\u00f6sungen f\u00fcr Ihr Labor \u00bb","description":"Innovative Arbeitsplatzsysteme, Lehrsysteme, Mess- und Pr\u00fcfger\u00e4te f\u00fcr Labor, Industrie und B\u00fcro. \u00dcberzeugen Sie sich von unserer Kompetenz!","alternateName":"Innovative Arbeitsplatzsysteme, Lehrsysteme, Mess- und Pr\u00fcfger\u00e4te f\u00fcr Labor, Industrie und B\u00fcro. \u00dcberzeugen Sie sich von unserer Kompetenz!","potentialAction":[{"@type":"SearchAction","target":{"@type":"EntryPoint","urlTemplate":"https:\/\/www.erfi.de\/en\/?s={search_term_string}"},"query-input":{"@type":"PropertyValueSpecification","valueRequired":true,"valueName":"search_term_string"}}],"inLanguage":"en-US"}]}},"_links":{"self":[{"href":"https:\/\/www.erfi.de\/en\/wp-json\/wp\/v2\/pages\/7698","targetHints":{"allow":["GET"]}}],"collection":[{"href":"https:\/\/www.erfi.de\/en\/wp-json\/wp\/v2\/pages"}],"about":[{"href":"https:\/\/www.erfi.de\/en\/wp-json\/wp\/v2\/types\/page"}],"author":[{"embeddable":true,"href":"https:\/\/www.erfi.de\/en\/wp-json\/wp\/v2\/users\/2"}],"replies":[{"embeddable":true,"href":"https:\/\/www.erfi.de\/en\/wp-json\/wp\/v2\/comments?post=7698"}],"version-history":[{"count":1,"href":"https:\/\/www.erfi.de\/en\/wp-json\/wp\/v2\/pages\/7698\/revisions"}],"predecessor-version":[{"id":7699,"href":"https:\/\/www.erfi.de\/en\/wp-json\/wp\/v2\/pages\/7698\/revisions\/7699"}],"up":[{"embeddable":true,"href":"https:\/\/www.erfi.de\/en\/wp-json\/wp\/v2\/pages\/6319"}],"wp:attachment":[{"href":"https:\/\/www.erfi.de\/en\/wp-json\/wp\/v2\/media?parent=7698"}],"curies":[{"name":"wp","href":"https:\/\/api.w.org\/{rel}","templated":true}]}}