{"id":6526,"date":"2025-05-23T12:32:58","date_gmt":"2025-05-23T10:32:58","guid":{"rendered":"https:\/\/erfi-staging.seiten.co\/about-erfi\/customer-center-2\/"},"modified":"2025-07-10T12:24:43","modified_gmt":"2025-07-10T10:24:43","slug":"customer-center-2","status":"publish","type":"page","link":"https:\/\/www.erfi.de\/en\/about-erfi\/customer-center-2\/","title":{"rendered":"Customer Center"},"content":{"rendered":"\n\n\t<section id=\"hero-title-text-2col-btn-block_d13eb42fc63b17859b99d54df4e6ffda\" class=\"hero-title-text-2col-btn  hero-title-text-2col-btn\" data-uniqid=\"69e618107f13f\">\n\t\t<div class=\"container\">\n\t\t\t<div class=\"hero-title-text-2col-btn__wrap padding-hor\">\n\t\t\t\t<div class=\"hero-title-text-2col-btn__content\">\n\t\t\t\t\t<div class=\"page-breadcrumbs\"><span><span><a href=\"https:\/\/www.erfi.de\/en\/\"><svg width=\"16\" height=\"17\" viewBox=\"0 0 16 17\" fill=\"none\" xmlns=\"http:\/\/www.w3.org\/2000\/svg\">\n            <path d=\"M6.71318 2.38L2.09318 6.08C1.57318 6.49333 1.23985 7.36666 1.35318 8.02L2.23985 13.3267C2.39985 14.2733 3.30652 15.04 4.26652 15.04H11.7332C12.6865 15.04 13.5999 14.2667 13.7599 13.3267L14.6465 8.02C14.7532 7.36666 14.4199 6.49333 13.9065 6.08L9.28652 2.38666C8.57318 1.81333 7.41985 1.81333 6.71318 2.38Z\" fill=\"#95C11F\" stroke=\"#95C11F\" stroke-width=\"1.5\" stroke-linecap=\"round\" stroke-linejoin=\"round\"\/>\n            <path d=\"M8 12.5V10.5\" stroke=\"white\" stroke-width=\"1.5\" stroke-linecap=\"round\" stroke-linejoin=\"round\"\/>\n        <\/svg>Home<\/a><\/span><\/span><\/div>\n\t\t\t\t\t\t\t\t\t\t\t<div class=\"line-menu-pages\">\n\t\t\t\t\t\t\t<ul id=\"menu-ueber_erfi-englisch\" class=\"swiper-wrapper\"><div class=\"swiper-slide menu-item menu-item-type-post_type menu-item-object-page\"><a href=\"https:\/\/www.erfi.de\/en\/about-erfi\/production-site\/\">Production site<\/a><\/div>\n<div class=\"swiper-slide menu-item menu-item-type-post_type menu-item-object-page\"><a href=\"https:\/\/www.erfi.de\/en\/about-erfi\/customer-center\/\">Virtual customer center<\/a><\/div>\n<div class=\"swiper-slide menu-item menu-item-type-post_type menu-item-object-page\"><a href=\"https:\/\/www.erfi.de\/en\/about-erfi\/customer-center-2\/\">Customer Center<\/a><\/div>\n<div class=\"swiper-slide menu-item menu-item-type-post_type menu-item-object-page\"><a href=\"https:\/\/www.erfi.de\/en\/philosophy\/\">Philosophy<\/a><\/div>\n<div class=\"swiper-slide menu-item menu-item-type-post_type menu-item-object-page\"><a href=\"https:\/\/www.erfi.de\/en\/about-erfi\/online-consulting\/\">Online Consulting<\/a><\/div>\n<\/ul>\t\t\t\t\t\t<\/div>\n\t\t\t\t\t\n\t\t\t\t\t\t\t\t\t\t\t<div class=\"hero-title-text-2col-btn__content__wrap\">\n\t\t\t\t\t\t\t<div class=\"hero-title-text-2col-btn__left\">\n\t\t\t\t\t\t\t\t\t\t\t\t\t\t\t\t\t<div class=\"headline_default headline_h1\">\n\t\t\t\t\t\t\t\t\t\t<h1>Visit<br \/>\nour Customer <span style=\"color: #95c11f\">Service Center<br \/>\nin Freudenstadt<\/span><\/h1>\n\t\t\t\t\t\t\t\t\t<\/div>\n\t\t\t\t\t\t\t\t\t\t\t\t\t\t\t\t\n\t\t\t\t\t\t\t<\/div>\n\t\t\t\t\t\t\t<div class=\"hero-title-text-2col-btn__right\">\n\t\t\t\t\t\t\t\t\t\t\t\t\t\t\t\t\t<div class=\"text_default\">\n\t\t\t\t\t\t\t\t\t\t<p>Visit our virtual Customer Service Center now.<br \/>If you would like to visit us in person in Freudenstadt, please schedule your on-site appointment at <strong><a href=\"tel:074419144404\">+49 7441 9144-404.<\/a><\/strong> <\/p>\n<p>We look forward to welcoming you!<br \/>Your erfi Team <\/p>\n\t\t\t\t\t\t\t\t\t<\/div>\n\t\t\t\t\t\t\t\t\t\t\t\t\t\t\t\t\t<div class=\"btn_default\">\n\t\t<a class=\"btn btn_primary btn_focus-dark\"\n\t\t\thref=\"https:\/\/www.erfi.de\/todaije\/?url=\/todaije\"\n\t\t\ttitle=\"Virtual Customer Cemter\"\n\t\t\ttarget=\"_self\" rel=\"nofollow noopener\">\n\t\t\tVirtual Customer Cemter\t\t\t<span>\n\t\t\t\t<svg width=\"26\" height=\"29\" viewBox=\"0 0 26 29\" fill=\"none\" xmlns=\"http:\/\/www.w3.org\/2000\/svg\">\n\t\t\t\t\t\t<path d=\"M25.9991 18.3178C26.0042 18.3557 25.988 18.3746 25.9504 18.3746C24.5369 18.3814 22.0976 18.381 18.6324 18.3735C16.8519 18.3701 15.2883 17.8148 14.1097 16.4567C12.8062 14.9567 12.3049 12.914 12.0769 10.8121C12.0282 10.3602 12.0035 9.60546 12.0028 8.54792C11.9991 5.2012 11.9991 2.82647 12.0028 1.42374C12.0028 1.39422 12.0172 1.37946 12.0459 1.37946H12.6048C12.6306 1.37946 12.6431 1.39232 12.6424 1.41806C12.5937 3.47788 12.6435 5.43549 13.2388 7.36359C14.164 10.367 16.407 11.6581 19.3761 11.7319C21.5516 11.7864 23.739 11.7372 25.9382 11.5843C25.9751 11.582 25.9913 11.5994 25.9869 11.6365C25.6992 13.7974 25.687 16.0809 25.9991 18.3178Z\" fill=\"white\" \/>\n\t\t\t\t\t\t<path d=\"M0.0130967 18.1225C0.300609 15.9611 0.312774 13.6782 0.000934348 11.4408C-0.00422612 11.403 0.0119894 11.3841 0.0495871 11.3841C1.46282 11.3772 3.90225 11.378 7.36787 11.3863C9.14824 11.3897 10.7119 11.9446 11.8907 13.3027C13.1933 14.8026 13.6953 16.845 13.9231 18.9474C13.9718 19.399 13.9965 20.1535 13.9972 21.211C14.0009 24.5573 14.0009 26.9321 13.9972 28.3352C13.9972 28.3647 13.9829 28.3795 13.9541 28.3795H13.3946C13.3688 28.3795 13.3562 28.3666 13.357 28.3409C13.4056 26.2804 13.3559 24.3232 12.7609 22.3955C11.8354 19.3922 9.59277 18.101 6.62366 18.0272C4.44815 17.9728 2.26085 18.0219 0.0617528 18.1747C0.0248923 18.177 0.00867344 18.1596 0.0130967 18.1225Z\" fill=\"white\" \/>\n\t\t\t\t<\/svg>\n\t\t\t<\/span>\n\t\t<\/a>\n\t<\/div>\n\t\t\t\t\t\t\t<\/div>\n\t\t\t\t\t\t<\/div>\n\t\t\t\t\t\t\t\t\t<\/div>\n\t\t\t<\/div>\n\t\t<\/div>\n\t<\/section>\n\n\n\n\t<section id=\"slider-images-block_b852d92d969d94e5da213a00b8b32103\" data-uniqid=\"69e618108cc06\" class=\"slider-images\" \n             style=\"\">\n\t\t<div class=\"container\">\n\t\t\t<div class=\"slider-images__content margin-bottom\">\n                \t\t\t\t<div class=\"swiper slider-images__swiper\">\n                    <div class=\"swiper-wrapper slider-images__swiper__wrap\">\n                                                    <div class=\"swiper-slide slider-images__swiper__slide\">\n                                                                <div class=\"slider-images__slide__content\">\n                                                                        <div class=\"slider-images__slide__image\">\n                                        <img loading=\"lazy\" decoding=\"async\" width=\"2832\" height=\"978\" src=\"https:\/\/www.erfi.de\/wp-content\/uploads\/2025\/05\/Frame-129-2.jpg\" class=\"attachment-full size-full\" alt=\"\" srcset=\"https:\/\/www.erfi.de\/wp-content\/uploads\/2025\/05\/Frame-129-2.jpg 2832w, https:\/\/www.erfi.de\/wp-content\/uploads\/2025\/05\/Frame-129-2-300x104.jpg 300w, https:\/\/www.erfi.de\/wp-content\/uploads\/2025\/05\/Frame-129-2-1024x354.jpg 1024w, https:\/\/www.erfi.de\/wp-content\/uploads\/2025\/05\/Frame-129-2-768x265.jpg 768w, https:\/\/www.erfi.de\/wp-content\/uploads\/2025\/05\/Frame-129-2-1536x530.jpg 1536w, https:\/\/www.erfi.de\/wp-content\/uploads\/2025\/05\/Frame-129-2-2048x707.jpg 2048w\" sizes=\"auto, (max-width: 2832px) 100vw, 2832px\" \/>                                    <\/div>\n                                                                                                        <\/div>\n                                                            <\/div>\n                            \n                                                    <div class=\"swiper-slide slider-images__swiper__slide\">\n                                                                <div class=\"slider-images__slide__content\">\n                                                                        <div class=\"slider-images__slide__image\">\n                                        <img loading=\"lazy\" decoding=\"async\" width=\"2832\" height=\"978\" src=\"https:\/\/www.erfi.de\/wp-content\/uploads\/2025\/05\/Frame-129-2.jpg\" class=\"attachment-full size-full\" alt=\"\" srcset=\"https:\/\/www.erfi.de\/wp-content\/uploads\/2025\/05\/Frame-129-2.jpg 2832w, https:\/\/www.erfi.de\/wp-content\/uploads\/2025\/05\/Frame-129-2-300x104.jpg 300w, https:\/\/www.erfi.de\/wp-content\/uploads\/2025\/05\/Frame-129-2-1024x354.jpg 1024w, https:\/\/www.erfi.de\/wp-content\/uploads\/2025\/05\/Frame-129-2-768x265.jpg 768w, https:\/\/www.erfi.de\/wp-content\/uploads\/2025\/05\/Frame-129-2-1536x530.jpg 1536w, https:\/\/www.erfi.de\/wp-content\/uploads\/2025\/05\/Frame-129-2-2048x707.jpg 2048w\" sizes=\"auto, (max-width: 2832px) 100vw, 2832px\" \/>                                    <\/div>\n                                                                                                        <\/div>\n                                                            <\/div>\n                            \n                                            <\/div>\n                    <div class=\"swiper-pagination slider-images__swiper__pagination\"><\/div>\n                <\/div>\n                \t\t\t<\/div>\n\t\t<\/div>\n\t<\/section>\n\n    <script>\n        document.addEventListener('DOMContentLoaded', function() {\n            const swiper = new Swiper('section[data-uniqid=\"69e618108cc06\"] .swiper', {\n                speed: 600,\n                spaceBetween: 0,\n                loop: true,\n                grabCursor: true,\n\t\t\t\t\t\t\t\tautoplay: {\n\t\t\t\t\t\t\t\t\tdelay: 2000,\n\t\t\t\t\t\t\t\t\tdisableOnInteraction: false,\n\t\t\t\t\t\t\t\t},\n                pagination: {\n                    el: \".swiper-pagination\",\n                    clickable: true,\n                  },\n            });\n        })\n        \n    <\/script>\n\n\n\n\t<section id=\"text-images-slider-block_d4a7d68785445a3fb08c419481f80b2a\" class=\"text-images-slider margin-vert\" data-uniqid=\"69e6181091b5c\">\n\t\t<div class=\"container\">\n\t\t\t<div class=\"head-content padding-hor\">\n\t\t\t\t\t\t\t\t\t<div class=\"subheadline_default\">Lorem ipsum<\/div>\n\t\t\t\t\t\t\t\t<div class=\"head-content__right\">\n\t\t\t\t\t\t\t\t\t\t\t<div class=\"headline_default headline_h1\">\n\t\t\t\t\t\t\t<h2>Visit our Customer Center in Freudenstadt.<\/h2>\n\t\t\t\t\t\t<\/div>\n\t\t\t\t\t\t\t\t\t\t\t\t\t\t\t\t<div class=\"text_default\">\n\t\t\t\t\t\t\t<p>Our new Customer Center in Freudenstadt offers you over 2,200 square meters of an immersive experience with our products. Every area is covered: solutions for production lines and assembly workstations, equipped with testing systems, test equipment, and software based on the principle of \u201cassembly and testing from a single source.\u201d Tables for industry and research, as well as systems for training and teaching materials. Discover also our product innovations such as the elneos learn cubix and our furniture series elneos stay and elneos cubix.   <\/p>\n\t\t\t\t\t\t<\/div>\n\t\t\t\t\t\t\t\t\t\t\t\t\t\t<\/div>\n\t\t\t<\/div>\n\n\t\t\t\t\t<\/div>\n\t<\/section>\n\n\n\n\t<section id=\"center-gallery-block_f4dac7db09ecb3beccbf52aa24398527\" class=\"center-gallery\" data-uniqid=\"69e6181093056\">\n\t\t<div class=\"center-gallery__wrap\">\n\t\t\t<div class=\"container\">\n\t\t\t\t\t\t\t\t\t<div class=\"headline_default headline_h1 padding-hor\">\n\t\t\t\t\t\t<h2>Insights into the erfi Customer Center in Freudenstadt!<\/h2>\n\t\t\t\t\t<\/div>\n\t\t\t\t\t\t\t<\/div>\n\t\t\t\t\t\t\t\t\t\t\t\t<div class=\"container\">\n\t\t\t\t\t\t<div class=\"center-gallery__item radius-16\">\n\t\t\t\t\t\t\t<div class=\"center-gallery__col\">\n\t\t\t\t\t\t\t\t\t\t\t\t\t\t\t\t\t<div class=\"text_default\">\n\t\t\t\t\t\t\t\t\t\t<p>The Customer Center offers you the opportunity to thoroughly test our products and receive comprehensive consultation.<\/p>\n\t\t\t\t\t\t\t\t\t<\/div>\n\t\t\t\t\t\t\t\t\t\t\t\t\t\t\t<\/div>\n\t\t\t\t\t\t\t<div class=\"center-gallery__col\">\n\t\t\t\t\t\t\t\t\t\t\t\t\t\t\t\t\t<div class=\"center-gallery__gallery\">\n\t\t\t\t\t\t\t\t\t\t\t\t\t\t\t\t\t\t\t\t\t<div class=\"img_default radius-12\">\n\t\t\t\t\t\t\t\t\t\t\t\t<img loading=\"lazy\" decoding=\"async\" width=\"977\" height=\"600\" src=\"https:\/\/www.erfi.de\/wp-content\/uploads\/2025\/05\/Frame-211-4.jpg\" class=\"attachment-full size-full\" alt=\"\" title=\"Frame 211\" srcset=\"https:\/\/www.erfi.de\/wp-content\/uploads\/2025\/05\/Frame-211-4.jpg 977w, https:\/\/www.erfi.de\/wp-content\/uploads\/2025\/05\/Frame-211-4-300x184.jpg 300w, https:\/\/www.erfi.de\/wp-content\/uploads\/2025\/05\/Frame-211-4-768x472.jpg 768w\" sizes=\"auto, (max-width: 977px) 100vw, 977px\" \/>\t\t\t\t\t\t\t\t\t\t\t<\/div>\n\t\t\t\t\t\t\t\t\t\t\t\t\t\t\t\t\t\t\t\t\t<div class=\"img_default radius-12\">\n\t\t\t\t\t\t\t\t\t\t\t\t<img loading=\"lazy\" decoding=\"async\" width=\"978\" height=\"600\" src=\"https:\/\/www.erfi.de\/wp-content\/uploads\/2025\/05\/Frame-212-3.jpg\" class=\"attachment-full size-full\" alt=\"\" title=\"Frame 212\" srcset=\"https:\/\/www.erfi.de\/wp-content\/uploads\/2025\/05\/Frame-212-3.jpg 978w, https:\/\/www.erfi.de\/wp-content\/uploads\/2025\/05\/Frame-212-3-300x184.jpg 300w, https:\/\/www.erfi.de\/wp-content\/uploads\/2025\/05\/Frame-212-3-768x471.jpg 768w\" sizes=\"auto, (max-width: 978px) 100vw, 978px\" \/>\t\t\t\t\t\t\t\t\t\t\t<\/div>\n\t\t\t\t\t\t\t\t\t\t\t\t\t\t\t\t\t\t\t<\/div>\n\t\t\t\t\t\t\t\t\t\t\t\t\t\t\t<\/div>\n\t\t\t\t\t\t<\/div>\n\t\t\t\t\t<\/div>\n\t\t\t\t\t\t\t\t\t<div class=\"container\">\n\t\t\t\t\t\t<div class=\"center-gallery__item radius-16\">\n\t\t\t\t\t\t\t<div class=\"center-gallery__col\">\n\t\t\t\t\t\t\t\t\t\t\t\t\t\t\t\t\t<div class=\"text_default\">\n\t\t\t\t\t\t\t\t\t\t<p>In the spacious meeting rooms, we welcome you for extensive consultation and planning sessions.<\/p>\n\t\t\t\t\t\t\t\t\t<\/div>\n\t\t\t\t\t\t\t\t\t\t\t\t\t\t\t<\/div>\n\t\t\t\t\t\t\t<div class=\"center-gallery__col\">\n\t\t\t\t\t\t\t\t\t\t\t\t\t\t\t\t\t<div class=\"center-gallery__gallery\">\n\t\t\t\t\t\t\t\t\t\t\t\t\t\t\t\t\t\t\t\t\t<div class=\"img_default radius-12\">\n\t\t\t\t\t\t\t\t\t\t\t\t<img loading=\"lazy\" decoding=\"async\" width=\"977\" height=\"600\" src=\"https:\/\/www.erfi.de\/wp-content\/uploads\/2025\/05\/Frame-211-1-1.jpg\" class=\"attachment-full size-full\" alt=\"\" title=\"Frame 211 (1)\" srcset=\"https:\/\/www.erfi.de\/wp-content\/uploads\/2025\/05\/Frame-211-1-1.jpg 977w, https:\/\/www.erfi.de\/wp-content\/uploads\/2025\/05\/Frame-211-1-1-300x184.jpg 300w, https:\/\/www.erfi.de\/wp-content\/uploads\/2025\/05\/Frame-211-1-1-768x472.jpg 768w\" sizes=\"auto, (max-width: 977px) 100vw, 977px\" \/>\t\t\t\t\t\t\t\t\t\t\t<\/div>\n\t\t\t\t\t\t\t\t\t\t\t\t\t\t\t\t\t\t\t\t\t<div class=\"img_default radius-12\">\n\t\t\t\t\t\t\t\t\t\t\t\t<img loading=\"lazy\" decoding=\"async\" width=\"978\" height=\"600\" src=\"https:\/\/www.erfi.de\/wp-content\/uploads\/2025\/05\/Frame-212-1.jpg\" class=\"attachment-full size-full\" alt=\"\" title=\"Frame 212 (1)\" srcset=\"https:\/\/www.erfi.de\/wp-content\/uploads\/2025\/05\/Frame-212-1.jpg 978w, https:\/\/www.erfi.de\/wp-content\/uploads\/2025\/05\/Frame-212-1-300x184.jpg 300w, https:\/\/www.erfi.de\/wp-content\/uploads\/2025\/05\/Frame-212-1-768x471.jpg 768w\" sizes=\"auto, (max-width: 978px) 100vw, 978px\" \/>\t\t\t\t\t\t\t\t\t\t\t<\/div>\n\t\t\t\t\t\t\t\t\t\t\t\t\t\t\t\t\t\t\t<\/div>\n\t\t\t\t\t\t\t\t\t\t\t\t\t\t\t<\/div>\n\t\t\t\t\t\t<\/div>\n\t\t\t\t\t<\/div>\n\t\t\t\t\t\t\t\t\t<div class=\"container\">\n\t\t\t\t\t\t<div class=\"center-gallery__item radius-16\">\n\t\t\t\t\t\t\t<div class=\"center-gallery__col\">\n\t\t\t\t\t\t\t\t\t\t\t\t\t\t\t\t\t<div class=\"text_default\">\n\t\t\t\t\t\t\t\t\t\t<p>In the relaxation and break areas, you can enjoy lunch or a coffee while taking in the wide view of the nearby Black Forest.<\/p>\n\t\t\t\t\t\t\t\t\t<\/div>\n\t\t\t\t\t\t\t\t\t\t\t\t\t\t\t<\/div>\n\t\t\t\t\t\t\t<div class=\"center-gallery__col\">\n\t\t\t\t\t\t\t\t\t\t\t\t\t\t\t\t\t<div class=\"center-gallery__gallery\">\n\t\t\t\t\t\t\t\t\t\t\t\t\t\t\t\t\t\t\t\t\t<div class=\"img_default radius-12\">\n\t\t\t\t\t\t\t\t\t\t\t\t<img loading=\"lazy\" decoding=\"async\" width=\"644\" height=\"600\" src=\"https:\/\/www.erfi.de\/wp-content\/uploads\/2025\/05\/Frame-211-2.jpg\" class=\"attachment-full size-full\" alt=\"\" title=\"Frame 211 (2)\" srcset=\"https:\/\/www.erfi.de\/wp-content\/uploads\/2025\/05\/Frame-211-2.jpg 644w, https:\/\/www.erfi.de\/wp-content\/uploads\/2025\/05\/Frame-211-2-300x280.jpg 300w\" sizes=\"auto, (max-width: 644px) 100vw, 644px\" \/>\t\t\t\t\t\t\t\t\t\t\t<\/div>\n\t\t\t\t\t\t\t\t\t\t\t\t\t\t\t\t\t\t\t\t\t<div class=\"img_default radius-12\">\n\t\t\t\t\t\t\t\t\t\t\t\t<img loading=\"lazy\" decoding=\"async\" width=\"644\" height=\"600\" src=\"https:\/\/www.erfi.de\/wp-content\/uploads\/2025\/05\/Frame-213.jpg\" class=\"attachment-full size-full\" alt=\"\" title=\"Frame 213\" srcset=\"https:\/\/www.erfi.de\/wp-content\/uploads\/2025\/05\/Frame-213.jpg 644w, https:\/\/www.erfi.de\/wp-content\/uploads\/2025\/05\/Frame-213-300x280.jpg 300w\" sizes=\"auto, (max-width: 644px) 100vw, 644px\" \/>\t\t\t\t\t\t\t\t\t\t\t<\/div>\n\t\t\t\t\t\t\t\t\t\t\t\t\t\t\t\t\t\t\t\t\t<div class=\"img_default radius-12\">\n\t\t\t\t\t\t\t\t\t\t\t\t<img loading=\"lazy\" decoding=\"async\" width=\"644\" height=\"600\" src=\"https:\/\/www.erfi.de\/wp-content\/uploads\/2025\/05\/Frame-212-2.jpg\" class=\"attachment-full size-full\" alt=\"\" title=\"Frame 212 (2)\" srcset=\"https:\/\/www.erfi.de\/wp-content\/uploads\/2025\/05\/Frame-212-2.jpg 644w, https:\/\/www.erfi.de\/wp-content\/uploads\/2025\/05\/Frame-212-2-300x280.jpg 300w\" sizes=\"auto, (max-width: 644px) 100vw, 644px\" \/>\t\t\t\t\t\t\t\t\t\t\t<\/div>\n\t\t\t\t\t\t\t\t\t\t\t\t\t\t\t\t\t\t\t<\/div>\n\t\t\t\t\t\t\t\t\t\t\t\t\t\t\t<\/div>\n\t\t\t\t\t\t<\/div>\n\t\t\t\t\t<\/div>\n\t\t\t\t\t\t\t\t\t<div class=\"container\">\n\t\t\t\t\t\t<div class=\"center-gallery__item radius-16\">\n\t\t\t\t\t\t\t<div class=\"center-gallery__col\">\n\t\t\t\t\t\t\t\t\t\t\t\t\t\t\t\t\t<div class=\"text_default\">\n\t\t\t\t\t\t\t\t\t\t<p>Directly in front of the customer center, ample parking spaces are available. You can find directions to us <a href=\"http:\/\/localhost\/erfi.loc\/kontakt\/\" rel=\"nofollow noopener\">here<\/a>. <\/p>\n\t\t\t\t\t\t\t\t\t<\/div>\n\t\t\t\t\t\t\t\t\t\t\t\t\t\t\t<\/div>\n\t\t\t\t\t\t\t<div class=\"center-gallery__col\">\n\t\t\t\t\t\t\t\t\t\t\t\t\t\t\t\t\t<div class=\"center-gallery__gallery\">\n\t\t\t\t\t\t\t\t\t\t\t\t\t\t\t\t\t\t\t\t\t<div class=\"img_default radius-12\">\n\t\t\t\t\t\t\t\t\t\t\t\t<img loading=\"lazy\" decoding=\"async\" width=\"1978\" height=\"600\" src=\"https:\/\/www.erfi.de\/wp-content\/uploads\/2025\/05\/Frame-211-3.jpg\" class=\"attachment-full size-full\" alt=\"\" title=\"Frame 211 (3)\" srcset=\"https:\/\/www.erfi.de\/wp-content\/uploads\/2025\/05\/Frame-211-3.jpg 1978w, https:\/\/www.erfi.de\/wp-content\/uploads\/2025\/05\/Frame-211-3-300x91.jpg 300w, https:\/\/www.erfi.de\/wp-content\/uploads\/2025\/05\/Frame-211-3-1024x311.jpg 1024w, https:\/\/www.erfi.de\/wp-content\/uploads\/2025\/05\/Frame-211-3-768x233.jpg 768w, https:\/\/www.erfi.de\/wp-content\/uploads\/2025\/05\/Frame-211-3-1536x466.jpg 1536w\" sizes=\"auto, (max-width: 1978px) 100vw, 1978px\" \/>\t\t\t\t\t\t\t\t\t\t\t<\/div>\n\t\t\t\t\t\t\t\t\t\t\t\t\t\t\t\t\t\t\t<\/div>\n\t\t\t\t\t\t\t\t\t\t\t\t\t\t\t<\/div>\n\t\t\t\t\t\t<\/div>\n\t\t\t\t\t<\/div>\n\t\t\t\t\t\t\t\t\t<\/div>\n\t<\/section>\n\n","protected":false},"excerpt":{"rendered":"","protected":false},"author":1,"featured_media":0,"parent":6239,"menu_order":12,"comment_status":"closed","ping_status":"closed","template":"","meta":{"_acf_changed":false,"_processed":"false","footnotes":""},"class_list":["post-6526","page","type-page","status-publish","hentry"],"acf":[],"yoast_head":"<!-- This site is optimized with the Yoast SEO plugin v25.8 - https:\/\/yoast.com\/wordpress\/plugins\/seo\/ -->\n<title>Customer Center - erfi<\/title>\n<meta name=\"robots\" content=\"index, follow, max-snippet:-1, max-image-preview:large, max-video-preview:-1\" \/>\n<link rel=\"canonical\" href=\"https:\/\/www.erfi.de\/en\/about-erfi\/customer-center-2\/\" \/>\n<meta property=\"og:locale\" content=\"en_US\" \/>\n<meta property=\"og:type\" content=\"article\" \/>\n<meta property=\"og:title\" content=\"Customer Center - erfi\" \/>\n<meta property=\"og:url\" content=\"https:\/\/www.erfi.de\/en\/about-erfi\/customer-center-2\/\" \/>\n<meta property=\"og:site_name\" content=\"erfi\" \/>\n<meta property=\"article:modified_time\" content=\"2025-07-10T10:24:43+00:00\" \/>\n<meta property=\"og:image\" content=\"https:\/\/www.erfi.de\/wp-content\/uploads\/2025\/05\/og-image.png\" \/>\n\t<meta property=\"og:image:width\" content=\"1316\" \/>\n\t<meta property=\"og:image:height\" content=\"779\" \/>\n\t<meta property=\"og:image:type\" content=\"image\/png\" \/>\n<meta name=\"twitter:card\" content=\"summary_large_image\" \/>\n<script type=\"application\/ld+json\" class=\"yoast-schema-graph\">{\"@context\":\"https:\/\/schema.org\",\"@graph\":[{\"@type\":\"WebPage\",\"@id\":\"https:\/\/www.erfi.de\/en\/about-erfi\/customer-center-2\/\",\"url\":\"https:\/\/www.erfi.de\/en\/about-erfi\/customer-center-2\/\",\"name\":\"Customer Center - erfi\",\"isPartOf\":{\"@id\":\"https:\/\/www.erfi.de\/en\/#website\"},\"datePublished\":\"2025-05-23T10:32:58+00:00\",\"dateModified\":\"2025-07-10T10:24:43+00:00\",\"breadcrumb\":{\"@id\":\"https:\/\/www.erfi.de\/en\/about-erfi\/customer-center-2\/#breadcrumb\"},\"inLanguage\":\"en-US\",\"potentialAction\":[{\"@type\":\"ReadAction\",\"target\":[\"https:\/\/www.erfi.de\/en\/about-erfi\/customer-center-2\/\"]}]},{\"@type\":\"BreadcrumbList\",\"@id\":\"https:\/\/www.erfi.de\/en\/about-erfi\/customer-center-2\/#breadcrumb\",\"itemListElement\":[{\"@type\":\"ListItem\",\"position\":1,\"name\":\"Home\",\"item\":\"https:\/\/www.erfi.de\/en\/\"},{\"@type\":\"ListItem\",\"position\":2,\"name\":\"about erfi\",\"item\":\"https:\/\/www.erfi.de\/en\/about-erfi\/\"},{\"@type\":\"ListItem\",\"position\":3,\"name\":\"Customer Center\"}]},{\"@type\":\"WebSite\",\"@id\":\"https:\/\/www.erfi.de\/en\/#website\",\"url\":\"https:\/\/www.erfi.de\/en\/\",\"name\":\"Effiziente Komplettl\u00f6sungen f\u00fcr Ihr Labor \u00bb\",\"description\":\"Innovative Arbeitsplatzsysteme, Lehrsysteme, Mess- und Pr\u00fcfger\u00e4te f\u00fcr Labor, Industrie und B\u00fcro. \u00dcberzeugen Sie sich von unserer Kompetenz!\",\"alternateName\":\"Innovative Arbeitsplatzsysteme, Lehrsysteme, Mess- und Pr\u00fcfger\u00e4te f\u00fcr Labor, Industrie und B\u00fcro. \u00dcberzeugen Sie sich von unserer Kompetenz!\",\"potentialAction\":[{\"@type\":\"SearchAction\",\"target\":{\"@type\":\"EntryPoint\",\"urlTemplate\":\"https:\/\/www.erfi.de\/en\/?s={search_term_string}\"},\"query-input\":{\"@type\":\"PropertyValueSpecification\",\"valueRequired\":true,\"valueName\":\"search_term_string\"}}],\"inLanguage\":\"en-US\"}]}<\/script>\n<!-- \/ Yoast SEO plugin. -->","yoast_head_json":{"title":"Customer Center - erfi","robots":{"index":"index","follow":"follow","max-snippet":"max-snippet:-1","max-image-preview":"max-image-preview:large","max-video-preview":"max-video-preview:-1"},"canonical":"https:\/\/www.erfi.de\/en\/about-erfi\/customer-center-2\/","og_locale":"en_US","og_type":"article","og_title":"Customer Center - erfi","og_url":"https:\/\/www.erfi.de\/en\/about-erfi\/customer-center-2\/","og_site_name":"erfi","article_modified_time":"2025-07-10T10:24:43+00:00","og_image":[{"width":1316,"height":779,"url":"https:\/\/www.erfi.de\/wp-content\/uploads\/2025\/05\/og-image.png","type":"image\/png"}],"twitter_card":"summary_large_image","schema":{"@context":"https:\/\/schema.org","@graph":[{"@type":"WebPage","@id":"https:\/\/www.erfi.de\/en\/about-erfi\/customer-center-2\/","url":"https:\/\/www.erfi.de\/en\/about-erfi\/customer-center-2\/","name":"Customer Center - erfi","isPartOf":{"@id":"https:\/\/www.erfi.de\/en\/#website"},"datePublished":"2025-05-23T10:32:58+00:00","dateModified":"2025-07-10T10:24:43+00:00","breadcrumb":{"@id":"https:\/\/www.erfi.de\/en\/about-erfi\/customer-center-2\/#breadcrumb"},"inLanguage":"en-US","potentialAction":[{"@type":"ReadAction","target":["https:\/\/www.erfi.de\/en\/about-erfi\/customer-center-2\/"]}]},{"@type":"BreadcrumbList","@id":"https:\/\/www.erfi.de\/en\/about-erfi\/customer-center-2\/#breadcrumb","itemListElement":[{"@type":"ListItem","position":1,"name":"Home","item":"https:\/\/www.erfi.de\/en\/"},{"@type":"ListItem","position":2,"name":"about erfi","item":"https:\/\/www.erfi.de\/en\/about-erfi\/"},{"@type":"ListItem","position":3,"name":"Customer Center"}]},{"@type":"WebSite","@id":"https:\/\/www.erfi.de\/en\/#website","url":"https:\/\/www.erfi.de\/en\/","name":"Effiziente Komplettl\u00f6sungen f\u00fcr Ihr Labor \u00bb","description":"Innovative Arbeitsplatzsysteme, Lehrsysteme, Mess- und Pr\u00fcfger\u00e4te f\u00fcr Labor, Industrie und B\u00fcro. \u00dcberzeugen Sie sich von unserer Kompetenz!","alternateName":"Innovative Arbeitsplatzsysteme, Lehrsysteme, Mess- und Pr\u00fcfger\u00e4te f\u00fcr Labor, Industrie und B\u00fcro. \u00dcberzeugen Sie sich von unserer Kompetenz!","potentialAction":[{"@type":"SearchAction","target":{"@type":"EntryPoint","urlTemplate":"https:\/\/www.erfi.de\/en\/?s={search_term_string}"},"query-input":{"@type":"PropertyValueSpecification","valueRequired":true,"valueName":"search_term_string"}}],"inLanguage":"en-US"}]}},"_links":{"self":[{"href":"https:\/\/www.erfi.de\/en\/wp-json\/wp\/v2\/pages\/6526","targetHints":{"allow":["GET"]}}],"collection":[{"href":"https:\/\/www.erfi.de\/en\/wp-json\/wp\/v2\/pages"}],"about":[{"href":"https:\/\/www.erfi.de\/en\/wp-json\/wp\/v2\/types\/page"}],"author":[{"embeddable":true,"href":"https:\/\/www.erfi.de\/en\/wp-json\/wp\/v2\/users\/1"}],"replies":[{"embeddable":true,"href":"https:\/\/www.erfi.de\/en\/wp-json\/wp\/v2\/comments?post=6526"}],"version-history":[{"count":1,"href":"https:\/\/www.erfi.de\/en\/wp-json\/wp\/v2\/pages\/6526\/revisions"}],"predecessor-version":[{"id":6527,"href":"https:\/\/www.erfi.de\/en\/wp-json\/wp\/v2\/pages\/6526\/revisions\/6527"}],"up":[{"embeddable":true,"href":"https:\/\/www.erfi.de\/en\/wp-json\/wp\/v2\/pages\/6239"}],"wp:attachment":[{"href":"https:\/\/www.erfi.de\/en\/wp-json\/wp\/v2\/media?parent=6526"}],"curies":[{"name":"wp","href":"https:\/\/api.w.org\/{rel}","templated":true}]}}