{"id":6319,"date":"2025-05-20T13:59:07","date_gmt":"2025-05-20T11:59:07","guid":{"rendered":"https:\/\/erfi-staging.seiten.co\/about-erfi\/honors\/"},"modified":"2025-07-10T12:25:50","modified_gmt":"2025-07-10T10:25:50","slug":"honors","status":"publish","type":"page","link":"https:\/\/www.erfi.de\/en\/about-erfi\/honors\/","title":{"rendered":"Honors"},"content":{"rendered":"\n\n\t<section id=\"hero-title-text-2col-btn-block_5d3bf171388c80e2596d0dba5e1ce81e\" class=\"hero-title-text-2col-btn  hero-title-text-2col-btn\" data-uniqid=\"69e62b81ed1c8\">\n\t\t<div class=\"container\">\n\t\t\t<div class=\"hero-title-text-2col-btn__wrap padding-hor\">\n\t\t\t\t<div class=\"hero-title-text-2col-btn__content\">\n\t\t\t\t\t<div class=\"page-breadcrumbs\"><span><span><a href=\"https:\/\/www.erfi.de\/en\/\"><svg width=\"16\" height=\"17\" viewBox=\"0 0 16 17\" fill=\"none\" xmlns=\"http:\/\/www.w3.org\/2000\/svg\">\n            <path d=\"M6.71318 2.38L2.09318 6.08C1.57318 6.49333 1.23985 7.36666 1.35318 8.02L2.23985 13.3267C2.39985 14.2733 3.30652 15.04 4.26652 15.04H11.7332C12.6865 15.04 13.5999 14.2667 13.7599 13.3267L14.6465 8.02C14.7532 7.36666 14.4199 6.49333 13.9065 6.08L9.28652 2.38666C8.57318 1.81333 7.41985 1.81333 6.71318 2.38Z\" fill=\"#95C11F\" stroke=\"#95C11F\" stroke-width=\"1.5\" stroke-linecap=\"round\" stroke-linejoin=\"round\"\/>\n            <path d=\"M8 12.5V10.5\" stroke=\"white\" stroke-width=\"1.5\" stroke-linecap=\"round\" stroke-linejoin=\"round\"\/>\n        <\/svg>Home<\/a><\/span><\/span><\/div>\n\t\t\t\t\t\n\t\t\t\t\t\t\t\t\t\t\t<div class=\"hero-title-text-2col-btn__content__wrap\">\n\t\t\t\t\t\t\t<div class=\"hero-title-text-2col-btn__left\">\n\t\t\t\t\t\t\t\t\t\t\t\t\t\t\t\t\t<div class=\"headline_default headline_h1\">\n\t\t\t\t\t\t\t\t\t\t<h1>Our <span style=\"color: #95c11f\">Honors and Awards<\/span><\/h1>\n\t\t\t\t\t\t\t\t\t<\/div>\n\t\t\t\t\t\t\t\t\t\t\t\t\t\t\t\t\n\t\t\t\t\t\t\t<\/div>\n\t\t\t\t\t\t\t<div class=\"hero-title-text-2col-btn__right\">\n\t\t\t\t\t\t\t\t\t\t\t\t\t\t\t\t\t\t\t\t\t\t\t<\/div>\n\t\t\t\t\t\t<\/div>\n\t\t\t\t\t\t\t\t\t<\/div>\n\t\t\t<\/div>\n\t\t<\/div>\n\t<\/section>\n\n\n\n\t<section id=\"award-content-block_d6cf7bcdc31c59b163a910d0a817fca3\" class=\"award-content margin-vert\" data-uniqid=\"69e62b8206126\">\n\t\t<div class=\"container\">\n\t\t\t<div class=\"sidebar-vs-content padding-hor\">\n\t\t\t\t<div class=\"sidebar-vs-content__sidebar sidebar-vs-content__sidebar_js radius-16 bg-white\">\n\t\t\t\t\t<div class=\"sidebar-vs-content__sidebar-title sidebar-vs-content__sidebar-title_js\">\n\t\t\t\t\t\t<span>Honors<\/span>\n\t\t\t\t\t\t<svg width=\"16\" height=\"17\" viewBox=\"0 0 16 17\" fill=\"none\" xmlns=\"http:\/\/www.w3.org\/2000\/svg\">\n<path d=\"M13.2802 6.46667L8.93355 10.8133C8.42021 11.3267 7.58021 11.3267 7.06688 10.8133L2.72021 6.46667\" stroke=\"#272B27\" stroke-miterlimit=\"10\" stroke-linecap=\"round\" stroke-linejoin=\"round\"\/>\n<\/svg>\n\t\t\t\t\t<\/div>\n\t\t\t\t\t<div class=\"sidebar-vs-content__sidebar-menu\">\n\t\t\t\t\t\t<div id=\"anchors-links-award\" class=\"sidebar-vs-content__sidebar-menu-inner\">\n\t\t\t\t\t\t\t\t\t\t\t\t\t\t\t\t\t\t\t\t\t\t\t\t<a href=\"#fc-container-2\">Meilensteine der Elektronik<\/a>\n\t\t\t\t\t\t\t\t\t\t\t\t\t\t\t\t\t<a href=\"#fc-container-4\">German Design<\/a>\n\t\t\t\t\t\t\t\t\t\t\t\t\t\t\t\t\t<a href=\"#fc-container-6\">if Product Design<\/a>\n\t\t\t\t\t\t\t\t\t\t\t\t\t\t\t\t\t<a href=\"#fc-container-1\">red dot Award<\/a>\n\t\t\t\t\t\t\t\t\t\t\t\t\t\t\t\t\t<a href=\"#fc-container-5\">Focus Open<\/a>\n\t\t\t\t\t\t\t\t\t\t\t\t\t\t\t\t\t\t\t\t\t<\/div>\n\t\t\t\t\t<\/div>\n\t\t\t\t<\/div>\n\t\t\t\t<div class=\"sidebar-vs-content__img radius-16\">\n\t\t\t\t\t\t\t\t\t\t\t<div class=\"img_default\">\n\t\t\t\t\t\t\t<img loading=\"lazy\" decoding=\"async\" width=\"2832\" height=\"978\" src=\"https:\/\/www.erfi.de\/wp-content\/uploads\/2025\/05\/Frame-129.jpg\" class=\"attachment-full size-full\" alt=\"\" title=\"Frame-129\" srcset=\"https:\/\/www.erfi.de\/wp-content\/uploads\/2025\/05\/Frame-129.jpg 2832w, https:\/\/www.erfi.de\/wp-content\/uploads\/2025\/05\/Frame-129-300x104.jpg 300w, https:\/\/www.erfi.de\/wp-content\/uploads\/2025\/05\/Frame-129-1024x354.jpg 1024w, https:\/\/www.erfi.de\/wp-content\/uploads\/2025\/05\/Frame-129-768x265.jpg 768w, https:\/\/www.erfi.de\/wp-content\/uploads\/2025\/05\/Frame-129-1536x530.jpg 1536w, https:\/\/www.erfi.de\/wp-content\/uploads\/2025\/05\/Frame-129-2048x707.jpg 2048w\" sizes=\"auto, (max-width: 2832px) 100vw, 2832px\" \/>\t\t\t\t\t\t<\/div>\n\t\t\t\t\t\t\t\t\t<\/div>\n\t\t\t\t<div class=\"sidebar-vs-content__content sidebar-vs-content__content_pl fc-container\">\n\t\t\t\t\t\t\t\t\t\t\t\n\t\t\t\t\t\t\t\t\t\t\t\t\t\t\t<div id=\"fc-container-1\" class=\"fc-container__block fc-container__block-text \">\n\t\t\t\t\t\t\t\t\t\t\t\t\t\t\t\t\t\t\t<div class=\"subheadline_default\">\n\t\t\t\t\t\t\t\t\t\t\tMilestone in electronics\t\t\t\t\t\t\t\t\t\t<\/div>\n\t\t\t\t\t\t\t\t\t\t\t\t\t\t\t\t\t\t\t\t\t\t\t\t\t\t\t\t<div class=\"headline_default headline_h2\">\n\t\t\t\t\t\t\t\t\t\t\t<h2>Milestone in electronics<\/h2>\n\t\t\t\t\t\t\t\t\t\t<\/div>\n\t\t\t\t\t\t\t\t\t\t\t\t\t\t\t\t\t\t\t\t\t\t\t\t\t\t\t\t<div class=\"text_default\">\n\t\t\t\t\t\t\t\t\t\t\t<p>erfi Ernst Fischer &#8211; Award winner in the category: Workplace systems &#8211; The times could not have been more unfavorable: Germany lay in ruins and post-war reconstruction was in full swing. Carpenters were also in great demand at this time. <\/p>\n<p>Despite all the adverse circumstances, Ernst Fischer laid the foundation stone for his company in 1955: erfi. Initially industrial workbenches made of wood, demand increased very quickly and with the start of the economic upturn, Ernst Fischer had the idea of integrating electronic components into the work furniture. <\/p>\n<p>Today, erfi produces state-of-the-art laboratory workstations and the corresponding measuring devices in its networked production facility. So the circle is complete: from the beginnings of a carpenter who built wooden workbenches to networked laboratory workstations with integrated functions. <\/p>\n\t\t\t\t\t\t\t\t\t\t<\/div>\n\t\t\t\t\t\t\t\t\t\t\t\t\t\t\t\t\t<\/div>\n\t\t\t\t\t\t\t\n\t\t\t\t\t\t\t\n\t\t\t\t\t\t\n\t\t\t\t\t\t\t\n\t\t\t\t\t\t\t\t\t\t\t\t\t\t\t<div id=\"fc-container-2\" class=\"fc-container__block fc-container__block-img-2col fc-container__block_margin\">\n\t\t\t\t\t\t\t\t\t\t\t\t\t\t\t\t\t\t\t<div class=\"img_default radius-12\">\n\t\t\t\t\t\t\t\t\t\t\t<img loading=\"lazy\" decoding=\"async\" width=\"1024\" height=\"484\" src=\"https:\/\/www.erfi.de\/wp-content\/uploads\/2025\/05\/794089e474f8ea6075c28481e4ccdc08a667918e.png\" class=\"attachment-full size-full\" alt=\"\" title=\"794089e474f8ea6075c28481e4ccdc08a667918e\" srcset=\"https:\/\/www.erfi.de\/wp-content\/uploads\/2025\/05\/794089e474f8ea6075c28481e4ccdc08a667918e.png 1024w, https:\/\/www.erfi.de\/wp-content\/uploads\/2025\/05\/794089e474f8ea6075c28481e4ccdc08a667918e-300x142.png 300w, https:\/\/www.erfi.de\/wp-content\/uploads\/2025\/05\/794089e474f8ea6075c28481e4ccdc08a667918e-768x363.png 768w\" sizes=\"auto, (max-width: 1024px) 100vw, 1024px\" \/>\t\t\t\t\t\t\t\t\t\t<\/div>\n\t\t\t\t\t\t\t\t\t\t\t\t\t\t\t\t\t\t\t\t\t\t\t\t\t\t\t\t<div class=\"img_default radius-12\">\n\t\t\t\t\t\t\t\t\t\t\t<img loading=\"lazy\" decoding=\"async\" width=\"982\" height=\"600\" src=\"https:\/\/www.erfi.de\/wp-content\/uploads\/2025\/05\/Frame-212.jpg\" class=\"attachment-full size-full\" alt=\"\" title=\"Frame 212\" srcset=\"https:\/\/www.erfi.de\/wp-content\/uploads\/2025\/05\/Frame-212.jpg 982w, https:\/\/www.erfi.de\/wp-content\/uploads\/2025\/05\/Frame-212-300x183.jpg 300w, https:\/\/www.erfi.de\/wp-content\/uploads\/2025\/05\/Frame-212-768x469.jpg 768w\" sizes=\"auto, (max-width: 982px) 100vw, 982px\" \/>\t\t\t\t\t\t\t\t\t\t<\/div>\n\t\t\t\t\t\t\t\t\t\t\t\t\t\t\t\t\t<\/div>\n\t\t\t\t\t\t\t\n\t\t\t\t\t\t\n\t\t\t\t\t\t\t\t\t\t\t\t\t\t\t<div id=\"fc-container-3\" class=\"fc-container__block fc-container__block-text fc-container__block_margin\">\n\t\t\t\t\t\t\t\t\t\t\t\t\t\t\t\t\t\t\t<div class=\"subheadline_default\">\n\t\t\t\t\t\t\t\t\t\t\tGerman Design Award 2014\t\t\t\t\t\t\t\t\t\t<\/div>\n\t\t\t\t\t\t\t\t\t\t\t\t\t\t\t\t\t\t\t\t\t\t\t\t\t\t\t\t<div class=\"headline_default headline_h2\">\n\t\t\t\t\t\t\t\t\t\t\t<h2>German Design Award 2014<\/h2>\n\t\t\t\t\t\t\t\t\t\t<\/div>\n\t\t\t\t\t\t\t\t\t\t\t\t\t\t\t\t\t\t\t\t\t\t\t\t\t\t\t\t<div class=\"text_default\">\n\t\t\t\t\t\t\t\t\t\t\t<p>elneos connect was honored with the German Design Award for its structural flexibility and extreme lightness. The modular profile system, together with the connector, enables optimal media routing. This, among other things, makes the erfi bridge possible. The erfi bridge is a continuous table crossover equipped with devices and technical details, which would not be feasible without this profile system and the connector. <\/p>\n<p>The RBG LED task lighting, which can be adjusted in terms of brightness, light color and inclination, is equipped with sensor-based and therefore intuitive operation. The indication light shows the status of the desk in its various technical working states. The jury says &#8211; elneos connect, a formally clear product with beautiful details.  <\/p>\n\t\t\t\t\t\t\t\t\t\t<\/div>\n\t\t\t\t\t\t\t\t\t\t\t\t\t\t\t\t\t<\/div>\n\t\t\t\t\t\t\t\n\t\t\t\t\t\t\t\n\t\t\t\t\t\t\n\t\t\t\t\t\t\t\t\t\t\t\t\t\t\t<div id=\"fc-container-4\" class=\"fc-container__block fc-container__block-text \">\n\t\t\t\t\t\t\t\t\t\t\t\t\t\t\t\t\t\t\t<div class=\"subheadline_default\">\n\t\t\t\t\t\t\t\t\t\t\tif Product Design Award 2014\t\t\t\t\t\t\t\t\t\t<\/div>\n\t\t\t\t\t\t\t\t\t\t\t\t\t\t\t\t\t\t\t\t\t\t\t\t\t\t\t\t<div class=\"headline_default headline_h2\">\n\t\t\t\t\t\t\t\t\t\t\t<h2>if Product Design Award 2014<\/h2>\n\t\t\t\t\t\t\t\t\t\t<\/div>\n\t\t\t\t\t\t\t\t\t\t\t\t\t\t\t\t\t\t\t\t\t\t\t\t\t\t\t\t<div class=\"text_default\">\n\t\t\t\t\t\t\t\t\t\t\t<p>For 60 years, iF has stood for the perfect combination of design and business. What began in 1953 as a &#8220;special exhibition of form-fit industrial products&#8221; at the Hannover trade fair grounds has today evolved into an internationally operating design center headquartered in downtown Hannover with exhibitions worldwide. The original association, iF Industrie Forum Design e.V., is supported by iF International Forum Design GmbH, which acts as the organizer of all iF competitions, especially the three main competitions: the iF Product Design Award, iF Communication Design Award, and iF Packaging Design Award. These iF Design Awards reflect current trends in design and the economic value of well-designed products.  <\/p>\n<p>The award ceremony took place on February 28, 2014 as part of a festive event. Afterwards, elneos five and elneos connect were exhibited in a special exhibition from October 4, 2014 to February 15, 2015 in the middle of the new HafenCity. The design metropolis of Hamburg offers a particularly attractive attraction for the media and professional world as well as for the public interested in design and architecture.  <\/p>\n\t\t\t\t\t\t\t\t\t\t<\/div>\n\t\t\t\t\t\t\t\t\t\t\t\t\t\t\t\t\t<\/div>\n\t\t\t\t\t\t\t\n\t\t\t\t\t\t\t\n\t\t\t\t\t\t\n\t\t\t\t\t\t\t\t\t\t\t\t\t\t\t<div id=\"fc-container-5\" class=\"fc-container__block fc-container__block-text fc-container__block_margin\">\n\t\t\t\t\t\t\t\t\t\t\t\t\t\t\t\t\t\t\t<div class=\"subheadline_default\">\n\t\t\t\t\t\t\t\t\t\t\treddot Design Award 2013\t\t\t\t\t\t\t\t\t\t<\/div>\n\t\t\t\t\t\t\t\t\t\t\t\t\t\t\t\t\t\t\t\t\t\t\t\t\t\t\t\t<div class=\"headline_default headline_h2\">\n\t\t\t\t\t\t\t\t\t\t\t<h2>reddot Design Award 2013<\/h2>\n\t\t\t\t\t\t\t\t\t\t<\/div>\n\t\t\t\t\t\t\t\t\t\t\t\t\t\t\t\t\t\t\t\t\t\t\t\t\t\t\t\t<div class=\"text_default\">\n\t\t\t\t\t\t\t\t\t\t\t<p>erfi&#8217;s innovative strength impressed the 37-member expert jury of the red dot award: product design 2013. Those who convince the renowned experts can adorn their product creation with the &#8220;red dot&#8221; and position themselves on an international level. The jurors were delighted with the 4,662 entries in 19 different categories in the current competition. Only the best designs were able to impress the jury and so the elneos five electronic appliance system and elneos connect workstation system were awarded the &#8220;red dot&#8221; for their successful design concept.  <\/p>\n<p>Economic success and good design go hand in hand, especially today: \u201cThe winners of the Red Dot Award: Product Design 2013 are the protagonists of a highly developed design culture and design economy. Nowadays, it is becoming increasingly difficult to distinguish well-designed products from one another. Unique features often only become visible in the details. However, those product creations that pass the critical eyes of the international Red Dot jury will not get lost in the crowd and will be able to assert themselves in global competition.\u201d<br \/>The Red Dot Design Award<br \/>With the Red Dot Design Award, the Design Zentrum Nordrhein Westfalen created one of the most internationally renowned competitions. <\/p>\n<p>Its award, the \u201cRed Dot,\u201d has established itself worldwide as one of the most coveted quality seals for outstanding design. The awarded products are exhibited by the Design Zentrum Nordrhein Westfalen for at least one year in the Red Dot Design Museum. To professionally assess the diversity in the field of design, the Red Dot Design Award is divided into various disciplines: \u201cRed Dot Award: Product Design,\u201d \u201cRed Dot Award: Communication Design,\u201d and \u201cRed Dot Award: Design Concept.\u201d  <\/p>\n\t\t\t\t\t\t\t\t\t\t<\/div>\n\t\t\t\t\t\t\t\t\t\t\t\t\t\t\t\t\t<\/div>\n\t\t\t\t\t\t\t\n\t\t\t\t\t\t\t\n\t\t\t\t\t\t\n\t\t\t\t\t\t\t\t\t\t\t\t\t\t\t<div id=\"fc-container-6\" class=\"fc-container__block fc-container__block-text fc-container__block_margin\">\n\t\t\t\t\t\t\t\t\t\t\t\t\t\t\t\t\t\t\t<div class=\"subheadline_default\">\n\t\t\t\t\t\t\t\t\t\t\tFocus Open 2013\t\t\t\t\t\t\t\t\t\t<\/div>\n\t\t\t\t\t\t\t\t\t\t\t\t\t\t\t\t\t\t\t\t\t\t\t\t\t\t\t\t<div class=\"headline_default headline_h2\">\n\t\t\t\t\t\t\t\t\t\t\t<h2>Focus Open 2013<\/h2>\n\t\t\t\t\t\t\t\t\t\t<\/div>\n\t\t\t\t\t\t\t\t\t\t\t\t\t\t\t\t\t\t\t\t\t\t\t\t\t\t\t\t<div class=\"text_default\">\n\t\t\t\t\t\t\t\t\t\t\t<p>The International Design Award Baden W\u00fcrttemberg Focus Open is sponsored and organized by the Design Center Stuttgart. This award has been a regular milestone in the competitive landscape of the region, Germany, and abroad for many years. It is highly regarded for its non-commercial focus and its emphasis on small and medium-sized enterprises. <\/p>\n<p>Among the approximately 300 international entries in a wide range of categories, 68 winners of the Focus Open. The jury awarded our new product elneos five and elneos connect the Focus Open 2013 Silver for above-average design achievements. <\/p>\n\t\t\t\t\t\t\t\t\t\t<\/div>\n\t\t\t\t\t\t\t\t\t\t\t\t\t\t\t\t\t<\/div>\n\t\t\t\t\t\t\t\n\t\t\t\t\t\t\t\n\t\t\t\t\t\t\t\t\t\t\t\t\t\t\t<\/div>\n\t\t\t<\/div>\n\t\t<\/div>\n\n\t\t<div style=\"display:none;\" class=\"container\">\n\t\t\t<div class=\"img-text-50-50__grid \">\n\t\t\t\t<div class=\"img-text-50-50__content\">\n\t\t\t\t\t<div>\n\t\t\t\t\t\t\t\t\t\t\t\t\t<div class=\"subheadline_default\">Focus Open 2013<\/div>\n\t\t\t\t\t\t\t\t\t\t\t\t\t\t\t\t\t\t\t<div class=\"headline_default headline_h2\">\n\t\t\t\t\t\t\t\t<h2>Focus Open 2013<\/h2>\n\t\t\t\t\t\t\t<\/div>\n\t\t\t\t\t\t\t\t\t\t\t<\/div>\n\t\t\t\t\t\t\t\t\t\t\t<div class=\"text_default\">\n\t\t\t\t\t\t\t<p>The International Design Award Baden W\u00fcrttemberg Focus Open is sponsored and organized by the Design Center Stuttgart. This award has been a regular milestone in the competitive landscape of the region, Germany, and abroad for many years. It is highly regarded for its non-commercial focus and its emphasis on small and medium-sized enterprises. <\/p>\n<p>Among the approximately 300 international entries in a wide range of categories, 68 winners of the Focus Open. The jury awarded our new product elneos five and elneos connect the Focus Open 2013 Silver for above-average design achievements. <\/p>\n\t\t\t\t\t\t<\/div>\n\t\t\t\t\t\t\t\t\t\t\t\t\t\t<\/div>\n\t\t\t\t<div class=\"img-text-50-50__img radius-16\">\n\t\t\t\t\t\t\t\t\t\t\t<div class=\"img_default\">\n\t\t\t\t\t\t\t<img loading=\"lazy\" decoding=\"async\" width=\"2832\" height=\"978\" src=\"https:\/\/www.erfi.de\/wp-content\/uploads\/2025\/05\/Frame-129.jpg\" class=\"attachment-full size-full\" alt=\"\" title=\"Frame-129\" srcset=\"https:\/\/www.erfi.de\/wp-content\/uploads\/2025\/05\/Frame-129.jpg 2832w, https:\/\/www.erfi.de\/wp-content\/uploads\/2025\/05\/Frame-129-300x104.jpg 300w, https:\/\/www.erfi.de\/wp-content\/uploads\/2025\/05\/Frame-129-1024x354.jpg 1024w, https:\/\/www.erfi.de\/wp-content\/uploads\/2025\/05\/Frame-129-768x265.jpg 768w, https:\/\/www.erfi.de\/wp-content\/uploads\/2025\/05\/Frame-129-1536x530.jpg 1536w, https:\/\/www.erfi.de\/wp-content\/uploads\/2025\/05\/Frame-129-2048x707.jpg 2048w\" sizes=\"auto, (max-width: 2832px) 100vw, 2832px\" \/>\t\t\t\t\t\t<\/div>\n\t\t\t\t\t\t\t\t\t<\/div>\n\t\t\t<\/div>\n\t\t<\/div>\n\t<\/section>\n\n","protected":false},"excerpt":{"rendered":"","protected":false},"author":1,"featured_media":0,"parent":6239,"menu_order":53,"comment_status":"closed","ping_status":"closed","template":"","meta":{"_acf_changed":false,"_processed":"false","footnotes":""},"class_list":["post-6319","page","type-page","status-publish","hentry"],"acf":[],"yoast_head":"<!-- This site is optimized with the Yoast SEO plugin v25.8 - https:\/\/yoast.com\/wordpress\/plugins\/seo\/ -->\n<title>reddot Design Award 2013<\/title>\n<meta name=\"description\" content=\"erfi&#039;s innovative strength impressed the 37-member expert jury of the red dot award: product design 2013.\" \/>\n<meta name=\"robots\" content=\"index, follow, max-snippet:-1, max-image-preview:large, max-video-preview:-1\" \/>\n<link rel=\"canonical\" href=\"https:\/\/www.erfi.de\/en\/about-erfi\/honors\/\" \/>\n<meta property=\"og:locale\" content=\"en_US\" \/>\n<meta property=\"og:type\" content=\"article\" \/>\n<meta property=\"og:title\" content=\"reddot Design Award 2013\" \/>\n<meta property=\"og:description\" content=\"erfi&#039;s innovative strength impressed the 37-member expert jury of the red dot award: product design 2013.\" \/>\n<meta property=\"og:url\" content=\"https:\/\/www.erfi.de\/en\/about-erfi\/honors\/\" \/>\n<meta property=\"og:site_name\" content=\"erfi\" \/>\n<meta property=\"article:modified_time\" content=\"2025-07-10T10:25:50+00:00\" \/>\n<meta property=\"og:image\" content=\"https:\/\/www.erfi.de\/wp-content\/uploads\/2025\/05\/og-image.png\" \/>\n\t<meta property=\"og:image:width\" content=\"1316\" \/>\n\t<meta property=\"og:image:height\" content=\"779\" \/>\n\t<meta property=\"og:image:type\" content=\"image\/png\" \/>\n<meta name=\"twitter:card\" content=\"summary_large_image\" \/>\n<script type=\"application\/ld+json\" class=\"yoast-schema-graph\">{\"@context\":\"https:\/\/schema.org\",\"@graph\":[{\"@type\":\"WebPage\",\"@id\":\"https:\/\/www.erfi.de\/en\/about-erfi\/honors\/\",\"url\":\"https:\/\/www.erfi.de\/en\/about-erfi\/honors\/\",\"name\":\"reddot Design Award 2013\",\"isPartOf\":{\"@id\":\"https:\/\/www.erfi.de\/en\/#website\"},\"datePublished\":\"2025-05-20T11:59:07+00:00\",\"dateModified\":\"2025-07-10T10:25:50+00:00\",\"description\":\"erfi's innovative strength impressed the 37-member expert jury of the red dot award: product design 2013.\",\"breadcrumb\":{\"@id\":\"https:\/\/www.erfi.de\/en\/about-erfi\/honors\/#breadcrumb\"},\"inLanguage\":\"en-US\",\"potentialAction\":[{\"@type\":\"ReadAction\",\"target\":[\"https:\/\/www.erfi.de\/en\/about-erfi\/honors\/\"]}]},{\"@type\":\"BreadcrumbList\",\"@id\":\"https:\/\/www.erfi.de\/en\/about-erfi\/honors\/#breadcrumb\",\"itemListElement\":[{\"@type\":\"ListItem\",\"position\":1,\"name\":\"Home\",\"item\":\"https:\/\/www.erfi.de\/en\/\"},{\"@type\":\"ListItem\",\"position\":2,\"name\":\"about erfi\",\"item\":\"https:\/\/www.erfi.de\/en\/about-erfi\/\"},{\"@type\":\"ListItem\",\"position\":3,\"name\":\"Honors\"}]},{\"@type\":\"WebSite\",\"@id\":\"https:\/\/www.erfi.de\/en\/#website\",\"url\":\"https:\/\/www.erfi.de\/en\/\",\"name\":\"Effiziente Komplettl\u00f6sungen f\u00fcr Ihr Labor \u00bb\",\"description\":\"Innovative Arbeitsplatzsysteme, Lehrsysteme, Mess- und Pr\u00fcfger\u00e4te f\u00fcr Labor, Industrie und B\u00fcro. \u00dcberzeugen Sie sich von unserer Kompetenz!\",\"alternateName\":\"Innovative Arbeitsplatzsysteme, Lehrsysteme, Mess- und Pr\u00fcfger\u00e4te f\u00fcr Labor, Industrie und B\u00fcro. \u00dcberzeugen Sie sich von unserer Kompetenz!\",\"potentialAction\":[{\"@type\":\"SearchAction\",\"target\":{\"@type\":\"EntryPoint\",\"urlTemplate\":\"https:\/\/www.erfi.de\/en\/?s={search_term_string}\"},\"query-input\":{\"@type\":\"PropertyValueSpecification\",\"valueRequired\":true,\"valueName\":\"search_term_string\"}}],\"inLanguage\":\"en-US\"}]}<\/script>\n<!-- \/ Yoast SEO plugin. -->","yoast_head_json":{"title":"reddot Design Award 2013","description":"erfi's innovative strength impressed the 37-member expert jury of the red dot award: product design 2013.","robots":{"index":"index","follow":"follow","max-snippet":"max-snippet:-1","max-image-preview":"max-image-preview:large","max-video-preview":"max-video-preview:-1"},"canonical":"https:\/\/www.erfi.de\/en\/about-erfi\/honors\/","og_locale":"en_US","og_type":"article","og_title":"reddot Design Award 2013","og_description":"erfi's innovative strength impressed the 37-member expert jury of the red dot award: product design 2013.","og_url":"https:\/\/www.erfi.de\/en\/about-erfi\/honors\/","og_site_name":"erfi","article_modified_time":"2025-07-10T10:25:50+00:00","og_image":[{"width":1316,"height":779,"url":"https:\/\/www.erfi.de\/wp-content\/uploads\/2025\/05\/og-image.png","type":"image\/png"}],"twitter_card":"summary_large_image","schema":{"@context":"https:\/\/schema.org","@graph":[{"@type":"WebPage","@id":"https:\/\/www.erfi.de\/en\/about-erfi\/honors\/","url":"https:\/\/www.erfi.de\/en\/about-erfi\/honors\/","name":"reddot Design Award 2013","isPartOf":{"@id":"https:\/\/www.erfi.de\/en\/#website"},"datePublished":"2025-05-20T11:59:07+00:00","dateModified":"2025-07-10T10:25:50+00:00","description":"erfi's innovative strength impressed the 37-member expert jury of the red dot award: product design 2013.","breadcrumb":{"@id":"https:\/\/www.erfi.de\/en\/about-erfi\/honors\/#breadcrumb"},"inLanguage":"en-US","potentialAction":[{"@type":"ReadAction","target":["https:\/\/www.erfi.de\/en\/about-erfi\/honors\/"]}]},{"@type":"BreadcrumbList","@id":"https:\/\/www.erfi.de\/en\/about-erfi\/honors\/#breadcrumb","itemListElement":[{"@type":"ListItem","position":1,"name":"Home","item":"https:\/\/www.erfi.de\/en\/"},{"@type":"ListItem","position":2,"name":"about erfi","item":"https:\/\/www.erfi.de\/en\/about-erfi\/"},{"@type":"ListItem","position":3,"name":"Honors"}]},{"@type":"WebSite","@id":"https:\/\/www.erfi.de\/en\/#website","url":"https:\/\/www.erfi.de\/en\/","name":"Effiziente Komplettl\u00f6sungen f\u00fcr Ihr Labor \u00bb","description":"Innovative Arbeitsplatzsysteme, Lehrsysteme, Mess- und Pr\u00fcfger\u00e4te f\u00fcr Labor, Industrie und B\u00fcro. \u00dcberzeugen Sie sich von unserer Kompetenz!","alternateName":"Innovative Arbeitsplatzsysteme, Lehrsysteme, Mess- und Pr\u00fcfger\u00e4te f\u00fcr Labor, Industrie und B\u00fcro. \u00dcberzeugen Sie sich von unserer Kompetenz!","potentialAction":[{"@type":"SearchAction","target":{"@type":"EntryPoint","urlTemplate":"https:\/\/www.erfi.de\/en\/?s={search_term_string}"},"query-input":{"@type":"PropertyValueSpecification","valueRequired":true,"valueName":"search_term_string"}}],"inLanguage":"en-US"}]}},"_links":{"self":[{"href":"https:\/\/www.erfi.de\/en\/wp-json\/wp\/v2\/pages\/6319","targetHints":{"allow":["GET"]}}],"collection":[{"href":"https:\/\/www.erfi.de\/en\/wp-json\/wp\/v2\/pages"}],"about":[{"href":"https:\/\/www.erfi.de\/en\/wp-json\/wp\/v2\/types\/page"}],"author":[{"embeddable":true,"href":"https:\/\/www.erfi.de\/en\/wp-json\/wp\/v2\/users\/1"}],"replies":[{"embeddable":true,"href":"https:\/\/www.erfi.de\/en\/wp-json\/wp\/v2\/comments?post=6319"}],"version-history":[{"count":3,"href":"https:\/\/www.erfi.de\/en\/wp-json\/wp\/v2\/pages\/6319\/revisions"}],"predecessor-version":[{"id":6529,"href":"https:\/\/www.erfi.de\/en\/wp-json\/wp\/v2\/pages\/6319\/revisions\/6529"}],"up":[{"embeddable":true,"href":"https:\/\/www.erfi.de\/en\/wp-json\/wp\/v2\/pages\/6239"}],"wp:attachment":[{"href":"https:\/\/www.erfi.de\/en\/wp-json\/wp\/v2\/media?parent=6319"}],"curies":[{"name":"wp","href":"https:\/\/api.w.org\/{rel}","templated":true}]}}