{"id":5700,"date":"2025-06-04T14:37:36","date_gmt":"2025-06-04T12:37:36","guid":{"rendered":"https:\/\/erfi-staging.seiten.co\/if-product-design-award-2014\/"},"modified":"2025-07-09T09:48:52","modified_gmt":"2025-07-09T07:48:52","slug":"if-product-design-award-2014","status":"publish","type":"page","link":"https:\/\/www.erfi.de\/en\/about-erfi\/honors\/if-product-design-award-2014\/","title":{"rendered":"if Product Design Award 2014"},"content":{"rendered":"\n\n\t<section id=\"company-inner-page-block_45d8b03b58aa697a62466551e200a5b6\" data-uniqid=\"69d86f834d903\" class=\"company-inner-page margin-bottom\">\n\t\t<div class=\"company-inner-page__top\">\n\t\t\t<div class=\"container\">\n\t\t\t\t<div class=\"company-inner-page__head padding-hor\">\n\t\t\t\t\t<div class=\"page-breadcrumbs\"><span><span><a href=\"https:\/\/www.erfi.de\/en\/\"><svg width=\"16\" height=\"17\" viewBox=\"0 0 16 17\" fill=\"none\" xmlns=\"http:\/\/www.w3.org\/2000\/svg\">\n            <path d=\"M6.71318 2.38L2.09318 6.08C1.57318 6.49333 1.23985 7.36666 1.35318 8.02L2.23985 13.3267C2.39985 14.2733 3.30652 15.04 4.26652 15.04H11.7332C12.6865 15.04 13.5999 14.2667 13.7599 13.3267L14.6465 8.02C14.7532 7.36666 14.4199 6.49333 13.9065 6.08L9.28652 2.38666C8.57318 1.81333 7.41985 1.81333 6.71318 2.38Z\" fill=\"#95C11F\" stroke=\"#95C11F\" stroke-width=\"1.5\" stroke-linecap=\"round\" stroke-linejoin=\"round\"\/>\n            <path d=\"M8 12.5V10.5\" stroke=\"white\" stroke-width=\"1.5\" stroke-linecap=\"round\" stroke-linejoin=\"round\"\/>\n        <\/svg>Home<\/a><\/span><\/span><\/div>\t\t\t\t\t<div class=\"line-menu-pages\">\n\t\t\t\t\t\t<ul id=\"menu-ueber_erfi-englisch\" class=\"swiper-wrapper\"><div class=\"swiper-slide menu-item menu-item-type-post_type menu-item-object-page\"><a href=\"https:\/\/www.erfi.de\/en\/about-erfi\/production-site\/\">Production site<\/a><\/div>\n<div class=\"swiper-slide menu-item menu-item-type-post_type menu-item-object-page\"><a href=\"https:\/\/www.erfi.de\/en\/about-erfi\/customer-center\/\">Virtual customer center<\/a><\/div>\n<div class=\"swiper-slide menu-item menu-item-type-post_type menu-item-object-page\"><a href=\"https:\/\/www.erfi.de\/en\/about-erfi\/customer-center-2\/\">Customer Center<\/a><\/div>\n<div class=\"swiper-slide menu-item menu-item-type-post_type menu-item-object-page\"><a href=\"https:\/\/www.erfi.de\/en\/philosophy\/\">Philosophy<\/a><\/div>\n<div class=\"swiper-slide menu-item menu-item-type-post_type menu-item-object-page\"><a href=\"https:\/\/www.erfi.de\/en\/about-erfi\/online-consulting\/\">Online Consulting<\/a><\/div>\n<\/ul>\t\t\t\t\t<\/div>\n\t\t\t\t<\/div>\n\t\t\t<\/div>\n\t\t<\/div>\n\t\t<div class=\"container\">\n\t\t\t<div class=\"sidebar-vs-content padding-hor\">\n\t\t\t\t<div class=\"sidebar-vs-content__sidebar sidebar-vs-content__sidebar_js radius-16 bg-white\">\n\t\t\t\t\t<div class=\"sidebar-vs-content__sidebar-title sidebar-vs-content__sidebar-title_js\">\n\t\t\t\t\t\t<span class=\"sidebar-vs-content__sidebar-title_desk\">\n\t\t\t\t\t\t\tHonors\t\t\t\t\t\t<\/span>\n\t\t\t\t\t\t<span class=\"sidebar-vs-content__sidebar-title_mob\">if Product Design Award 2014<\/span>\n\t\t\t\t\t\t<svg width=\"16\" height=\"17\" viewBox=\"0 0 16 17\" fill=\"none\" xmlns=\"http:\/\/www.w3.org\/2000\/svg\">\n<path d=\"M13.2802 6.46667L8.93355 10.8133C8.42021 11.3267 7.58021 11.3267 7.06688 10.8133L2.72021 6.46667\" stroke=\"#272B27\" stroke-miterlimit=\"10\" stroke-linecap=\"round\" stroke-linejoin=\"round\"\/>\n<\/svg>\n\t\t\t\t\t<\/div>\n\t\t\t\t\t<div class=\"sidebar-vs-content__sidebar-menu\">\n\t\t\t\t\t\t<div class=\"sidebar-vs-content__sidebar-menu-inner\">\n\t\t\t\t\t\t\t<ul id=\"menu-unternehmen-englisch\" class=\"menu\"><li id=\"menu-item-6378\" class=\"menu-item menu-item-type-post_type menu-item-object-page menu-item-6378\"><a href=\"https:\/\/www.erfi.de\/en\/philosophy\/\">Philosophy<\/a><\/li>\n<li id=\"menu-item-6379\" class=\"menu-item menu-item-type-post_type menu-item-object-page menu-item-6379\"><a href=\"https:\/\/www.erfi.de\/en\/erfi-today\/\">erfi today<\/a><\/li>\n<li id=\"menu-item-6380\" class=\"menu-item menu-item-type-post_type menu-item-object-page menu-item-6380\"><a href=\"https:\/\/www.erfi.de\/en\/history\/\">History<\/a><\/li>\n<\/ul>\t\t\t\t\t\t\t\t\t\t\t\t\t<\/div>\n\t\t\t\t\t<\/div>\n\t\t\t\t<\/div>\n\n\t\t\t\t<div class=\"sidebar-vs-content__content sidebar-vs-content__content_pl fc-container\">\n\t\t\t\t\t\t\t\t\t\t\t\n\t\t\t\t\t\t\t\t\t\t\t\t\t\t\t<div class=\"fc-container__block fc-container__block-text \">\n\t\t\t\t\t\t\t\t\t\t\t\t\t\t\t\t\t\t\t\t\t\t\t\t\t\t\t\t<div class=\"headline_default\">\n\t\t\t\t\t\t\t\t\t\t\t<h1>if Product Design Award 2014<\/h1>\n\t\t\t\t\t\t\t\t\t\t<\/div>\n\t\t\t\t\t\t\t\t\t\t\t\t\t\t\t\t\t\t\t\t\t\t\t\t\t\t\t\t<div class=\"text_default\">\n\t\t\t\t\t\t\t\t\t\t\t<p>For 60 years, iF has stood for the perfect combination of design and business. What began in 1953 as a &#8220;special show of industrial products of appropriate form&#8221; at the Hanover Exhibition Grounds is now an internationally active design center with headquarters in downtown Hanover and exhibitions worldwide. The original association, iF Industrie Forum Design e.V., is supported by iF International Forum Design GmbH, which acts as the organizer of all iF competitions, in particular the three main competitions iF product design award, iF communication design award and iF packaging design award. These iF design awards reflect current trends in design and the cost-effectiveness of well-designed products.   <\/p>\n<p>The award ceremony took place on February 28, 2014 as part of a festive event. Afterwards, elneos five and elneos connect were exhibited in a special exhibition from October 4, 2014 to February 15, 2015 in the middle of the new HafenCity. The design metropolis of Hamburg offers a particularly attractive attraction for the media and professional world as well as for the public interested in design and architecture.  <\/p>\n<p>Further information at: <a href=\"http:\/\/www.ifdesign.de\/\" target=\"_self\" rel=\"nofollow noopener\">www.ifdesign.de<\/a><\/p>\n\t\t\t\t\t\t\t\t\t\t<\/div>\n\t\t\t\t\t\t\t\t\t\t\t\t\t\t\t\t\t<\/div>\n\t\t\t\t\t\t\t\n\t\t\t\t\t\t\t\n\t\t\t\t\t\t\t\n\t\t\t\t\t\t\t\n\t\t\t\t\t\t\t\t\t\t\t\t\t\t\t<\/div>\n\t\t\t<\/div>\n\t\t<\/div>\n\t<\/section>\n\n\t<script>\n\t\tdocument.addEventListener('DOMContentLoaded', function() {\n\t\t\tconst swiper = new Swiper('section[data-uniqid=\"69d86f834d903\"] .swiper', {\n\t\t\t\tspeed: 600,\n\t\t\t\tspaceBetween: 0,\n\t\t\t\tloop: true,\n\t\t\t\tgrabCursor: true,\n\t\t\t\tautoplay: {\n\t\t\t\t\t\t\t\t\tdelay: 2000,\n\t\t\t\t\t\t\t\t\tdisableOnInteraction: false,\n\t\t\t\t\t\t\t\t},\n\t\t\t\tpagination: {\n\t\t\t\t\tel: \".swiper-pagination\",\n\t\t\t\t\tclickable: true,\n\t\t\t\t},\n\t\t\t});\n\t\t})\n\t<\/script>\n\n","protected":false},"excerpt":{"rendered":"","protected":false},"author":2,"featured_media":0,"parent":6319,"menu_order":30,"comment_status":"closed","ping_status":"closed","template":"","meta":{"_acf_changed":false,"_processed":"false","footnotes":""},"class_list":["post-5700","page","type-page","status-publish","hentry"],"acf":[],"yoast_head":"<!-- This site is optimized with the Yoast SEO plugin v25.8 - https:\/\/yoast.com\/wordpress\/plugins\/seo\/ -->\n<title>if Product Design Award 2014 &quot;<\/title>\n<meta name=\"description\" content=\"For 60 years, iF has stood for the perfect combination of design and business.\" \/>\n<meta name=\"robots\" content=\"index, follow, max-snippet:-1, max-image-preview:large, max-video-preview:-1\" \/>\n<link rel=\"canonical\" href=\"https:\/\/www.erfi.de\/en\/about-erfi\/honors\/if-product-design-award-2014\/\" \/>\n<meta property=\"og:locale\" content=\"en_US\" \/>\n<meta property=\"og:type\" content=\"article\" \/>\n<meta property=\"og:title\" content=\"if Product Design Award 2014 &quot;\" \/>\n<meta property=\"og:description\" content=\"For 60 years, iF has stood for the perfect combination of design and business.\" \/>\n<meta property=\"og:url\" content=\"https:\/\/www.erfi.de\/en\/about-erfi\/honors\/if-product-design-award-2014\/\" \/>\n<meta property=\"og:site_name\" content=\"erfi\" \/>\n<meta property=\"article:modified_time\" content=\"2025-07-09T07:48:52+00:00\" \/>\n<meta property=\"og:image\" content=\"https:\/\/www.erfi.de\/wp-content\/uploads\/2025\/05\/og-image.png\" \/>\n\t<meta property=\"og:image:width\" content=\"1316\" \/>\n\t<meta property=\"og:image:height\" content=\"779\" \/>\n\t<meta property=\"og:image:type\" content=\"image\/png\" \/>\n<meta name=\"twitter:card\" content=\"summary_large_image\" \/>\n<script type=\"application\/ld+json\" class=\"yoast-schema-graph\">{\"@context\":\"https:\/\/schema.org\",\"@graph\":[{\"@type\":\"WebPage\",\"@id\":\"https:\/\/www.erfi.de\/en\/about-erfi\/honors\/if-product-design-award-2014\/\",\"url\":\"https:\/\/www.erfi.de\/en\/about-erfi\/honors\/if-product-design-award-2014\/\",\"name\":\"if Product Design Award 2014 \\\"\",\"isPartOf\":{\"@id\":\"https:\/\/www.erfi.de\/en\/#website\"},\"datePublished\":\"2025-06-04T12:37:36+00:00\",\"dateModified\":\"2025-07-09T07:48:52+00:00\",\"description\":\"For 60 years, iF has stood for the perfect combination of design and business.\",\"breadcrumb\":{\"@id\":\"https:\/\/www.erfi.de\/en\/about-erfi\/honors\/if-product-design-award-2014\/#breadcrumb\"},\"inLanguage\":\"en-US\",\"potentialAction\":[{\"@type\":\"ReadAction\",\"target\":[\"https:\/\/www.erfi.de\/en\/about-erfi\/honors\/if-product-design-award-2014\/\"]}]},{\"@type\":\"BreadcrumbList\",\"@id\":\"https:\/\/www.erfi.de\/en\/about-erfi\/honors\/if-product-design-award-2014\/#breadcrumb\",\"itemListElement\":[{\"@type\":\"ListItem\",\"position\":1,\"name\":\"Home\",\"item\":\"https:\/\/www.erfi.de\/en\/\"},{\"@type\":\"ListItem\",\"position\":2,\"name\":\"about erfi\",\"item\":\"https:\/\/www.erfi.de\/en\/about-erfi\/\"},{\"@type\":\"ListItem\",\"position\":3,\"name\":\"Honors\",\"item\":\"https:\/\/www.erfi.de\/en\/about-erfi\/honors\/\"},{\"@type\":\"ListItem\",\"position\":4,\"name\":\"if Product Design Award 2014\"}]},{\"@type\":\"WebSite\",\"@id\":\"https:\/\/www.erfi.de\/en\/#website\",\"url\":\"https:\/\/www.erfi.de\/en\/\",\"name\":\"Effiziente Komplettl\u00f6sungen f\u00fcr Ihr Labor \u00bb\",\"description\":\"Innovative Arbeitsplatzsysteme, Lehrsysteme, Mess- und Pr\u00fcfger\u00e4te f\u00fcr Labor, Industrie und B\u00fcro. \u00dcberzeugen Sie sich von unserer Kompetenz!\",\"alternateName\":\"Innovative Arbeitsplatzsysteme, Lehrsysteme, Mess- und Pr\u00fcfger\u00e4te f\u00fcr Labor, Industrie und B\u00fcro. \u00dcberzeugen Sie sich von unserer Kompetenz!\",\"potentialAction\":[{\"@type\":\"SearchAction\",\"target\":{\"@type\":\"EntryPoint\",\"urlTemplate\":\"https:\/\/www.erfi.de\/en\/?s={search_term_string}\"},\"query-input\":{\"@type\":\"PropertyValueSpecification\",\"valueRequired\":true,\"valueName\":\"search_term_string\"}}],\"inLanguage\":\"en-US\"}]}<\/script>\n<!-- \/ Yoast SEO plugin. -->","yoast_head_json":{"title":"if Product Design Award 2014 \"","description":"For 60 years, iF has stood for the perfect combination of design and business.","robots":{"index":"index","follow":"follow","max-snippet":"max-snippet:-1","max-image-preview":"max-image-preview:large","max-video-preview":"max-video-preview:-1"},"canonical":"https:\/\/www.erfi.de\/en\/about-erfi\/honors\/if-product-design-award-2014\/","og_locale":"en_US","og_type":"article","og_title":"if Product Design Award 2014 \"","og_description":"For 60 years, iF has stood for the perfect combination of design and business.","og_url":"https:\/\/www.erfi.de\/en\/about-erfi\/honors\/if-product-design-award-2014\/","og_site_name":"erfi","article_modified_time":"2025-07-09T07:48:52+00:00","og_image":[{"width":1316,"height":779,"url":"https:\/\/www.erfi.de\/wp-content\/uploads\/2025\/05\/og-image.png","type":"image\/png"}],"twitter_card":"summary_large_image","schema":{"@context":"https:\/\/schema.org","@graph":[{"@type":"WebPage","@id":"https:\/\/www.erfi.de\/en\/about-erfi\/honors\/if-product-design-award-2014\/","url":"https:\/\/www.erfi.de\/en\/about-erfi\/honors\/if-product-design-award-2014\/","name":"if Product Design Award 2014 \"","isPartOf":{"@id":"https:\/\/www.erfi.de\/en\/#website"},"datePublished":"2025-06-04T12:37:36+00:00","dateModified":"2025-07-09T07:48:52+00:00","description":"For 60 years, iF has stood for the perfect combination of design and business.","breadcrumb":{"@id":"https:\/\/www.erfi.de\/en\/about-erfi\/honors\/if-product-design-award-2014\/#breadcrumb"},"inLanguage":"en-US","potentialAction":[{"@type":"ReadAction","target":["https:\/\/www.erfi.de\/en\/about-erfi\/honors\/if-product-design-award-2014\/"]}]},{"@type":"BreadcrumbList","@id":"https:\/\/www.erfi.de\/en\/about-erfi\/honors\/if-product-design-award-2014\/#breadcrumb","itemListElement":[{"@type":"ListItem","position":1,"name":"Home","item":"https:\/\/www.erfi.de\/en\/"},{"@type":"ListItem","position":2,"name":"about erfi","item":"https:\/\/www.erfi.de\/en\/about-erfi\/"},{"@type":"ListItem","position":3,"name":"Honors","item":"https:\/\/www.erfi.de\/en\/about-erfi\/honors\/"},{"@type":"ListItem","position":4,"name":"if Product Design Award 2014"}]},{"@type":"WebSite","@id":"https:\/\/www.erfi.de\/en\/#website","url":"https:\/\/www.erfi.de\/en\/","name":"Effiziente Komplettl\u00f6sungen f\u00fcr Ihr Labor \u00bb","description":"Innovative Arbeitsplatzsysteme, Lehrsysteme, Mess- und Pr\u00fcfger\u00e4te f\u00fcr Labor, Industrie und B\u00fcro. \u00dcberzeugen Sie sich von unserer Kompetenz!","alternateName":"Innovative Arbeitsplatzsysteme, Lehrsysteme, Mess- und Pr\u00fcfger\u00e4te f\u00fcr Labor, Industrie und B\u00fcro. \u00dcberzeugen Sie sich von unserer Kompetenz!","potentialAction":[{"@type":"SearchAction","target":{"@type":"EntryPoint","urlTemplate":"https:\/\/www.erfi.de\/en\/?s={search_term_string}"},"query-input":{"@type":"PropertyValueSpecification","valueRequired":true,"valueName":"search_term_string"}}],"inLanguage":"en-US"}]}},"_links":{"self":[{"href":"https:\/\/www.erfi.de\/en\/wp-json\/wp\/v2\/pages\/5700","targetHints":{"allow":["GET"]}}],"collection":[{"href":"https:\/\/www.erfi.de\/en\/wp-json\/wp\/v2\/pages"}],"about":[{"href":"https:\/\/www.erfi.de\/en\/wp-json\/wp\/v2\/types\/page"}],"author":[{"embeddable":true,"href":"https:\/\/www.erfi.de\/en\/wp-json\/wp\/v2\/users\/2"}],"replies":[{"embeddable":true,"href":"https:\/\/www.erfi.de\/en\/wp-json\/wp\/v2\/comments?post=5700"}],"version-history":[{"count":1,"href":"https:\/\/www.erfi.de\/en\/wp-json\/wp\/v2\/pages\/5700\/revisions"}],"predecessor-version":[{"id":5701,"href":"https:\/\/www.erfi.de\/en\/wp-json\/wp\/v2\/pages\/5700\/revisions\/5701"}],"up":[{"embeddable":true,"href":"https:\/\/www.erfi.de\/en\/wp-json\/wp\/v2\/pages\/6319"}],"wp:attachment":[{"href":"https:\/\/www.erfi.de\/en\/wp-json\/wp\/v2\/media?parent=5700"}],"curies":[{"name":"wp","href":"https:\/\/api.w.org\/{rel}","templated":true}]}}