{"id":5656,"date":"2025-06-04T14:12:25","date_gmt":"2025-06-04T12:12:25","guid":{"rendered":"https:\/\/erfi-staging.seiten.co\/milestone-in-electronics\/"},"modified":"2025-07-09T09:48:52","modified_gmt":"2025-07-09T07:48:52","slug":"milestone-in-electronics","status":"publish","type":"page","link":"https:\/\/www.erfi.de\/en\/about-erfi\/honors\/milestone-in-electronics\/","title":{"rendered":"Milestone in electronics"},"content":{"rendered":"\n\n\t<section id=\"company-inner-page-block_a84fb02911f6dfd9cda2dba40e99846d\" data-uniqid=\"69f63823bf1da\" class=\"company-inner-page margin-bottom\">\n\t\t<div class=\"company-inner-page__top\">\n\t\t\t<div class=\"container\">\n\t\t\t\t<div class=\"company-inner-page__head padding-hor\">\n\t\t\t\t\t<div class=\"page-breadcrumbs\"><span><span><a href=\"https:\/\/www.erfi.de\/en\/\"><svg width=\"16\" height=\"17\" viewBox=\"0 0 16 17\" fill=\"none\" xmlns=\"http:\/\/www.w3.org\/2000\/svg\">\n            <path d=\"M6.71318 2.38L2.09318 6.08C1.57318 6.49333 1.23985 7.36666 1.35318 8.02L2.23985 13.3267C2.39985 14.2733 3.30652 15.04 4.26652 15.04H11.7332C12.6865 15.04 13.5999 14.2667 13.7599 13.3267L14.6465 8.02C14.7532 7.36666 14.4199 6.49333 13.9065 6.08L9.28652 2.38666C8.57318 1.81333 7.41985 1.81333 6.71318 2.38Z\" fill=\"#95C11F\" stroke=\"#95C11F\" stroke-width=\"1.5\" stroke-linecap=\"round\" stroke-linejoin=\"round\"\/>\n            <path d=\"M8 12.5V10.5\" stroke=\"white\" stroke-width=\"1.5\" stroke-linecap=\"round\" stroke-linejoin=\"round\"\/>\n        <\/svg>Home<\/a><\/span><\/span><\/div>\t\t\t\t\t<div class=\"line-menu-pages\">\n\t\t\t\t\t\t<ul id=\"menu-ueber_erfi-englisch\" class=\"swiper-wrapper\"><div class=\"swiper-slide menu-item menu-item-type-post_type menu-item-object-page\"><a href=\"https:\/\/www.erfi.de\/en\/about-erfi\/production-site\/\">Production site<\/a><\/div>\n<div class=\"swiper-slide menu-item menu-item-type-post_type menu-item-object-page\"><a href=\"https:\/\/www.erfi.de\/en\/about-erfi\/customer-center\/\">Virtual customer center<\/a><\/div>\n<div class=\"swiper-slide menu-item menu-item-type-post_type menu-item-object-page\"><a href=\"https:\/\/www.erfi.de\/en\/about-erfi\/customer-center-2\/\">Customer Center<\/a><\/div>\n<div class=\"swiper-slide menu-item menu-item-type-post_type menu-item-object-page\"><a href=\"https:\/\/www.erfi.de\/en\/philosophy\/\">Philosophy<\/a><\/div>\n<div class=\"swiper-slide menu-item menu-item-type-post_type menu-item-object-page\"><a href=\"https:\/\/www.erfi.de\/en\/about-erfi\/online-consulting\/\">Online Consulting<\/a><\/div>\n<\/ul>\t\t\t\t\t<\/div>\n\t\t\t\t<\/div>\n\t\t\t<\/div>\n\t\t<\/div>\n\t\t<div class=\"container\">\n\t\t\t<div class=\"sidebar-vs-content padding-hor\">\n\t\t\t\t<div class=\"sidebar-vs-content__sidebar sidebar-vs-content__sidebar_js radius-16 bg-white\">\n\t\t\t\t\t<div class=\"sidebar-vs-content__sidebar-title sidebar-vs-content__sidebar-title_js\">\n\t\t\t\t\t\t<span class=\"sidebar-vs-content__sidebar-title_desk\">\n\t\t\t\t\t\t\tHonors\t\t\t\t\t\t<\/span>\n\t\t\t\t\t\t<span class=\"sidebar-vs-content__sidebar-title_mob\">Milestone in electronics<\/span>\n\t\t\t\t\t\t<svg width=\"16\" height=\"17\" viewBox=\"0 0 16 17\" fill=\"none\" xmlns=\"http:\/\/www.w3.org\/2000\/svg\">\n<path d=\"M13.2802 6.46667L8.93355 10.8133C8.42021 11.3267 7.58021 11.3267 7.06688 10.8133L2.72021 6.46667\" stroke=\"#272B27\" stroke-miterlimit=\"10\" stroke-linecap=\"round\" stroke-linejoin=\"round\"\/>\n<\/svg>\n\t\t\t\t\t<\/div>\n\t\t\t\t\t<div class=\"sidebar-vs-content__sidebar-menu\">\n\t\t\t\t\t\t<div class=\"sidebar-vs-content__sidebar-menu-inner\">\n\t\t\t\t\t\t\t<ul id=\"menu-unternehmen-englisch\" class=\"menu\"><li id=\"menu-item-6378\" class=\"menu-item menu-item-type-post_type menu-item-object-page menu-item-6378\"><a href=\"https:\/\/www.erfi.de\/en\/philosophy\/\">Philosophy<\/a><\/li>\n<li id=\"menu-item-6379\" class=\"menu-item menu-item-type-post_type menu-item-object-page menu-item-6379\"><a href=\"https:\/\/www.erfi.de\/en\/erfi-today\/\">erfi today<\/a><\/li>\n<li id=\"menu-item-6380\" class=\"menu-item menu-item-type-post_type menu-item-object-page menu-item-6380\"><a href=\"https:\/\/www.erfi.de\/en\/history\/\">History<\/a><\/li>\n<\/ul>\t\t\t\t\t\t\t\t\t\t\t\t\t<\/div>\n\t\t\t\t\t<\/div>\n\t\t\t\t<\/div>\n\n\t\t\t\t<div class=\"sidebar-vs-content__content sidebar-vs-content__content_pl fc-container\">\n\t\t\t\t\t\t\t\t\t\t\t\n\t\t\t\t\t\t\t\t\t\t\t\t\t\t\t<div class=\"fc-container__block fc-container__block-text \">\n\t\t\t\t\t\t\t\t\t\t\t\t\t\t\t\t\t\t\t\t\t\t\t\t\t\t\t\t<div class=\"headline_default\">\n\t\t\t\t\t\t\t\t\t\t\t<h2>Milestone in electronics<\/h2>\n\t\t\t\t\t\t\t\t\t\t<\/div>\n\t\t\t\t\t\t\t\t\t\t\t\t\t\t\t\t\t\t\t\t\t\t\t\t\t\t\t\t<div class=\"text_default\">\n\t\t\t\t\t\t\t\t\t\t\t<p><span class=\"error-spellcheck\" data-word=\"erfi\" data-suggestion=\"Ervin|ErvIn|fifer|firer\">erfi<\/span> Ernst Fischer &#8211; Award winner in the category: Workplace systems &#8211; The times could not have been more unfavorable: Germany lay in ruins and post-war reconstruction was in full swing. Carpenters were also in great demand at this time.<\/p>\n<p>Despite all the adverse circumstances, Ernst Fischer laid the foundation stone for his company in 1955: erfi. Initially industrial workbenches made of wood, demand increased very quickly and with the start of the economic upturn, Ernst Fischer had the idea of integrating electronic components into the work furniture.<\/p>\n<p>Today, erfi produces state-of-the-art laboratory workstations and the corresponding measuring devices in its networked production facility. So the circle is complete: from the beginnings of a carpenter who built wooden workbenches to networked laboratory workstations with integrated functions.<\/p>\n\t\t\t\t\t\t\t\t\t\t<\/div>\n\t\t\t\t\t\t\t\t\t\t\t\t\t\t\t\t\t<\/div>\n\t\t\t\t\t\t\t\n\t\t\t\t\t\t\t\n\t\t\t\t\t\t\t\n\t\t\t\t\t\t\t\n\t\t\t\t\t\t\n\t\t\t\t\t\t\t\n\t\t\t\t\t\t\t\t\t\t\t\t\t\t\t<div class=\"fc-container__block fc-container__block-slider \">\n\t\t\t\t\t\t\t\t\t\t\t\t\t\t\t\t\t\t\t<div class=\"slider-images__content\">\n\t\t\t\t\t\t\t\t\t\t\t<div class=\"swiper slider-images__swiper\">\n\t\t\t\t\t\t\t\t\t\t\t\t<div class=\"swiper-wrapper slider-images__swiper__wrap\">\n\t\t\t\t\t\t\t\t\t\t\t\t\t\t\t\t\t\t\t\t\t\t\t\t\t\t\t<div class=\"swiper-slide slider-images__swiper__slide\">\n\t\t\t\t\t\t\t\t\t\t\t\t\t\t\t<div class=\"slider-images__slide__link\">\n\t\t\t\t\t\t\t\t\t\t\t\t\t\t\t\t<div class=\"slider-images__slide__content\">\n\t\t\t\t\t\t\t\t\t\t\t\t\t\t\t\t\t\t\t\t\t\t\t\t\t\t\t\t\t\t\t\t\t\t\t<div class=\"slider-images__slide__image\">\n\t\t\t\t\t\t\t\t\t\t\t\t\t\t\t\t\t\t\t<img loading=\"lazy\" decoding=\"async\" width=\"1024\" height=\"484\" src=\"https:\/\/www.erfi.de\/wp-content\/uploads\/2025\/06\/Meilenstein-Verleihung.jpg\" class=\"attachment-full size-full\" alt=\"\" srcset=\"https:\/\/www.erfi.de\/wp-content\/uploads\/2025\/06\/Meilenstein-Verleihung.jpg 1024w, https:\/\/www.erfi.de\/wp-content\/uploads\/2025\/06\/Meilenstein-Verleihung-300x142.jpg 300w, https:\/\/www.erfi.de\/wp-content\/uploads\/2025\/06\/Meilenstein-Verleihung-768x363.jpg 768w\" sizes=\"auto, (max-width: 1024px) 100vw, 1024px\" \/>\t\t\t\t\t\t\t\t\t\t\t\t\t\t\t\t\t\t<\/div>\n\t\t\t\t\t\t\t\t\t\t\t\t\t\t\t\t\t\t\t\t\t\t\t\t\t\t\t\t\t\t\t\t\t<\/div>\n\t\t\t\t\t\t\t\t\t\t\t\t\t\t\t<\/div>\n\t\t\t\t\t\t\t\t\t\t\t\t\t\t<\/div>\n\t\t\t\t\t\t\t\t\t\t\t\t\t\t\t\t\t\t\t\t\t\t\t\t\t\t\t<div class=\"swiper-slide slider-images__swiper__slide\">\n\t\t\t\t\t\t\t\t\t\t\t\t\t\t\t<div class=\"slider-images__slide__link\">\n\t\t\t\t\t\t\t\t\t\t\t\t\t\t\t\t<div class=\"slider-images__slide__content\">\n\t\t\t\t\t\t\t\t\t\t\t\t\t\t\t\t\t\t\t\t\t\t\t\t\t\t\t\t\t\t\t\t\t\t\t<div class=\"slider-images__slide__image\">\n\t\t\t\t\t\t\t\t\t\t\t\t\t\t\t\t\t\t\t<img loading=\"lazy\" decoding=\"async\" width=\"1024\" height=\"484\" src=\"https:\/\/www.erfi.de\/wp-content\/uploads\/2025\/06\/meilenstein-preis.jpg\" class=\"attachment-full size-full\" alt=\"\" srcset=\"https:\/\/www.erfi.de\/wp-content\/uploads\/2025\/06\/meilenstein-preis.jpg 1024w, https:\/\/www.erfi.de\/wp-content\/uploads\/2025\/06\/meilenstein-preis-300x142.jpg 300w, https:\/\/www.erfi.de\/wp-content\/uploads\/2025\/06\/meilenstein-preis-768x363.jpg 768w\" sizes=\"auto, (max-width: 1024px) 100vw, 1024px\" \/>\t\t\t\t\t\t\t\t\t\t\t\t\t\t\t\t\t\t<\/div>\n\t\t\t\t\t\t\t\t\t\t\t\t\t\t\t\t\t\t\t\t\t\t\t\t\t\t\t\t\t\t\t\t\t<\/div>\n\t\t\t\t\t\t\t\t\t\t\t\t\t\t\t<\/div>\n\t\t\t\t\t\t\t\t\t\t\t\t\t\t<\/div>\n\t\t\t\t\t\t\t\t\t\t\t\t\t\t\t\t\t\t\t\t\t\t\t\t\t<\/div>\n\t\t\t\t\t\t\t\t\t\t\t\t<div class=\"swiper-pagination slider-images__swiper__pagination\"><\/div>\n\t\t\t\t\t\t\t\t\t\t\t<\/div>\n\t\t\t\t\t\t\t\t\t\t<\/div>\n\t\t\t\t\t\t\t\t\t\t\t\t\t\t\t\t\t<\/div>\n\t\t\t\t\t\t\t\n\t\t\t\t\t\t\t\n\t\t\t\t\t\t\t\n\t\t\t\t\t\t\t\t\t\t\t\t\t\t\t<\/div>\n\t\t\t<\/div>\n\t\t<\/div>\n\t<\/section>\n\n\t<script>\n\t\tdocument.addEventListener('DOMContentLoaded', function() {\n\t\t\tconst swiper = new Swiper('section[data-uniqid=\"69f63823bf1da\"] .swiper', {\n\t\t\t\tspeed: 600,\n\t\t\t\tspaceBetween: 0,\n\t\t\t\tloop: true,\n\t\t\t\tgrabCursor: true,\n\t\t\t\tautoplay: {\n\t\t\t\t\t\t\t\t\tdelay: 2000,\n\t\t\t\t\t\t\t\t\tdisableOnInteraction: false,\n\t\t\t\t\t\t\t\t},\n\t\t\t\tpagination: {\n\t\t\t\t\tel: \".swiper-pagination\",\n\t\t\t\t\tclickable: true,\n\t\t\t\t},\n\t\t\t});\n\t\t})\n\t<\/script>\n\n","protected":false},"excerpt":{"rendered":"","protected":false},"author":2,"featured_media":0,"parent":6319,"menu_order":24,"comment_status":"closed","ping_status":"closed","template":"","meta":{"_acf_changed":false,"_processed":"false","footnotes":""},"class_list":["post-5656","page","type-page","status-publish","hentry"],"acf":[],"yoast_head":"<!-- This site is optimized with the Yoast SEO plugin v25.8 - https:\/\/yoast.com\/wordpress\/plugins\/seo\/ -->\n<title>reddot Design Award 2013 &quot;<\/title>\n<meta name=\"description\" content=\"erfi&#039;s innovative strength impressed the 37-member expert jury of the red dot award: product design 2013.\" \/>\n<meta name=\"robots\" content=\"index, follow, max-snippet:-1, max-image-preview:large, max-video-preview:-1\" \/>\n<link rel=\"canonical\" href=\"https:\/\/www.erfi.de\/en\/about-erfi\/honors\/milestone-in-electronics\/\" \/>\n<meta property=\"og:locale\" content=\"en_US\" \/>\n<meta property=\"og:type\" content=\"article\" \/>\n<meta property=\"og:title\" content=\"reddot Design Award 2013 &quot;\" \/>\n<meta property=\"og:description\" content=\"erfi&#039;s innovative strength impressed the 37-member expert jury of the red dot award: product design 2013.\" \/>\n<meta property=\"og:url\" content=\"https:\/\/www.erfi.de\/en\/about-erfi\/honors\/milestone-in-electronics\/\" \/>\n<meta property=\"og:site_name\" content=\"erfi\" \/>\n<meta property=\"article:modified_time\" content=\"2025-07-09T07:48:52+00:00\" \/>\n<meta property=\"og:image\" content=\"https:\/\/www.erfi.de\/wp-content\/uploads\/2025\/05\/og-image.png\" \/>\n\t<meta property=\"og:image:width\" content=\"1316\" \/>\n\t<meta property=\"og:image:height\" content=\"779\" \/>\n\t<meta property=\"og:image:type\" content=\"image\/png\" \/>\n<meta name=\"twitter:card\" content=\"summary_large_image\" \/>\n<script type=\"application\/ld+json\" class=\"yoast-schema-graph\">{\"@context\":\"https:\/\/schema.org\",\"@graph\":[{\"@type\":\"WebPage\",\"@id\":\"https:\/\/www.erfi.de\/en\/about-erfi\/honors\/milestone-in-electronics\/\",\"url\":\"https:\/\/www.erfi.de\/en\/about-erfi\/honors\/milestone-in-electronics\/\",\"name\":\"reddot Design Award 2013 \\\"\",\"isPartOf\":{\"@id\":\"https:\/\/www.erfi.de\/en\/#website\"},\"datePublished\":\"2025-06-04T12:12:25+00:00\",\"dateModified\":\"2025-07-09T07:48:52+00:00\",\"description\":\"erfi's innovative strength impressed the 37-member expert jury of the red dot award: product design 2013.\",\"breadcrumb\":{\"@id\":\"https:\/\/www.erfi.de\/en\/about-erfi\/honors\/milestone-in-electronics\/#breadcrumb\"},\"inLanguage\":\"en-US\",\"potentialAction\":[{\"@type\":\"ReadAction\",\"target\":[\"https:\/\/www.erfi.de\/en\/about-erfi\/honors\/milestone-in-electronics\/\"]}]},{\"@type\":\"BreadcrumbList\",\"@id\":\"https:\/\/www.erfi.de\/en\/about-erfi\/honors\/milestone-in-electronics\/#breadcrumb\",\"itemListElement\":[{\"@type\":\"ListItem\",\"position\":1,\"name\":\"Home\",\"item\":\"https:\/\/www.erfi.de\/en\/\"},{\"@type\":\"ListItem\",\"position\":2,\"name\":\"about erfi\",\"item\":\"https:\/\/www.erfi.de\/en\/about-erfi\/\"},{\"@type\":\"ListItem\",\"position\":3,\"name\":\"Honors\",\"item\":\"https:\/\/www.erfi.de\/en\/about-erfi\/honors\/\"},{\"@type\":\"ListItem\",\"position\":4,\"name\":\"Milestone in electronics\"}]},{\"@type\":\"WebSite\",\"@id\":\"https:\/\/www.erfi.de\/en\/#website\",\"url\":\"https:\/\/www.erfi.de\/en\/\",\"name\":\"Effiziente Komplettl\u00f6sungen f\u00fcr Ihr Labor \u00bb\",\"description\":\"Innovative Arbeitsplatzsysteme, Lehrsysteme, Mess- und Pr\u00fcfger\u00e4te f\u00fcr Labor, Industrie und B\u00fcro. \u00dcberzeugen Sie sich von unserer Kompetenz!\",\"alternateName\":\"Innovative Arbeitsplatzsysteme, Lehrsysteme, Mess- und Pr\u00fcfger\u00e4te f\u00fcr Labor, Industrie und B\u00fcro. \u00dcberzeugen Sie sich von unserer Kompetenz!\",\"potentialAction\":[{\"@type\":\"SearchAction\",\"target\":{\"@type\":\"EntryPoint\",\"urlTemplate\":\"https:\/\/www.erfi.de\/en\/?s={search_term_string}\"},\"query-input\":{\"@type\":\"PropertyValueSpecification\",\"valueRequired\":true,\"valueName\":\"search_term_string\"}}],\"inLanguage\":\"en-US\"}]}<\/script>\n<!-- \/ Yoast SEO plugin. -->","yoast_head_json":{"title":"reddot Design Award 2013 \"","description":"erfi's innovative strength impressed the 37-member expert jury of the red dot award: product design 2013.","robots":{"index":"index","follow":"follow","max-snippet":"max-snippet:-1","max-image-preview":"max-image-preview:large","max-video-preview":"max-video-preview:-1"},"canonical":"https:\/\/www.erfi.de\/en\/about-erfi\/honors\/milestone-in-electronics\/","og_locale":"en_US","og_type":"article","og_title":"reddot Design Award 2013 \"","og_description":"erfi's innovative strength impressed the 37-member expert jury of the red dot award: product design 2013.","og_url":"https:\/\/www.erfi.de\/en\/about-erfi\/honors\/milestone-in-electronics\/","og_site_name":"erfi","article_modified_time":"2025-07-09T07:48:52+00:00","og_image":[{"width":1316,"height":779,"url":"https:\/\/www.erfi.de\/wp-content\/uploads\/2025\/05\/og-image.png","type":"image\/png"}],"twitter_card":"summary_large_image","schema":{"@context":"https:\/\/schema.org","@graph":[{"@type":"WebPage","@id":"https:\/\/www.erfi.de\/en\/about-erfi\/honors\/milestone-in-electronics\/","url":"https:\/\/www.erfi.de\/en\/about-erfi\/honors\/milestone-in-electronics\/","name":"reddot Design Award 2013 \"","isPartOf":{"@id":"https:\/\/www.erfi.de\/en\/#website"},"datePublished":"2025-06-04T12:12:25+00:00","dateModified":"2025-07-09T07:48:52+00:00","description":"erfi's innovative strength impressed the 37-member expert jury of the red dot award: product design 2013.","breadcrumb":{"@id":"https:\/\/www.erfi.de\/en\/about-erfi\/honors\/milestone-in-electronics\/#breadcrumb"},"inLanguage":"en-US","potentialAction":[{"@type":"ReadAction","target":["https:\/\/www.erfi.de\/en\/about-erfi\/honors\/milestone-in-electronics\/"]}]},{"@type":"BreadcrumbList","@id":"https:\/\/www.erfi.de\/en\/about-erfi\/honors\/milestone-in-electronics\/#breadcrumb","itemListElement":[{"@type":"ListItem","position":1,"name":"Home","item":"https:\/\/www.erfi.de\/en\/"},{"@type":"ListItem","position":2,"name":"about erfi","item":"https:\/\/www.erfi.de\/en\/about-erfi\/"},{"@type":"ListItem","position":3,"name":"Honors","item":"https:\/\/www.erfi.de\/en\/about-erfi\/honors\/"},{"@type":"ListItem","position":4,"name":"Milestone in electronics"}]},{"@type":"WebSite","@id":"https:\/\/www.erfi.de\/en\/#website","url":"https:\/\/www.erfi.de\/en\/","name":"Effiziente Komplettl\u00f6sungen f\u00fcr Ihr Labor \u00bb","description":"Innovative Arbeitsplatzsysteme, Lehrsysteme, Mess- und Pr\u00fcfger\u00e4te f\u00fcr Labor, Industrie und B\u00fcro. \u00dcberzeugen Sie sich von unserer Kompetenz!","alternateName":"Innovative Arbeitsplatzsysteme, Lehrsysteme, Mess- und Pr\u00fcfger\u00e4te f\u00fcr Labor, Industrie und B\u00fcro. \u00dcberzeugen Sie sich von unserer Kompetenz!","potentialAction":[{"@type":"SearchAction","target":{"@type":"EntryPoint","urlTemplate":"https:\/\/www.erfi.de\/en\/?s={search_term_string}"},"query-input":{"@type":"PropertyValueSpecification","valueRequired":true,"valueName":"search_term_string"}}],"inLanguage":"en-US"}]}},"_links":{"self":[{"href":"https:\/\/www.erfi.de\/en\/wp-json\/wp\/v2\/pages\/5656","targetHints":{"allow":["GET"]}}],"collection":[{"href":"https:\/\/www.erfi.de\/en\/wp-json\/wp\/v2\/pages"}],"about":[{"href":"https:\/\/www.erfi.de\/en\/wp-json\/wp\/v2\/types\/page"}],"author":[{"embeddable":true,"href":"https:\/\/www.erfi.de\/en\/wp-json\/wp\/v2\/users\/2"}],"replies":[{"embeddable":true,"href":"https:\/\/www.erfi.de\/en\/wp-json\/wp\/v2\/comments?post=5656"}],"version-history":[{"count":2,"href":"https:\/\/www.erfi.de\/en\/wp-json\/wp\/v2\/pages\/5656\/revisions"}],"predecessor-version":[{"id":5665,"href":"https:\/\/www.erfi.de\/en\/wp-json\/wp\/v2\/pages\/5656\/revisions\/5665"}],"up":[{"embeddable":true,"href":"https:\/\/www.erfi.de\/en\/wp-json\/wp\/v2\/pages\/6319"}],"wp:attachment":[{"href":"https:\/\/www.erfi.de\/en\/wp-json\/wp\/v2\/media?parent=5656"}],"curies":[{"name":"wp","href":"https:\/\/api.w.org\/{rel}","templated":true}]}}