{"id":5518,"date":"2025-04-23T13:05:31","date_gmt":"2025-04-23T11:05:31","guid":{"rendered":"https:\/\/erfi-staging.seiten.co\/philosophy\/"},"modified":"2025-06-18T10:17:03","modified_gmt":"2025-06-18T08:17:03","slug":"philosophy","status":"publish","type":"page","link":"https:\/\/www.erfi.de\/en\/philosophy\/","title":{"rendered":"Philosophy"},"content":{"rendered":"\n\n\t<section id=\"company-inner-page-block_986c59c01d4070593b2172a2719dc90b\" data-uniqid=\"69e612c9edf38\" class=\"company-inner-page margin-bottom\">\n\t\t<div class=\"company-inner-page__top\">\n\t\t\t<div class=\"container\">\n\t\t\t\t<div class=\"company-inner-page__head padding-hor\">\n\t\t\t\t\t<div class=\"page-breadcrumbs\"><span><span><a href=\"https:\/\/www.erfi.de\/en\/\"><svg width=\"16\" height=\"17\" viewBox=\"0 0 16 17\" fill=\"none\" xmlns=\"http:\/\/www.w3.org\/2000\/svg\">\n            <path d=\"M6.71318 2.38L2.09318 6.08C1.57318 6.49333 1.23985 7.36666 1.35318 8.02L2.23985 13.3267C2.39985 14.2733 3.30652 15.04 4.26652 15.04H11.7332C12.6865 15.04 13.5999 14.2667 13.7599 13.3267L14.6465 8.02C14.7532 7.36666 14.4199 6.49333 13.9065 6.08L9.28652 2.38666C8.57318 1.81333 7.41985 1.81333 6.71318 2.38Z\" fill=\"#95C11F\" stroke=\"#95C11F\" stroke-width=\"1.5\" stroke-linecap=\"round\" stroke-linejoin=\"round\"\/>\n            <path d=\"M8 12.5V10.5\" stroke=\"white\" stroke-width=\"1.5\" stroke-linecap=\"round\" stroke-linejoin=\"round\"\/>\n        <\/svg>Home<\/a><\/span><\/span><\/div>\t\t\t\t\t<div class=\"line-menu-pages\">\n\t\t\t\t\t\t<ul id=\"menu-ueber_erfi-englisch\" class=\"swiper-wrapper\"><div class=\"swiper-slide menu-item menu-item-type-post_type menu-item-object-page\"><a href=\"https:\/\/www.erfi.de\/en\/about-erfi\/production-site\/\">Production site<\/a><\/div>\n<div class=\"swiper-slide menu-item menu-item-type-post_type menu-item-object-page\"><a href=\"https:\/\/www.erfi.de\/en\/about-erfi\/customer-center\/\">Virtual customer center<\/a><\/div>\n<div class=\"swiper-slide menu-item menu-item-type-post_type menu-item-object-page\"><a href=\"https:\/\/www.erfi.de\/en\/about-erfi\/customer-center-2\/\">Customer Center<\/a><\/div>\n<div class=\"swiper-slide menu-item menu-item-type-post_type menu-item-object-page\"><a href=\"https:\/\/www.erfi.de\/en\/philosophy\/\">Philosophy<\/a><\/div>\n<div class=\"swiper-slide menu-item menu-item-type-post_type menu-item-object-page\"><a href=\"https:\/\/www.erfi.de\/en\/about-erfi\/online-consulting\/\">Online Consulting<\/a><\/div>\n<\/ul>\t\t\t\t\t<\/div>\n\t\t\t\t<\/div>\n\t\t\t<\/div>\n\t\t<\/div>\n\t\t<div class=\"container\">\n\t\t\t<div class=\"sidebar-vs-content padding-hor\">\n\t\t\t\t<div class=\"sidebar-vs-content__sidebar sidebar-vs-content__sidebar_js radius-16 bg-white\">\n\t\t\t\t\t<div class=\"sidebar-vs-content__sidebar-title sidebar-vs-content__sidebar-title_js\">\n\t\t\t\t\t\t<span class=\"sidebar-vs-content__sidebar-title_desk\">\n\t\t\t\t\t\t\t\t\t\t\t\t\t<\/span>\n\t\t\t\t\t\t<span class=\"sidebar-vs-content__sidebar-title_mob\">Philosophy<\/span>\n\t\t\t\t\t\t<svg width=\"16\" height=\"17\" viewBox=\"0 0 16 17\" fill=\"none\" xmlns=\"http:\/\/www.w3.org\/2000\/svg\">\n<path d=\"M13.2802 6.46667L8.93355 10.8133C8.42021 11.3267 7.58021 11.3267 7.06688 10.8133L2.72021 6.46667\" stroke=\"#272B27\" stroke-miterlimit=\"10\" stroke-linecap=\"round\" stroke-linejoin=\"round\"\/>\n<\/svg>\n\t\t\t\t\t<\/div>\n\t\t\t\t\t<div class=\"sidebar-vs-content__sidebar-menu\">\n\t\t\t\t\t\t<div class=\"sidebar-vs-content__sidebar-menu-inner\">\n\t\t\t\t\t\t\t<ul id=\"menu-unternehmen-englisch\" class=\"menu\"><li id=\"menu-item-6378\" class=\"menu-item menu-item-type-post_type menu-item-object-page menu-item-6378\"><a href=\"https:\/\/www.erfi.de\/en\/philosophy\/\">Philosophy<\/a><\/li>\n<li id=\"menu-item-6379\" class=\"menu-item menu-item-type-post_type menu-item-object-page menu-item-6379\"><a href=\"https:\/\/www.erfi.de\/en\/erfi-today\/\">erfi today<\/a><\/li>\n<li id=\"menu-item-6380\" class=\"menu-item menu-item-type-post_type menu-item-object-page menu-item-6380\"><a href=\"https:\/\/www.erfi.de\/en\/history\/\">History<\/a><\/li>\n<\/ul>\t\t\t\t\t\t\t\t\t\t\t\t\t\t\t<div class=\"downloads-file-links\">\n\t\t\t\t\t\t\t\t\t<div class=\"sidebar-vs-content__sidebar-title\">\n\t\t\t\t\t\t\t\t\t\t<span>Downloads<\/span>\n\t\t\t\t\t\t\t\t\t<\/div>\n\t\t\t\t\t\t\t\t\t\t\t\t\t\t\t\t\t\t\t\t\t\t\t\t\t\t\t\t\t\t<a class=\"downloads-file-link\" download target=\"_blank\" href=\"\/wp-content\/uploads\/2025\/05\/60-Hinter-den-Kulissen-neu3.pdf\">\n\t\t\t\t\t\t\t\t\t\t\t\t<svg aria-hidden=\"true\" width=\"32\" height=\"32\" viewBox=\"0 0 32 32\" fill=\"none\" xmlns=\"http:\/\/www.w3.org\/2000\/svg\">\n<path d=\"M12 14.6667V22.6667L14.6667 20\" stroke=\"#95C11F\" stroke-width=\"2\" stroke-linecap=\"round\" stroke-linejoin=\"round\"\/>\n<path d=\"M11.9997 22.6667L9.33301 20\" stroke=\"#95C11F\" stroke-width=\"2\" stroke-linecap=\"round\" stroke-linejoin=\"round\"\/>\n<path d=\"M29.3337 13.3333V20C29.3337 26.6667 26.667 29.3333 20.0003 29.3333H12.0003C5.33366 29.3333 2.66699 26.6667 2.66699 20V12C2.66699 5.33332 5.33366 2.66666 12.0003 2.66666H18.667\" stroke=\"#95C11F\" stroke-width=\"2\" stroke-linecap=\"round\" stroke-linejoin=\"round\"\/>\n<path d=\"M29.3337 13.3333H24.0003C20.0003 13.3333 18.667 12 18.667 7.99999V2.66666L29.3337 13.3333Z\" stroke=\"#95C11F\" stroke-width=\"2\" stroke-linecap=\"round\" stroke-linejoin=\"round\"\/>\n<\/svg>\n\t\t\t\t\t\t\t\t\t\t\t\tKalk\u00fcl-Magazin\t\t\t\t\t\t\t\t\t\t\t<\/a>\n\t\t\t\t\t\t\t\t\t\t\t\t\t\t\t\t\t\t\t\t\t\t\t\t\t\t\t<\/div>\n\t\t\t\t\t\t\t\t\t\t\t\t\t<\/div>\n\t\t\t\t\t<\/div>\n\t\t\t\t<\/div>\n\n\t\t\t\t<div class=\"sidebar-vs-content__content sidebar-vs-content__content_pl fc-container\">\n\t\t\t\t\t\t\t\t\t\t\t\n\t\t\t\t\t\t\t\t\t\t\t\t\t\t\t<div class=\"fc-container__block fc-container__block-text \">\n\t\t\t\t\t\t\t\t\t\t\t\t\t\t\t\t\t\t\t\t\t\t\t\t\t\t\t\t<div class=\"headline_default\">\n\t\t\t\t\t\t\t\t\t\t\t<h1>Our <span style=\"color: #95c11f\">philosophy<\/span><\/h1>\n\t\t\t\t\t\t\t\t\t\t<\/div>\n\t\t\t\t\t\t\t\t\t\t\t\t\t\t\t\t\t\t\t\t\t\t\t\t\t\t<\/div>\n\t\t\t\t\t\t\t\n\t\t\t\t\t\t\t\n\t\t\t\t\t\t\t\n\t\t\t\t\t\t\t\n\t\t\t\t\t\t\n\t\t\t\t\t\t\t\n\t\t\t\t\t\t\t\t\t\t\t\t\t\t\t<div class=\"fc-container__block fc-container__block-slider \">\n\t\t\t\t\t\t\t\t\t\t\t\t\t\t\t\t\t\t\t<div class=\"slider-images__content\">\n\t\t\t\t\t\t\t\t\t\t\t<div class=\"swiper slider-images__swiper\">\n\t\t\t\t\t\t\t\t\t\t\t\t<div class=\"swiper-wrapper slider-images__swiper__wrap\">\n\t\t\t\t\t\t\t\t\t\t\t\t\t\t\t\t\t\t\t\t\t\t\t\t\t\t\t<div class=\"swiper-slide slider-images__swiper__slide\">\n\t\t\t\t\t\t\t\t\t\t\t\t\t\t\t<div class=\"slider-images__slide__link\">\n\t\t\t\t\t\t\t\t\t\t\t\t\t\t\t\t<div class=\"slider-images__slide__content\">\n\t\t\t\t\t\t\t\t\t\t\t\t\t\t\t\t\t\t\t\t\t\t\t\t\t\t\t\t\t\t\t\t\t\t\t<div class=\"slider-images__slide__image\">\n\t\t\t\t\t\t\t\t\t\t\t\t\t\t\t\t\t\t\t<img loading=\"lazy\" decoding=\"async\" width=\"2400\" height=\"1180\" src=\"https:\/\/www.erfi.de\/wp-content\/uploads\/2025\/06\/erfi-ausgezeichnete-Arbeitsplatzsysteme.jpg\" class=\"attachment-full size-full\" alt=\"\" srcset=\"https:\/\/www.erfi.de\/wp-content\/uploads\/2025\/06\/erfi-ausgezeichnete-Arbeitsplatzsysteme.jpg 2400w, https:\/\/www.erfi.de\/wp-content\/uploads\/2025\/06\/erfi-ausgezeichnete-Arbeitsplatzsysteme-300x148.jpg 300w, https:\/\/www.erfi.de\/wp-content\/uploads\/2025\/06\/erfi-ausgezeichnete-Arbeitsplatzsysteme-1024x503.jpg 1024w, https:\/\/www.erfi.de\/wp-content\/uploads\/2025\/06\/erfi-ausgezeichnete-Arbeitsplatzsysteme-768x378.jpg 768w, https:\/\/www.erfi.de\/wp-content\/uploads\/2025\/06\/erfi-ausgezeichnete-Arbeitsplatzsysteme-1536x755.jpg 1536w, https:\/\/www.erfi.de\/wp-content\/uploads\/2025\/06\/erfi-ausgezeichnete-Arbeitsplatzsysteme-2048x1007.jpg 2048w\" sizes=\"auto, (max-width: 2400px) 100vw, 2400px\" \/>\t\t\t\t\t\t\t\t\t\t\t\t\t\t\t\t\t\t<\/div>\n\t\t\t\t\t\t\t\t\t\t\t\t\t\t\t\t\t\t\t\t\t\t\t\t\t\t\t\t\t\t\t\t\t<\/div>\n\t\t\t\t\t\t\t\t\t\t\t\t\t\t\t<\/div>\n\t\t\t\t\t\t\t\t\t\t\t\t\t\t<\/div>\n\t\t\t\t\t\t\t\t\t\t\t\t\t\t\t\t\t\t\t\t\t\t\t\t\t\t\t<div class=\"swiper-slide slider-images__swiper__slide\">\n\t\t\t\t\t\t\t\t\t\t\t\t\t\t\t<div class=\"slider-images__slide__link\">\n\t\t\t\t\t\t\t\t\t\t\t\t\t\t\t\t<div class=\"slider-images__slide__content\">\n\t\t\t\t\t\t\t\t\t\t\t\t\t\t\t\t\t\t\t\t\t\t\t\t\t\t\t\t\t\t\t\t\t\t\t<div class=\"slider-images__slide__image\">\n\t\t\t\t\t\t\t\t\t\t\t\t\t\t\t\t\t\t\t<img loading=\"lazy\" decoding=\"async\" width=\"2400\" height=\"1180\" src=\"https:\/\/www.erfi.de\/wp-content\/uploads\/2025\/06\/erfi-gebaeude-nacht.jpg\" class=\"attachment-full size-full\" alt=\"\" srcset=\"https:\/\/www.erfi.de\/wp-content\/uploads\/2025\/06\/erfi-gebaeude-nacht.jpg 2400w, https:\/\/www.erfi.de\/wp-content\/uploads\/2025\/06\/erfi-gebaeude-nacht-300x148.jpg 300w, https:\/\/www.erfi.de\/wp-content\/uploads\/2025\/06\/erfi-gebaeude-nacht-1024x503.jpg 1024w, https:\/\/www.erfi.de\/wp-content\/uploads\/2025\/06\/erfi-gebaeude-nacht-768x378.jpg 768w, https:\/\/www.erfi.de\/wp-content\/uploads\/2025\/06\/erfi-gebaeude-nacht-1536x755.jpg 1536w, https:\/\/www.erfi.de\/wp-content\/uploads\/2025\/06\/erfi-gebaeude-nacht-2048x1007.jpg 2048w\" sizes=\"auto, (max-width: 2400px) 100vw, 2400px\" \/>\t\t\t\t\t\t\t\t\t\t\t\t\t\t\t\t\t\t<\/div>\n\t\t\t\t\t\t\t\t\t\t\t\t\t\t\t\t\t\t\t\t\t\t\t\t\t\t\t\t\t\t\t\t\t<\/div>\n\t\t\t\t\t\t\t\t\t\t\t\t\t\t\t<\/div>\n\t\t\t\t\t\t\t\t\t\t\t\t\t\t<\/div>\n\t\t\t\t\t\t\t\t\t\t\t\t\t\t\t\t\t\t\t\t\t\t\t\t\t\t\t<div class=\"swiper-slide slider-images__swiper__slide\">\n\t\t\t\t\t\t\t\t\t\t\t\t\t\t\t<div class=\"slider-images__slide__link\">\n\t\t\t\t\t\t\t\t\t\t\t\t\t\t\t\t<div class=\"slider-images__slide__content\">\n\t\t\t\t\t\t\t\t\t\t\t\t\t\t\t\t\t\t\t\t\t\t\t\t\t\t\t\t\t\t\t\t\t\t\t<div class=\"slider-images__slide__image\">\n\t\t\t\t\t\t\t\t\t\t\t\t\t\t\t\t\t\t\t<img loading=\"lazy\" decoding=\"async\" width=\"2064\" height=\"978\" src=\"https:\/\/www.erfi.de\/wp-content\/uploads\/2025\/05\/Frame-129-1-1.jpg\" class=\"attachment-full size-full\" alt=\"\" srcset=\"https:\/\/www.erfi.de\/wp-content\/uploads\/2025\/05\/Frame-129-1-1.jpg 2064w, https:\/\/www.erfi.de\/wp-content\/uploads\/2025\/05\/Frame-129-1-1-300x142.jpg 300w, https:\/\/www.erfi.de\/wp-content\/uploads\/2025\/05\/Frame-129-1-1-1024x485.jpg 1024w, https:\/\/www.erfi.de\/wp-content\/uploads\/2025\/05\/Frame-129-1-1-768x364.jpg 768w, https:\/\/www.erfi.de\/wp-content\/uploads\/2025\/05\/Frame-129-1-1-1536x728.jpg 1536w, https:\/\/www.erfi.de\/wp-content\/uploads\/2025\/05\/Frame-129-1-1-2048x970.jpg 2048w\" sizes=\"auto, (max-width: 2064px) 100vw, 2064px\" \/>\t\t\t\t\t\t\t\t\t\t\t\t\t\t\t\t\t\t<\/div>\n\t\t\t\t\t\t\t\t\t\t\t\t\t\t\t\t\t\t\t\t\t\t\t\t\t\t\t\t\t\t\t\t\t<\/div>\n\t\t\t\t\t\t\t\t\t\t\t\t\t\t\t<\/div>\n\t\t\t\t\t\t\t\t\t\t\t\t\t\t<\/div>\n\t\t\t\t\t\t\t\t\t\t\t\t\t\t\t\t\t\t\t\t\t\t\t\t\t<\/div>\n\t\t\t\t\t\t\t\t\t\t\t\t<div class=\"swiper-pagination slider-images__swiper__pagination\"><\/div>\n\t\t\t\t\t\t\t\t\t\t\t<\/div>\n\t\t\t\t\t\t\t\t\t\t<\/div>\n\t\t\t\t\t\t\t\t\t\t\t\t\t\t\t\t\t<\/div>\n\t\t\t\t\t\t\t\n\t\t\t\t\t\t\t\n\t\t\t\t\t\t\t\n\t\t\t\t\t\t\n\t\t\t\t\t\t\t\t\t\t\t\t\t\t\t<div class=\"fc-container__block fc-container__block-text \">\n\t\t\t\t\t\t\t\t\t\t\t\t\t\t\t\t\t\t\t\t\t\t\t\t\t\t\t\t<div class=\"headline_default\">\n\t\t\t\t\t\t\t\t\t\t\t<h1><span style=\"color: #95c11f\">erfi <\/span>\u2013 Out of our own conviction!<\/h1>\n\t\t\t\t\t\t\t\t\t\t<\/div>\n\t\t\t\t\t\t\t\t\t\t\t\t\t\t\t\t\t\t\t\t\t\t\t\t\t\t\t\t<div class=\"text_default\">\n\t\t\t\t\t\t\t\t\t\t\t<p><span class=\"error-spellcheck\" data-word=\"erfi\" data-suggestion=\"Ervin|ErvIn|fifer|firer\">erfi<\/span> means &#8211; intelligent solutions for laboratories, industry and offices. Innovations for the design of your workplace situation, that is our very own business. Put your trust in our many years of experience and expertise. The fast and efficient implementation of your ideas is the basis of our success. Individual advice and our in-house development and production are essential tools for this.<\/p>\n\t\t\t\t\t\t\t\t\t\t<\/div>\n\t\t\t\t\t\t\t\t\t\t\t\t\t\t\t\t\t<\/div>\n\t\t\t\t\t\t\t\n\t\t\t\t\t\t\t\n\t\t\t\t\t\t\t\n\t\t\t\t\t\t\t\n\t\t\t\t\t\t\n\t\t\t\t\t\t\t\t\t\t\t\t\t\t\t<div class=\"fc-container__block fc-container__block-text \">\n\t\t\t\t\t\t\t\t\t\t\t\t\t\t\t\t\t\t\t\t\t\t\t\t\t\t\t\t<div class=\"headline_default\">\n\t\t\t\t\t\t\t\t\t\t\t<p><strong>Technology for people<\/strong><\/p>\n\t\t\t\t\t\t\t\t\t\t<\/div>\n\t\t\t\t\t\t\t\t\t\t\t\t\t\t\t\t\t\t\t\t\t\t\t\t\t\t\t\t<div class=\"text_default\">\n\t\t\t\t\t\t\t\t\t\t\t<p>Working people spend around 86,400 hours at work during their lifetime. This fact makes it clear that we need workplace systems that give people pleasure, promote their creativity and working power and protect their health and mobility. The development of future-proof workplace systems and test equipment is erfi&#8217;s most important corporate goal. We develop these ideas in close cooperation with our customers. Ergonomics, function and design promote people&#8217;s motivation.<\/p>\n<ul>\n<li>We develop in close cooperation with our customers.<\/li>\n<li>We invent workstations and test systems for creative employees.<\/li>\n<li>We achieve motivation through ergonomics, function and design.<\/li>\n<\/ul>\n\t\t\t\t\t\t\t\t\t\t<\/div>\n\t\t\t\t\t\t\t\t\t\t\t\t\t\t\t\t\t<\/div>\n\t\t\t\t\t\t\t\n\t\t\t\t\t\t\t\n\t\t\t\t\t\t\t\n\t\t\t\t\t\t\t\n\t\t\t\t\t\t\n\t\t\t\t\t\t\t\t\t\t\t\t\t\t\t<div class=\"fc-container__block fc-container__block-text \">\n\t\t\t\t\t\t\t\t\t\t\t\t\t\t\t\t\t\t\t\t\t\t\t\t\t\t\t\t<div class=\"headline_default\">\n\t\t\t\t\t\t\t\t\t\t\t<p>Certified quality<\/p>\n\t\t\t\t\t\t\t\t\t\t<\/div>\n\t\t\t\t\t\t\t\t\t\t\t\t\t\t\t\t\t\t\t\t\t\t\t\t\t\t\t\t<div class=\"text_default\">\n\t\t\t\t\t\t\t\t\t\t\t<p>The development of future-proof workstation systems and test equipment is erfi&#8217;s most important corporate goal. As a manufacturer and market founder of technical workplace systems for electrical engineering and electronics, erfi developed furniture systems for electronics laboratories in industry and education back in the late 1950s. Thanks to a very high level of vertical integration at our Freudenstadt plant, we can guarantee you consistent quality. We produce all electronic equipment and laboratory furniture systems ourselves on an area of over 8,600 m2. Our products have been awarded the GS certificate by the LGA Nuremberg and the Cologne employers&#8217; liability insurance association. The measuring and testing equipment we manufacture meets the requirements of the CE standard. erfi Ernst Fischer GmbH+Co. KG has been DIN EN ISO 9001:2000 certified by LGA InterCert GmbH, Nuremberg, since October 2006.<\/p>\n\t\t\t\t\t\t\t\t\t\t<\/div>\n\t\t\t\t\t\t\t\t\t\t\t\t\t\t\t\t\t<\/div>\n\t\t\t\t\t\t\t\n\t\t\t\t\t\t\t\n\t\t\t\t\t\t\t\n\t\t\t\t\t\t\t\n\t\t\t\t\t\t\t\t\t\t\t\t\t\t\t<\/div>\n\t\t\t<\/div>\n\t\t<\/div>\n\t<\/section>\n\n\t<script>\n\t\tdocument.addEventListener('DOMContentLoaded', function() {\n\t\t\tconst swiper = new Swiper('section[data-uniqid=\"69e612c9edf38\"] .swiper', {\n\t\t\t\tspeed: 600,\n\t\t\t\tspaceBetween: 0,\n\t\t\t\tloop: true,\n\t\t\t\tgrabCursor: true,\n\t\t\t\tautoplay: {\n\t\t\t\t\t\t\t\t\tdelay: 2000,\n\t\t\t\t\t\t\t\t\tdisableOnInteraction: false,\n\t\t\t\t\t\t\t\t},\n\t\t\t\tpagination: {\n\t\t\t\t\tel: \".swiper-pagination\",\n\t\t\t\t\tclickable: true,\n\t\t\t\t},\n\t\t\t});\n\t\t})\n\t<\/script>\n\n","protected":false},"excerpt":{"rendered":"","protected":false},"author":1,"featured_media":0,"parent":0,"menu_order":38,"comment_status":"closed","ping_status":"closed","template":"","meta":{"_acf_changed":false,"_processed":"false","footnotes":""},"class_list":["post-5518","page","type-page","status-publish","hentry"],"acf":[],"yoast_head":"<!-- This site is optimized with the Yoast SEO plugin v25.8 - https:\/\/yoast.com\/wordpress\/plugins\/seo\/ -->\n<title>Philosophy<\/title>\n<meta name=\"description\" content=\"erfi means intelligent solutions for laboratories, industry and offices. Innovations for designing your workplace situation - that is our business.\" \/>\n<meta name=\"robots\" content=\"index, follow, max-snippet:-1, max-image-preview:large, max-video-preview:-1\" \/>\n<link rel=\"canonical\" href=\"https:\/\/www.erfi.de\/en\/philosophy\/\" \/>\n<meta property=\"og:locale\" content=\"en_US\" \/>\n<meta property=\"og:type\" content=\"article\" \/>\n<meta property=\"og:title\" content=\"Philosophy\" \/>\n<meta property=\"og:description\" content=\"erfi means intelligent solutions for laboratories, industry and offices. Innovations for designing your workplace situation - that is our business.\" \/>\n<meta property=\"og:url\" content=\"https:\/\/www.erfi.de\/en\/philosophy\/\" \/>\n<meta property=\"og:site_name\" content=\"erfi\" \/>\n<meta property=\"article:modified_time\" content=\"2025-06-18T08:17:03+00:00\" \/>\n<meta property=\"og:image\" content=\"https:\/\/www.erfi.de\/wp-content\/uploads\/2025\/05\/og-image.png\" \/>\n\t<meta property=\"og:image:width\" content=\"1316\" \/>\n\t<meta property=\"og:image:height\" content=\"779\" \/>\n\t<meta property=\"og:image:type\" content=\"image\/png\" \/>\n<meta name=\"twitter:card\" content=\"summary_large_image\" \/>\n<script type=\"application\/ld+json\" class=\"yoast-schema-graph\">{\"@context\":\"https:\/\/schema.org\",\"@graph\":[{\"@type\":\"WebPage\",\"@id\":\"https:\/\/www.erfi.de\/en\/philosophy\/\",\"url\":\"https:\/\/www.erfi.de\/en\/philosophy\/\",\"name\":\"Philosophy\",\"isPartOf\":{\"@id\":\"https:\/\/www.erfi.de\/en\/#website\"},\"datePublished\":\"2025-04-23T11:05:31+00:00\",\"dateModified\":\"2025-06-18T08:17:03+00:00\",\"description\":\"erfi means intelligent solutions for laboratories, industry and offices. Innovations for designing your workplace situation - that is our business.\",\"breadcrumb\":{\"@id\":\"https:\/\/www.erfi.de\/en\/philosophy\/#breadcrumb\"},\"inLanguage\":\"en-US\",\"potentialAction\":[{\"@type\":\"ReadAction\",\"target\":[\"https:\/\/www.erfi.de\/en\/philosophy\/\"]}]},{\"@type\":\"BreadcrumbList\",\"@id\":\"https:\/\/www.erfi.de\/en\/philosophy\/#breadcrumb\",\"itemListElement\":[{\"@type\":\"ListItem\",\"position\":1,\"name\":\"Home\",\"item\":\"https:\/\/www.erfi.de\/en\/\"},{\"@type\":\"ListItem\",\"position\":2,\"name\":\"Philosophy\"}]},{\"@type\":\"WebSite\",\"@id\":\"https:\/\/www.erfi.de\/en\/#website\",\"url\":\"https:\/\/www.erfi.de\/en\/\",\"name\":\"Effiziente Komplettl\u00f6sungen f\u00fcr Ihr Labor \u00bb\",\"description\":\"Innovative Arbeitsplatzsysteme, Lehrsysteme, Mess- und Pr\u00fcfger\u00e4te f\u00fcr Labor, Industrie und B\u00fcro. \u00dcberzeugen Sie sich von unserer Kompetenz!\",\"alternateName\":\"Innovative Arbeitsplatzsysteme, Lehrsysteme, Mess- und Pr\u00fcfger\u00e4te f\u00fcr Labor, Industrie und B\u00fcro. \u00dcberzeugen Sie sich von unserer Kompetenz!\",\"potentialAction\":[{\"@type\":\"SearchAction\",\"target\":{\"@type\":\"EntryPoint\",\"urlTemplate\":\"https:\/\/www.erfi.de\/en\/?s={search_term_string}\"},\"query-input\":{\"@type\":\"PropertyValueSpecification\",\"valueRequired\":true,\"valueName\":\"search_term_string\"}}],\"inLanguage\":\"en-US\"}]}<\/script>\n<!-- \/ Yoast SEO plugin. -->","yoast_head_json":{"title":"Philosophy","description":"erfi means intelligent solutions for laboratories, industry and offices. Innovations for designing your workplace situation - that is our business.","robots":{"index":"index","follow":"follow","max-snippet":"max-snippet:-1","max-image-preview":"max-image-preview:large","max-video-preview":"max-video-preview:-1"},"canonical":"https:\/\/www.erfi.de\/en\/philosophy\/","og_locale":"en_US","og_type":"article","og_title":"Philosophy","og_description":"erfi means intelligent solutions for laboratories, industry and offices. Innovations for designing your workplace situation - that is our business.","og_url":"https:\/\/www.erfi.de\/en\/philosophy\/","og_site_name":"erfi","article_modified_time":"2025-06-18T08:17:03+00:00","og_image":[{"width":1316,"height":779,"url":"https:\/\/www.erfi.de\/wp-content\/uploads\/2025\/05\/og-image.png","type":"image\/png"}],"twitter_card":"summary_large_image","schema":{"@context":"https:\/\/schema.org","@graph":[{"@type":"WebPage","@id":"https:\/\/www.erfi.de\/en\/philosophy\/","url":"https:\/\/www.erfi.de\/en\/philosophy\/","name":"Philosophy","isPartOf":{"@id":"https:\/\/www.erfi.de\/en\/#website"},"datePublished":"2025-04-23T11:05:31+00:00","dateModified":"2025-06-18T08:17:03+00:00","description":"erfi means intelligent solutions for laboratories, industry and offices. Innovations for designing your workplace situation - that is our business.","breadcrumb":{"@id":"https:\/\/www.erfi.de\/en\/philosophy\/#breadcrumb"},"inLanguage":"en-US","potentialAction":[{"@type":"ReadAction","target":["https:\/\/www.erfi.de\/en\/philosophy\/"]}]},{"@type":"BreadcrumbList","@id":"https:\/\/www.erfi.de\/en\/philosophy\/#breadcrumb","itemListElement":[{"@type":"ListItem","position":1,"name":"Home","item":"https:\/\/www.erfi.de\/en\/"},{"@type":"ListItem","position":2,"name":"Philosophy"}]},{"@type":"WebSite","@id":"https:\/\/www.erfi.de\/en\/#website","url":"https:\/\/www.erfi.de\/en\/","name":"Effiziente Komplettl\u00f6sungen f\u00fcr Ihr Labor \u00bb","description":"Innovative Arbeitsplatzsysteme, Lehrsysteme, Mess- und Pr\u00fcfger\u00e4te f\u00fcr Labor, Industrie und B\u00fcro. \u00dcberzeugen Sie sich von unserer Kompetenz!","alternateName":"Innovative Arbeitsplatzsysteme, Lehrsysteme, Mess- und Pr\u00fcfger\u00e4te f\u00fcr Labor, Industrie und B\u00fcro. \u00dcberzeugen Sie sich von unserer Kompetenz!","potentialAction":[{"@type":"SearchAction","target":{"@type":"EntryPoint","urlTemplate":"https:\/\/www.erfi.de\/en\/?s={search_term_string}"},"query-input":{"@type":"PropertyValueSpecification","valueRequired":true,"valueName":"search_term_string"}}],"inLanguage":"en-US"}]}},"_links":{"self":[{"href":"https:\/\/www.erfi.de\/en\/wp-json\/wp\/v2\/pages\/5518","targetHints":{"allow":["GET"]}}],"collection":[{"href":"https:\/\/www.erfi.de\/en\/wp-json\/wp\/v2\/pages"}],"about":[{"href":"https:\/\/www.erfi.de\/en\/wp-json\/wp\/v2\/types\/page"}],"author":[{"embeddable":true,"href":"https:\/\/www.erfi.de\/en\/wp-json\/wp\/v2\/users\/1"}],"replies":[{"embeddable":true,"href":"https:\/\/www.erfi.de\/en\/wp-json\/wp\/v2\/comments?post=5518"}],"version-history":[{"count":3,"href":"https:\/\/www.erfi.de\/en\/wp-json\/wp\/v2\/pages\/5518\/revisions"}],"predecessor-version":[{"id":5531,"href":"https:\/\/www.erfi.de\/en\/wp-json\/wp\/v2\/pages\/5518\/revisions\/5531"}],"wp:attachment":[{"href":"https:\/\/www.erfi.de\/en\/wp-json\/wp\/v2\/media?parent=5518"}],"curies":[{"name":"wp","href":"https:\/\/api.w.org\/{rel}","templated":true}]}}