{"id":5055,"date":"2025-04-17T09:16:18","date_gmt":"2025-04-17T07:16:18","guid":{"rendered":"https:\/\/erfi-staging.seiten.co\/products\/"},"modified":"2025-09-10T08:57:14","modified_gmt":"2025-09-10T06:57:14","slug":"products","status":"publish","type":"page","link":"https:\/\/www.erfi.de\/en\/products\/","title":{"rendered":"Products"},"content":{"rendered":"","protected":false},"excerpt":{"rendered":"","protected":false},"author":1,"featured_media":0,"parent":0,"menu_order":33,"comment_status":"closed","ping_status":"closed","template":"","meta":{"_acf_changed":false,"_processed":"false","footnotes":""},"class_list":["post-5055","page","type-page","status-publish","hentry"],"acf":[],"yoast_head":"<!-- This site is optimized with the Yoast SEO plugin v25.8 - https:\/\/yoast.com\/wordpress\/plugins\/seo\/ -->\n<title>Products - erfi<\/title>\n<meta name=\"robots\" content=\"index, follow, max-snippet:-1, max-image-preview:large, max-video-preview:-1\" \/>\n<link rel=\"canonical\" href=\"https:\/\/www.erfi.de\/en\/products\/\" \/>\n<meta property=\"og:locale\" content=\"en_US\" \/>\n<meta property=\"og:type\" content=\"article\" \/>\n<meta property=\"og:title\" content=\"Products - erfi\" \/>\n<meta property=\"og:url\" content=\"https:\/\/www.erfi.de\/en\/products\/\" \/>\n<meta property=\"og:site_name\" content=\"erfi\" \/>\n<meta property=\"article:modified_time\" content=\"2025-09-10T06:57:14+00:00\" \/>\n<meta property=\"og:image\" content=\"https:\/\/www.erfi.de\/wp-content\/uploads\/2025\/05\/og-image.png\" \/>\n\t<meta property=\"og:image:width\" content=\"1316\" \/>\n\t<meta property=\"og:image:height\" content=\"779\" \/>\n\t<meta property=\"og:image:type\" content=\"image\/png\" \/>\n<meta name=\"twitter:card\" content=\"summary_large_image\" \/>\n<script type=\"application\/ld+json\" class=\"yoast-schema-graph\">{\"@context\":\"https:\/\/schema.org\",\"@graph\":[{\"@type\":\"WebPage\",\"@id\":\"https:\/\/www.erfi.de\/en\/products\/\",\"url\":\"https:\/\/www.erfi.de\/en\/products\/\",\"name\":\"Products - erfi\",\"isPartOf\":{\"@id\":\"https:\/\/www.erfi.de\/en\/#website\"},\"datePublished\":\"2025-04-17T07:16:18+00:00\",\"dateModified\":\"2025-09-10T06:57:14+00:00\",\"breadcrumb\":{\"@id\":\"https:\/\/www.erfi.de\/en\/products\/#breadcrumb\"},\"inLanguage\":\"en-US\",\"potentialAction\":[{\"@type\":\"ReadAction\",\"target\":[\"https:\/\/www.erfi.de\/en\/products\/\"]}]},{\"@type\":\"BreadcrumbList\",\"@id\":\"https:\/\/www.erfi.de\/en\/products\/#breadcrumb\",\"itemListElement\":[{\"@type\":\"ListItem\",\"position\":1,\"name\":\"Home\",\"item\":\"https:\/\/www.erfi.de\/en\/\"},{\"@type\":\"ListItem\",\"position\":2,\"name\":\"Products\"}]},{\"@type\":\"WebSite\",\"@id\":\"https:\/\/www.erfi.de\/en\/#website\",\"url\":\"https:\/\/www.erfi.de\/en\/\",\"name\":\"Effiziente Komplettl\u00f6sungen f\u00fcr Ihr Labor \u00bb\",\"description\":\"Innovative Arbeitsplatzsysteme, Lehrsysteme, Mess- und Pr\u00fcfger\u00e4te f\u00fcr Labor, Industrie und B\u00fcro. \u00dcberzeugen Sie sich von unserer Kompetenz!\",\"alternateName\":\"Innovative Arbeitsplatzsysteme, Lehrsysteme, Mess- und Pr\u00fcfger\u00e4te f\u00fcr Labor, Industrie und B\u00fcro. \u00dcberzeugen Sie sich von unserer Kompetenz!\",\"potentialAction\":[{\"@type\":\"SearchAction\",\"target\":{\"@type\":\"EntryPoint\",\"urlTemplate\":\"https:\/\/www.erfi.de\/en\/?s={search_term_string}\"},\"query-input\":{\"@type\":\"PropertyValueSpecification\",\"valueRequired\":true,\"valueName\":\"search_term_string\"}}],\"inLanguage\":\"en-US\"}]}<\/script>\n<!-- \/ Yoast SEO plugin. -->","yoast_head_json":{"title":"Products - erfi","robots":{"index":"index","follow":"follow","max-snippet":"max-snippet:-1","max-image-preview":"max-image-preview:large","max-video-preview":"max-video-preview:-1"},"canonical":"https:\/\/www.erfi.de\/en\/products\/","og_locale":"en_US","og_type":"article","og_title":"Products - erfi","og_url":"https:\/\/www.erfi.de\/en\/products\/","og_site_name":"erfi","article_modified_time":"2025-09-10T06:57:14+00:00","og_image":[{"width":1316,"height":779,"url":"https:\/\/www.erfi.de\/wp-content\/uploads\/2025\/05\/og-image.png","type":"image\/png"}],"twitter_card":"summary_large_image","schema":{"@context":"https:\/\/schema.org","@graph":[{"@type":"WebPage","@id":"https:\/\/www.erfi.de\/en\/products\/","url":"https:\/\/www.erfi.de\/en\/products\/","name":"Products - erfi","isPartOf":{"@id":"https:\/\/www.erfi.de\/en\/#website"},"datePublished":"2025-04-17T07:16:18+00:00","dateModified":"2025-09-10T06:57:14+00:00","breadcrumb":{"@id":"https:\/\/www.erfi.de\/en\/products\/#breadcrumb"},"inLanguage":"en-US","potentialAction":[{"@type":"ReadAction","target":["https:\/\/www.erfi.de\/en\/products\/"]}]},{"@type":"BreadcrumbList","@id":"https:\/\/www.erfi.de\/en\/products\/#breadcrumb","itemListElement":[{"@type":"ListItem","position":1,"name":"Home","item":"https:\/\/www.erfi.de\/en\/"},{"@type":"ListItem","position":2,"name":"Products"}]},{"@type":"WebSite","@id":"https:\/\/www.erfi.de\/en\/#website","url":"https:\/\/www.erfi.de\/en\/","name":"Effiziente Komplettl\u00f6sungen f\u00fcr Ihr Labor \u00bb","description":"Innovative Arbeitsplatzsysteme, Lehrsysteme, Mess- und Pr\u00fcfger\u00e4te f\u00fcr Labor, Industrie und B\u00fcro. \u00dcberzeugen Sie sich von unserer Kompetenz!","alternateName":"Innovative Arbeitsplatzsysteme, Lehrsysteme, Mess- und Pr\u00fcfger\u00e4te f\u00fcr Labor, Industrie und B\u00fcro. \u00dcberzeugen Sie sich von unserer Kompetenz!","potentialAction":[{"@type":"SearchAction","target":{"@type":"EntryPoint","urlTemplate":"https:\/\/www.erfi.de\/en\/?s={search_term_string}"},"query-input":{"@type":"PropertyValueSpecification","valueRequired":true,"valueName":"search_term_string"}}],"inLanguage":"en-US"}]}},"_links":{"self":[{"href":"https:\/\/www.erfi.de\/en\/wp-json\/wp\/v2\/pages\/5055","targetHints":{"allow":["GET"]}}],"collection":[{"href":"https:\/\/www.erfi.de\/en\/wp-json\/wp\/v2\/pages"}],"about":[{"href":"https:\/\/www.erfi.de\/en\/wp-json\/wp\/v2\/types\/page"}],"author":[{"embeddable":true,"href":"https:\/\/www.erfi.de\/en\/wp-json\/wp\/v2\/users\/1"}],"replies":[{"embeddable":true,"href":"https:\/\/www.erfi.de\/en\/wp-json\/wp\/v2\/comments?post=5055"}],"version-history":[{"count":1,"href":"https:\/\/www.erfi.de\/en\/wp-json\/wp\/v2\/pages\/5055\/revisions"}],"predecessor-version":[{"id":8237,"href":"https:\/\/www.erfi.de\/en\/wp-json\/wp\/v2\/pages\/5055\/revisions\/8237"}],"wp:attachment":[{"href":"https:\/\/www.erfi.de\/en\/wp-json\/wp\/v2\/media?parent=5055"}],"curies":[{"name":"wp","href":"https:\/\/api.w.org\/{rel}","templated":true}]}}