{"id":298,"date":"2025-04-21T16:02:16","date_gmt":"2025-04-21T14:02:16","guid":{"rendered":"http:\/\/localhost\/erfi.loc\/?page_id=298"},"modified":"2025-12-04T08:28:55","modified_gmt":"2025-12-04T07:28:55","slug":"impressum","status":"publish","type":"page","link":"https:\/\/www.erfi.de\/en\/impressum\/","title":{"rendered":"Impressum"},"content":{"rendered":"\n\n\t<section id=\"hero-title-text-block_f5c8d79c5b25b4e8987801d52dbd9515\" class=\"hero-title-text\" data-uniqid=\"69e62acea7a74\">\n\t\t<div class=\"container\">\n\t\t\t<div class=\"hero-title-text__wrap padding-hor\">\n\t\t\t\t<div class=\"hero-title-text__content \">\n\t\t\t\t\t<div class=\"page-breadcrumbs\"><span><span><a href=\"https:\/\/www.erfi.de\/en\/\"><svg width=\"16\" height=\"17\" viewBox=\"0 0 16 17\" fill=\"none\" xmlns=\"http:\/\/www.w3.org\/2000\/svg\">\n            <path d=\"M6.71318 2.38L2.09318 6.08C1.57318 6.49333 1.23985 7.36666 1.35318 8.02L2.23985 13.3267C2.39985 14.2733 3.30652 15.04 4.26652 15.04H11.7332C12.6865 15.04 13.5999 14.2667 13.7599 13.3267L14.6465 8.02C14.7532 7.36666 14.4199 6.49333 13.9065 6.08L9.28652 2.38666C8.57318 1.81333 7.41985 1.81333 6.71318 2.38Z\" fill=\"#95C11F\" stroke=\"#95C11F\" stroke-width=\"1.5\" stroke-linecap=\"round\" stroke-linejoin=\"round\"\/>\n            <path d=\"M8 12.5V10.5\" stroke=\"white\" stroke-width=\"1.5\" stroke-linecap=\"round\" stroke-linejoin=\"round\"\/>\n        <\/svg>Home<\/a><\/span><\/span><\/div>\t\t\t\t\t\t\t\t\t\t\t<div class=\"hero-title-text__left\">\n\t\t\t\t\t\t\t\t\t\t\t\t\t\t\t<div class=\"headline_default headline_h1\">\n\t\t\t\t\t\t\t\t\t<h1>Impressum<\/h1>\n\t\t\t\t\t\t\t\t<\/div>\n\t\t\t\t\t\t\t\t\t\t\t\t\t\t\t\t\t\t\t\t<\/div>\n\t\t\t\t\t\t\t\t\t\t\t\t\t\t<\/div>\n\t\t\t<\/div>\n\t\t<\/div>\n\t<\/section>\n\n\n\n\n\n\t<section id=\"info-pages-block_72a856af7cb75ec6d660bc94cf0686be\" class=\"info-pages margin-bottom\" data-uniqid=\"69e62acea9fbf\">\n\t\t<div class=\"container\">\n\t\t\t<div class=\"sidebar-vs-content padding-hor\">\n\t\t\t\t<div class=\"sidebar-vs-content__sidebar sidebar-vs-content__sidebar_js radius-16 bg-white\">\n\t\t\t\t\t<div class=\"sidebar-vs-content__sidebar-title sidebar-vs-content__sidebar-title_js\">\n\t\t\t\t\t\t<span>Impressum<\/span>\n\t\t\t\t\t\t<svg width=\"16\" height=\"17\" viewBox=\"0 0 16 17\" fill=\"none\" xmlns=\"http:\/\/www.w3.org\/2000\/svg\">\n<path d=\"M13.2802 6.46667L8.93355 10.8133C8.42021 11.3267 7.58021 11.3267 7.06688 10.8133L2.72021 6.46667\" stroke=\"#272B27\" stroke-miterlimit=\"10\" stroke-linecap=\"round\" stroke-linejoin=\"round\"\/>\n<\/svg>\n\t\t\t\t\t<\/div>\n\t\t\t\t\t<div class=\"sidebar-vs-content__sidebar-menu\">\n\t\t\t\t\t\t<div id=\"anchors-links\"><\/div>\n\t\t\t\t\t<\/div>\n\t\t\t\t<\/div>\n\t\t\t\t<div class=\"sidebar-vs-content__content sidebar-vs-content__content_anchor sidebar-vs-content__content_pl\">\n\t\t\t\t\t\t\t\t\t\t\t<div class=\"text_default\">\n\t\t\t\t\t\t\t<p><strong>Angaben gem\u00e4\u00df \u00a7 5 DDG ( Digitale Dienste Gesetz):<\/strong><\/p>\n<p>erfi Ernst Fischer GmbH + Co. KG<br \/>\nAlte Poststra\u00dfe 8<br \/>\n72250 Freudenstadt<\/p>\n<h4>Vertreten durch:<\/h4>\n<p>Ernst Fischer Verwaltungs GmbH,<br \/>\nvertreten durch Hrn. Andreas Fischer<\/p>\n<h4>Kontakt:<\/h4>\n<div class=\"info-pages__contacts\">\n<div class=\"info-pages__contact\"><img decoding=\"async\" class=\"alignnone size-full wp-image-432\" src=\"https:\/\/www.erfi.de\/wp-content\/uploads\/2025\/04\/call.svg\" alt=\"call\" \/> Telefon: <strong><a href=\"tel:49744191440\">+49 7441 9144-0<\/a><br \/>\n<\/strong><\/div>\n<div class=\"info-pages__contact\"><img decoding=\"async\" class=\"alignnone size-full wp-image-435\" src=\"https:\/\/www.erfi.de\/wp-content\/uploads\/2025\/04\/printer.svg\" alt=\"printer\" \/> Telefax: <strong><a href=\"fax:4974419144477\">+49 7441 9144-477<\/a><br \/>\n<\/strong><\/div>\n<div class=\"info-pages__contact\"><img decoding=\"async\" class=\"alignnone size-full wp-image-434\" src=\"https:\/\/www.erfi.de\/wp-content\/uploads\/2025\/04\/sms.svg\" alt=\"sms\" \/> E-Mail:<strong><a href=\"mailto:erfi@erfi.de\"> erfi@erfi.de<\/a><br \/>\n<\/strong><\/div>\n<\/div>\n<h4>Registereintrag:<\/h4>\n<p>Eintragung im Handelsregister.<br \/>\nRegistergericht: Amtsgericht Stuttgart<br \/>\nRegisternummer: HRA 430514<\/p>\n<h4>Umsatzsteuer:<\/h4>\n<p>Umsatzsteuer-Identifikationsnummer gem\u00e4\u00df \u00a727 a Umsatzsteuergesetz:<br \/>\nDE144252458<\/p>\n<h4>Verantwortlich f\u00fcr den Inhalt nach \u00a7 18 Abs. 2 MStV:<\/h4>\n<p>Andreas Fischer<br \/>\nAlte Poststr. 8<br \/>\nD-72250 Freudenstadt<\/p>\n<h4>Streitschlichtung<\/h4>\n<p>Die Europ\u00e4ische Kommission stellt eine Plattform zur Online-Streitbeilegung (OS) bereit:\u00a0<a href=\"https:\/\/ec.europa.eu\/consumers\/odr\" target=\"_blank\" rel=\"noopener nofollow\">https:\/\/ec.europa.eu\/consumers\/odr<\/a>.<br \/>\nUnsere E-Mail-Adresse finden Sie oben im Impressum.<br \/>\nWir sind nicht bereit oder verpflichtet, an Streitbeilegungsverfahren vor einer Verbraucherschlichtungsstelle teilzunehmen.<\/p>\n<p><strong>Haftung f\u00fcr Inhalte<\/strong><\/p>\n<p>Nach \u00a7\u00a7 8 bis 10 DDG sind wir als Diensteanbieter jedoch nicht verpflichtet, \u00fcbermittelte oder gespeicherte fremde Informationen zu \u00fcberwachen oder nach Umst\u00e4nden zu forschen, die auf eine rechtswidrige T\u00e4tigkeit hinweisen.<\/p>\n<p>Verpflichtungen zur Entfernung oder Sperrung der Nutzung von Informationen nach den allgemeinen Gesetzen bleiben hiervon unber\u00fchrt. Eine diesbez\u00fcgliche Haftung ist jedoch erst ab dem Zeitpunkt der Kenntnis einer konkreten Rechtsverletzung m\u00f6glich. Bei Bekanntwerden von entsprechenden Rechtsverletzungen werden wir diese Inhalte umgehend entfernen.<\/p>\n<p><strong>Haftung f\u00fcr Links<\/strong><\/p>\n<p>Unser Angebot enth\u00e4lt Links zu externen Websites Dritter, auf deren Inhalte wir keinen Einfluss haben. Deshalb k\u00f6nnen wir f\u00fcr diese fremden Inhalte auch keine Gew\u00e4hr \u00fcbernehmen. F\u00fcr die Inhalte der verlinkten Seiten ist stets der jeweilige Anbieter oder Betreiber der Seiten verantwortlich. Die verlinkten Seiten wurden zum Zeitpunkt der Verlinkung auf m\u00f6gliche Rechtsverst\u00f6\u00dfe \u00fcberpr\u00fcft. Rechtswidrige Inhalte waren zum Zeitpunkt der Verlinkung nicht erkennbar.<\/p>\n<p>Eine permanente inhaltliche Kontrolle der verlinkten Seiten ist jedoch ohne konkrete Anhaltspunkte einer Rechtsverletzung nicht zumutbar. Bei Bekanntwerden von Rechtsverletzungen werden wir derartige Links umgehend entfernen.<\/p>\n<p>&nbsp;<\/p>\n<p><strong>Urheberrecht<\/strong><\/p>\n<p>Die durch die Seitenbetreiber erstellten Inhalte und Werke auf diesen Seiten unterliegen dem deutschen Urheberrecht. Die Vervielf\u00e4ltigung, Bearbeitung, Verbreitung und jede Art der Verwertung au\u00dferhalb der Grenzen des Urheberrechtes bed\u00fcrfen der schriftlichen Zustimmung des jeweiligen Autors bzw. Erstellers. Downloads und Kopien dieser Seite sind nur f\u00fcr den privaten, nicht kommerziellen Gebrauch gestattet.<\/p>\n<p>Soweit die Inhalte auf dieser Seite nicht vom Betreiber erstellt wurden, werden die Urheberrechte Dritter beachtet. Insbesondere werden Inhalte Dritter als solche gekennzeichnet. Sollten Sie trotzdem auf eine Urheberrechtsverletzung aufmerksam werden, bitten wir um einen entsprechenden Hinweis. Bei Bekanntwerden von Rechtsverletzungen werden wir derartige Inhalte umgehend entfernen.<\/p>\n<p>Bildnachweis<\/p>\n<p>60729745\u00a0\u00a0\u00a0\u00a0\u00a0\u00a0\u00a0\u00a0\u00a0\u00a0\u00a0 \u00a9 Phovoir \/ shutterstock.com<br \/>\n109012058\u00a0\u00a0 \u00a0\u00a0\u00a0\u00a0\u00a0\u00a0 \u00a9 IgorZh \/ shutterstock.com<br \/>\n60962179\u00a0\u00a0 \u00a0\u00a0\u00a0\u00a0\u00a0\u00a0\u00a0\u00a0 \u00a9 Phovoir \/ shutterstock.com<br \/>\n60962968\u00a0\u00a0 \u00a0\u00a0\u00a0 \u00a0\u00a0\u00a0\u00a0 \u00a9 Phovoir \/ shutterstock.com<br \/>\n314848460\u00a0\u00a0 \u00a0\u00a0\u00a0 \u00a0\u00a0 \u00a9 Monkey Business Images \/ shutterstock.com<br \/>\n472132963\u00a0\u00a0 \u00a0\u00a0\u00a0 \u00a0\u00a0 \u00a9 fizkes \/ shutterstock.com<br \/>\n60580456 \u00a0\u00a0 \u00a0\u00a0\u00a0 \u00a0\u00a0\u00a0 \u00a9 Phovoir \/ shutterstock.com<br \/>\n78397555\u00a0\u00a0 \u00a0\u00a0\u00a0 \u00a0\u00a0\u00a0\u00a0 \u00a9 Patrick Poendl \/ shutterstock.com<br \/>\n73102864 \u00a0\u00a0 \u00a0\u00a0\u00a0 \u00a0\u00a0\u00a0 \u00a9 Valentin Agapov \/ shutterstock.com<br \/>\n107722712\u00a0\u00a0 \u00a0\u00a0\u00a0 \u00a0\u00a0 \u00a9 Phovoir \/ shutterstock.com<\/p>\n<p>Konzeption, Gestaltung und Programmierung:<\/p>\n<p>Poosch Consulting GmbH<br \/>\nSpandauer Str. 40<br \/>\n57072 Siegen<br \/>\nE-Mail: mail@philpoosch.de<br \/>\nInternet:\u00a0<a href=\"https:\/\/poosch-consulting.de\/\" rel=\"nofollow noopener\">https:\/\/poosch-consulting.de\/<\/a><\/p>\n<p>&nbsp;<\/p>\n<p>&nbsp;<\/p>\n\t\t\t\t\t\t<\/div>\n\t\t\t\t\t\t\t\t\t<\/div>\n\t\t\t<\/div>\n\t\t<\/div>\n\t<\/section>\n\n","protected":false},"excerpt":{"rendered":"","protected":false},"author":1,"featured_media":0,"parent":0,"menu_order":80,"comment_status":"closed","ping_status":"closed","template":"","meta":{"_acf_changed":false,"_processed":"false","footnotes":""},"class_list":["post-298","page","type-page","status-publish","hentry"],"acf":[],"yoast_head":"<!-- This site is optimized with the Yoast SEO plugin v25.8 - https:\/\/yoast.com\/wordpress\/plugins\/seo\/ -->\n<title>Impressum - erfi<\/title>\n<meta name=\"robots\" content=\"index, follow, max-snippet:-1, max-image-preview:large, max-video-preview:-1\" \/>\n<link rel=\"canonical\" href=\"https:\/\/www.erfi.de\/en\/impressum\/\" \/>\n<meta property=\"og:locale\" content=\"en_US\" \/>\n<meta property=\"og:type\" content=\"article\" \/>\n<meta property=\"og:title\" content=\"Impressum - erfi\" \/>\n<meta property=\"og:url\" content=\"https:\/\/www.erfi.de\/en\/impressum\/\" \/>\n<meta property=\"og:site_name\" content=\"erfi\" \/>\n<meta property=\"article:modified_time\" content=\"2025-12-04T07:28:55+00:00\" \/>\n<meta property=\"og:image\" content=\"https:\/\/www.erfi.de\/wp-content\/uploads\/2025\/05\/og-image.png\" \/>\n\t<meta property=\"og:image:width\" content=\"1316\" \/>\n\t<meta property=\"og:image:height\" content=\"779\" \/>\n\t<meta property=\"og:image:type\" content=\"image\/png\" \/>\n<meta name=\"twitter:card\" content=\"summary_large_image\" \/>\n<script type=\"application\/ld+json\" class=\"yoast-schema-graph\">{\"@context\":\"https:\/\/schema.org\",\"@graph\":[{\"@type\":\"WebPage\",\"@id\":\"https:\/\/www.erfi.de\/en\/impressum\/\",\"url\":\"https:\/\/www.erfi.de\/en\/impressum\/\",\"name\":\"Impressum - erfi\",\"isPartOf\":{\"@id\":\"https:\/\/www.erfi.de\/en\/#website\"},\"datePublished\":\"2025-04-21T14:02:16+00:00\",\"dateModified\":\"2025-12-04T07:28:55+00:00\",\"breadcrumb\":{\"@id\":\"https:\/\/www.erfi.de\/en\/impressum\/#breadcrumb\"},\"inLanguage\":\"en-US\",\"potentialAction\":[{\"@type\":\"ReadAction\",\"target\":[\"https:\/\/www.erfi.de\/en\/impressum\/\"]}]},{\"@type\":\"BreadcrumbList\",\"@id\":\"https:\/\/www.erfi.de\/en\/impressum\/#breadcrumb\",\"itemListElement\":[{\"@type\":\"ListItem\",\"position\":1,\"name\":\"Home\",\"item\":\"https:\/\/www.erfi.de\/en\/\"},{\"@type\":\"ListItem\",\"position\":2,\"name\":\"Impressum\"}]},{\"@type\":\"WebSite\",\"@id\":\"https:\/\/www.erfi.de\/en\/#website\",\"url\":\"https:\/\/www.erfi.de\/en\/\",\"name\":\"Effiziente Komplettl\u00f6sungen f\u00fcr Ihr Labor \u00bb\",\"description\":\"Innovative Arbeitsplatzsysteme, Lehrsysteme, Mess- und Pr\u00fcfger\u00e4te f\u00fcr Labor, Industrie und B\u00fcro. \u00dcberzeugen Sie sich von unserer Kompetenz!\",\"alternateName\":\"Innovative Arbeitsplatzsysteme, Lehrsysteme, Mess- und Pr\u00fcfger\u00e4te f\u00fcr Labor, Industrie und B\u00fcro. \u00dcberzeugen Sie sich von unserer Kompetenz!\",\"potentialAction\":[{\"@type\":\"SearchAction\",\"target\":{\"@type\":\"EntryPoint\",\"urlTemplate\":\"https:\/\/www.erfi.de\/en\/?s={search_term_string}\"},\"query-input\":{\"@type\":\"PropertyValueSpecification\",\"valueRequired\":true,\"valueName\":\"search_term_string\"}}],\"inLanguage\":\"en-US\"}]}<\/script>\n<!-- \/ Yoast SEO plugin. -->","yoast_head_json":{"title":"Impressum - erfi","robots":{"index":"index","follow":"follow","max-snippet":"max-snippet:-1","max-image-preview":"max-image-preview:large","max-video-preview":"max-video-preview:-1"},"canonical":"https:\/\/www.erfi.de\/en\/impressum\/","og_locale":"en_US","og_type":"article","og_title":"Impressum - erfi","og_url":"https:\/\/www.erfi.de\/en\/impressum\/","og_site_name":"erfi","article_modified_time":"2025-12-04T07:28:55+00:00","og_image":[{"width":1316,"height":779,"url":"https:\/\/www.erfi.de\/wp-content\/uploads\/2025\/05\/og-image.png","type":"image\/png"}],"twitter_card":"summary_large_image","schema":{"@context":"https:\/\/schema.org","@graph":[{"@type":"WebPage","@id":"https:\/\/www.erfi.de\/en\/impressum\/","url":"https:\/\/www.erfi.de\/en\/impressum\/","name":"Impressum - erfi","isPartOf":{"@id":"https:\/\/www.erfi.de\/en\/#website"},"datePublished":"2025-04-21T14:02:16+00:00","dateModified":"2025-12-04T07:28:55+00:00","breadcrumb":{"@id":"https:\/\/www.erfi.de\/en\/impressum\/#breadcrumb"},"inLanguage":"en-US","potentialAction":[{"@type":"ReadAction","target":["https:\/\/www.erfi.de\/en\/impressum\/"]}]},{"@type":"BreadcrumbList","@id":"https:\/\/www.erfi.de\/en\/impressum\/#breadcrumb","itemListElement":[{"@type":"ListItem","position":1,"name":"Home","item":"https:\/\/www.erfi.de\/en\/"},{"@type":"ListItem","position":2,"name":"Impressum"}]},{"@type":"WebSite","@id":"https:\/\/www.erfi.de\/en\/#website","url":"https:\/\/www.erfi.de\/en\/","name":"Effiziente Komplettl\u00f6sungen f\u00fcr Ihr Labor \u00bb","description":"Innovative Arbeitsplatzsysteme, Lehrsysteme, Mess- und Pr\u00fcfger\u00e4te f\u00fcr Labor, Industrie und B\u00fcro. \u00dcberzeugen Sie sich von unserer Kompetenz!","alternateName":"Innovative Arbeitsplatzsysteme, Lehrsysteme, Mess- und Pr\u00fcfger\u00e4te f\u00fcr Labor, Industrie und B\u00fcro. \u00dcberzeugen Sie sich von unserer Kompetenz!","potentialAction":[{"@type":"SearchAction","target":{"@type":"EntryPoint","urlTemplate":"https:\/\/www.erfi.de\/en\/?s={search_term_string}"},"query-input":{"@type":"PropertyValueSpecification","valueRequired":true,"valueName":"search_term_string"}}],"inLanguage":"en-US"}]}},"_links":{"self":[{"href":"https:\/\/www.erfi.de\/en\/wp-json\/wp\/v2\/pages\/298","targetHints":{"allow":["GET"]}}],"collection":[{"href":"https:\/\/www.erfi.de\/en\/wp-json\/wp\/v2\/pages"}],"about":[{"href":"https:\/\/www.erfi.de\/en\/wp-json\/wp\/v2\/types\/page"}],"author":[{"embeddable":true,"href":"https:\/\/www.erfi.de\/en\/wp-json\/wp\/v2\/users\/1"}],"replies":[{"embeddable":true,"href":"https:\/\/www.erfi.de\/en\/wp-json\/wp\/v2\/comments?post=298"}],"version-history":[{"count":17,"href":"https:\/\/www.erfi.de\/en\/wp-json\/wp\/v2\/pages\/298\/revisions"}],"predecessor-version":[{"id":9008,"href":"https:\/\/www.erfi.de\/en\/wp-json\/wp\/v2\/pages\/298\/revisions\/9008"}],"wp:attachment":[{"href":"https:\/\/www.erfi.de\/en\/wp-json\/wp\/v2\/media?parent=298"}],"curies":[{"name":"wp","href":"https:\/\/api.w.org\/{rel}","templated":true}]}}